{"id":87,"date":"2026-02-01T18:24:52","date_gmt":"2026-02-01T18:24:52","guid":{"rendered":"http:\/\/www.powermixxx.com.tr\/?page_id=87"},"modified":"2026-02-19T13:21:11","modified_gmt":"2026-02-19T13:21:11","slug":"isi-yalitimi","status":"publish","type":"page","link":"https:\/\/www.powermixxx.com.tr\/?page_id=87","title":{"rendered":"Is\u0131 Yal\u0131t\u0131m\u0131"},"content":{"rendered":"\n<div class=\"wp-block-columns is-layout-flex wp-container-core-columns-is-layout-28f84493 wp-block-columns-is-layout-flex\">\n<div class=\"wp-block-column is-layout-flow wp-block-column-is-layout-flow\">\n<figure class=\"wp-block-image aligncenter size-large is-resized\"><a href=\"https:\/\/www.powermixxx.com.tr\/?page_id=308\"><img loading=\"lazy\" decoding=\"async\" width=\"764\" height=\"1024\" src=\"https:\/\/www.powermixxx.com.tr\/wp-content\/uploads\/2026\/02\/levha-764x1024.png\" alt=\"\" class=\"wp-image-543\" style=\"width:312px;height:auto\" srcset=\"https:\/\/www.powermixxx.com.tr\/wp-content\/uploads\/2026\/02\/levha-764x1024.png 764w, https:\/\/www.powermixxx.com.tr\/wp-content\/uploads\/2026\/02\/levha-224x300.png 224w, https:\/\/www.powermixxx.com.tr\/wp-content\/uploads\/2026\/02\/levha-768x1030.png 768w, https:\/\/www.powermixxx.com.tr\/wp-content\/uploads\/2026\/02\/levha.png 1044w\" sizes=\"auto, (max-width: 764px) 100vw, 764px\" \/><\/a><\/figure>\n\n\n\n<h2 class=\"wp-block-heading has-text-align-center\">Is\u0131 Yal\u0131t\u0131m Levha Yap\u0131\u015ft\u0131rma Harc\u0131<\/h2>\n\n\n\n<p class=\"has-text-align-center\">\u00c7imento esasl\u0131, yal\u0131t\u0131m levhas\u0131 yap\u0131\u015ft\u0131rma harc\u0131d\u0131r.<\/p>\n<\/div>\n\n\n\n<div class=\"wp-block-column animated fadeInUp is-layout-flow wp-block-column-is-layout-flow\">\n<figure class=\"wp-block-image aligncenter size-large is-resized\" style=\"margin-top:0;margin-right:var(--wp--preset--spacing--50);margin-bottom:0;margin-left:var(--wp--preset--spacing--50)\"><a href=\"https:\/\/www.powermixxx.com.tr\/?page_id=552\"><img loading=\"lazy\" decoding=\"async\" width=\"764\" height=\"1024\" src=\"https:\/\/www.powermixxx.com.tr\/wp-content\/uploads\/2026\/02\/duaaaa-1-764x1024.jpg\" alt=\"\" class=\"wp-image-697\" style=\"aspect-ratio:0.7462428744169978;width:312px;height:auto\" srcset=\"https:\/\/www.powermixxx.com.tr\/wp-content\/uploads\/2026\/02\/duaaaa-1-764x1024.jpg 764w, https:\/\/www.powermixxx.com.tr\/wp-content\/uploads\/2026\/02\/duaaaa-1-224x300.jpg 224w, https:\/\/www.powermixxx.com.tr\/wp-content\/uploads\/2026\/02\/duaaaa-1-768x1030.jpg 768w, https:\/\/www.powermixxx.com.tr\/wp-content\/uploads\/2026\/02\/duaaaa-1.jpg 1044w\" sizes=\"auto, (max-width: 764px) 100vw, 764px\" \/><\/a><\/figure>\n\n\n\n<h2 class=\"wp-block-heading has-text-align-center\">Is\u0131 Yal\u0131t\u0131m Levha Yap\u0131\u015ft\u0131rma Harc\u0131 Duayen<\/h2>\n\n\n\n<p class=\"has-text-align-center\">\u00c7imento esasl\u0131, yal\u0131t\u0131m levhas\u0131 yap\u0131\u015ft\u0131rma harc\u0131d\u0131r.<\/p>\n<\/div>\n<\/div>\n\n\n\n<div class=\"wp-block-columns is-layout-flex wp-container-core-columns-is-layout-28f84493 wp-block-columns-is-layout-flex\">\n<div class=\"wp-block-column is-layout-flow wp-block-column-is-layout-flow\">\n<figure class=\"wp-block-image aligncenter size-large is-resized\"><a href=\"http:\/\/www.powermixxx.com.tr\/?page_id=302\"><img loading=\"lazy\" decoding=\"async\" width=\"764\" height=\"1024\" src=\"http:\/\/www.powermixxx.com.tr\/wp-content\/uploads\/2026\/02\/levha1-1-764x1024.png\" alt=\"\" class=\"wp-image-290\" style=\"width:312px;height:auto\" srcset=\"https:\/\/www.powermixxx.com.tr\/wp-content\/uploads\/2026\/02\/levha1-1-764x1024.png 764w, https:\/\/www.powermixxx.com.tr\/wp-content\/uploads\/2026\/02\/levha1-1-224x300.png 224w, https:\/\/www.powermixxx.com.tr\/wp-content\/uploads\/2026\/02\/levha1-1-768x1029.png 768w, https:\/\/www.powermixxx.com.tr\/wp-content\/uploads\/2026\/02\/levha1-1.png 924w\" sizes=\"auto, (max-width: 764px) 100vw, 764px\" \/><\/a><\/figure>\n\n\n\n<h2 class=\"wp-block-heading has-text-align-center\">Is\u0131 Yal\u0131t\u0131m Levha S\u0131va Harc\u0131<\/h2>\n\n\n\n<p class=\"has-text-align-center\">\u00c7imento esasl\u0131, polimer katk\u0131l\u0131 \u0131s\u0131 yal\u0131t\u0131m levhas\u0131 s\u0131va harc\u0131d\u0131r.<\/p>\n<\/div>\n\n\n\n<div class=\"wp-block-column animated fadeInUp is-layout-flow wp-block-column-is-layout-flow\">\n<figure class=\"wp-block-image aligncenter size-large is-resized\" style=\"margin-top:0;margin-right:var(--wp--preset--spacing--50);margin-bottom:0;margin-left:var(--wp--preset--spacing--50)\"><a href=\"https:\/\/www.powermixxx.com.tr\/?page_id=567\"><img loading=\"lazy\" decoding=\"async\" width=\"765\" height=\"1024\" src=\"https:\/\/www.powermixxx.com.tr\/wp-content\/uploads\/2026\/02\/ELYAFLI-1-765x1024.png\" alt=\"\" class=\"wp-image-564\" style=\"aspect-ratio:0.7462428744169978;width:312px;height:auto\" srcset=\"https:\/\/www.powermixxx.com.tr\/wp-content\/uploads\/2026\/02\/ELYAFLI-1-765x1024.png 765w, https:\/\/www.powermixxx.com.tr\/wp-content\/uploads\/2026\/02\/ELYAFLI-1-224x300.png 224w, https:\/\/www.powermixxx.com.tr\/wp-content\/uploads\/2026\/02\/ELYAFLI-1-768x1028.png 768w, https:\/\/www.powermixxx.com.tr\/wp-content\/uploads\/2026\/02\/ELYAFLI-1-1148x1536.png 1148w, https:\/\/www.powermixxx.com.tr\/wp-content\/uploads\/2026\/02\/ELYAFLI-1.png 1164w\" sizes=\"auto, (max-width: 765px) 100vw, 765px\" \/><\/a><\/figure>\n\n\n\n<h2 class=\"wp-block-heading has-text-align-center\">Elyafl\u0131 Is\u0131 Yal\u0131t\u0131m S\u0131vas\u0131<\/h2>\n\n\n\n<p class=\"has-text-align-center\">\u00c7imento esasl\u0131, yal\u0131t\u0131m levhas\u0131 s\u0131va harc\u0131d\u0131r.<\/p>\n<\/div>\n<\/div>\n\n\n\n<div class=\"wp-block-columns is-layout-flex wp-container-core-columns-is-layout-28f84493 wp-block-columns-is-layout-flex\">\n<div class=\"wp-block-column animated fadeInUp is-layout-flow wp-block-column-is-layout-flow\">\n<figure class=\"wp-block-image aligncenter size-large is-resized\" style=\"margin-top:0;margin-right:var(--wp--preset--spacing--50);margin-bottom:0;margin-left:var(--wp--preset--spacing--50)\"><a href=\"https:\/\/www.powermixxx.com.tr\/?page_id=453\"><img loading=\"lazy\" decoding=\"async\" width=\"765\" height=\"1024\" src=\"https:\/\/www.powermixxx.com.tr\/wp-content\/uploads\/2026\/02\/ince-765x1024.png\" alt=\"\" class=\"wp-image-446\" style=\"aspect-ratio:0.7462428744169978;width:312px;height:auto\" srcset=\"https:\/\/www.powermixxx.com.tr\/wp-content\/uploads\/2026\/02\/ince-765x1024.png 765w, https:\/\/www.powermixxx.com.tr\/wp-content\/uploads\/2026\/02\/ince-224x300.png 224w, https:\/\/www.powermixxx.com.tr\/wp-content\/uploads\/2026\/02\/ince-768x1029.png 768w, https:\/\/www.powermixxx.com.tr\/wp-content\/uploads\/2026\/02\/ince-1147x1536.png 1147w, https:\/\/www.powermixxx.com.tr\/wp-content\/uploads\/2026\/02\/ince.png 1238w\" sizes=\"auto, (max-width: 765px) 100vw, 765px\" \/><\/a><\/figure>\n\n\n\n<h2 class=\"wp-block-heading has-text-align-center\">\u0130nce Mineral S\u0131va<\/h2>\n\n\n\n<p class=\"has-text-align-center\">Binalar\u0131n d\u0131\u015f duvar ve \u0131s\u0131 yal\u0131t\u0131m sistem s\u0131vas\u0131n\u0131n \u00fczerinde kaplama malzemesi olarak uygulanan, beyaz \u00e7imento esasl\u0131, polimer katk\u0131lar i\u00e7eren, su itici \u00f6zelli\u011fine sahip, beyaz renkte 1,2 mm tane kal\u0131nl\u0131\u011f\u0131nda son kat dekoratif kaplama malzemesidir.<\/p>\n<\/div>\n\n\n\n<div class=\"wp-block-column animated fadeInUp is-layout-flow wp-block-column-is-layout-flow\">\n<figure class=\"wp-block-image aligncenter size-large is-resized\"><a href=\"http:\/\/www.powermixxx.com.tr\/?page_id=316\"><img loading=\"lazy\" decoding=\"async\" width=\"694\" height=\"1024\" src=\"http:\/\/www.powermixxx.com.tr\/wp-content\/uploads\/2026\/02\/dis-694x1024.png\" alt=\"\" class=\"wp-image-313\" style=\"width:312px;height:auto\" srcset=\"https:\/\/www.powermixxx.com.tr\/wp-content\/uploads\/2026\/02\/dis-694x1024.png 694w, https:\/\/www.powermixxx.com.tr\/wp-content\/uploads\/2026\/02\/dis-203x300.png 203w, https:\/\/www.powermixxx.com.tr\/wp-content\/uploads\/2026\/02\/dis-768x1133.png 768w, https:\/\/www.powermixxx.com.tr\/wp-content\/uploads\/2026\/02\/dis.png 1015w\" sizes=\"auto, (max-width: 694px) 100vw, 694px\" \/><\/a><\/figure>\n\n\n\n<h2 class=\"wp-block-heading has-text-align-center\">Dekoratif D\u0131\u015f Cephe Kaplama Harc\u0131<\/h2>\n\n\n\n<p class=\"has-text-align-center\">Binalar\u0131n d\u0131\u015f duvar ve \u0131s\u0131 yal\u0131t\u0131m sistem s\u0131vas\u0131n\u0131n \u00fczerinde kaplama malzemesi olarak uygulanan, beyaz \u00e7imento esasl\u0131, polimer katk\u0131lar i\u00e7eren, su itici \u00f6zelli\u011fine sahip, beyaz renkte 2 mm tane kal\u0131nl\u0131\u011f\u0131nda son kat dekoratif kaplama malzemesidir.<\/p>\n\n\n\n<p class=\"has-text-align-center\"><\/p>\n<\/div>\n<\/div>\n\n\n\n<p><br><\/p>\n\n\n\n<div class=\"wp-block-columns is-layout-flex wp-container-core-columns-is-layout-28f84493 wp-block-columns-is-layout-flex\">\n<div class=\"wp-block-column animated fadeInUp is-layout-flow wp-block-column-is-layout-flow\">\n<figure class=\"wp-block-image aligncenter size-large is-resized\"><a href=\"https:\/\/www.powermixxx.com.tr\/?page_id=448\"><img loading=\"lazy\" decoding=\"async\" width=\"765\" height=\"1024\" src=\"https:\/\/www.powermixxx.com.tr\/wp-content\/uploads\/2026\/02\/ciz-1-765x1024.png\" alt=\"\" class=\"wp-image-580\" style=\"width:312px;height:auto\" srcset=\"https:\/\/www.powermixxx.com.tr\/wp-content\/uploads\/2026\/02\/ciz-1-765x1024.png 765w, https:\/\/www.powermixxx.com.tr\/wp-content\/uploads\/2026\/02\/ciz-1-224x300.png 224w, https:\/\/www.powermixxx.com.tr\/wp-content\/uploads\/2026\/02\/ciz-1-768x1028.png 768w, https:\/\/www.powermixxx.com.tr\/wp-content\/uploads\/2026\/02\/ciz-1-1148x1536.png 1148w, https:\/\/www.powermixxx.com.tr\/wp-content\/uploads\/2026\/02\/ciz-1.png 1185w\" sizes=\"auto, (max-width: 765px) 100vw, 765px\" \/><\/a><\/figure>\n\n\n\n<h2 class=\"wp-block-heading has-text-align-center\">\u00c7izgi Dokulu Mineral S\u0131va <\/h2>\n\n\n\n<p class=\"has-text-align-center\">\u00c7imento esasl\u0131, yo\u011fun \u00e7izgi desenli dekoratif cephe kaplama malzemesidir.<\/p>\n\n\n\n<p class=\"has-text-align-center\"><\/p>\n<\/div>\n\n\n\n<div class=\"wp-block-column animated fadeInUp is-layout-flow wp-block-column-is-layout-flow\">\n<figure class=\"wp-block-image aligncenter size-large is-resized\" style=\"margin-top:0;margin-right:var(--wp--preset--spacing--50);margin-bottom:0;margin-left:var(--wp--preset--spacing--50)\"><a href=\"https:\/\/www.powermixxx.com.tr\/?page_id=417\"><img loading=\"lazy\" decoding=\"async\" width=\"675\" height=\"1024\" src=\"https:\/\/www.powermixxx.com.tr\/wp-content\/uploads\/2026\/02\/fix-675x1024.png\" alt=\"\" class=\"wp-image-586\" style=\"aspect-ratio:0.7462428744169978;width:312px;height:auto\" srcset=\"https:\/\/www.powermixxx.com.tr\/wp-content\/uploads\/2026\/02\/fix-675x1024.png 675w, https:\/\/www.powermixxx.com.tr\/wp-content\/uploads\/2026\/02\/fix-198x300.png 198w, https:\/\/www.powermixxx.com.tr\/wp-content\/uploads\/2026\/02\/fix-768x1166.png 768w, https:\/\/www.powermixxx.com.tr\/wp-content\/uploads\/2026\/02\/fix.png 1010w\" sizes=\"auto, (max-width: 675px) 100vw, 675px\" \/><\/a><\/figure>\n\n\n\n<h2 class=\"wp-block-heading has-text-align-center\">Is\u0131 Yal\u0131t\u0131m S\u0131vas\u0131<\/h2>\n\n\n\n<p class=\"has-text-align-center\">S\u0131va s\u0131n\u0131f\u0131nda olup \u00e7imento esasl\u0131 d\u0131\u015f cephe ilk kat yal\u0131t\u0131m \u00fcr\u00fcn\u00fcd\u00fcr. \u0130ste\u011fe ba\u011fl\u0131 olarak i\u00e7 cephelerde kullan\u0131labilir. Yap\u0131s\u0131nda bulunan, g\u00f6zenekli do\u011fal agregalar sayesinde, uyguland\u0131\u011f\u0131 y\u00fczeyde nefes alma \u00f6zelli\u011fi sa\u011flar ve terlemeyi \u00f6nler. Ayr\u0131ca \u0131s\u0131, ses ve yang\u0131n yal\u0131t\u0131m\u0131 sa\u011flar. <\/p>\n<\/div>\n<\/div>\n","protected":false},"excerpt":{"rendered":"<p>Is\u0131 Yal\u0131t\u0131m Levha Yap\u0131\u015ft\u0131rma Harc\u0131 \u00c7imento esasl\u0131, yal\u0131t\u0131m levhas\u0131 yap\u0131\u015ft\u0131rma harc\u0131d\u0131r. Is\u0131 Yal\u0131t\u0131m Levha Yap\u0131\u015ft\u0131rma Harc\u0131 Duayen \u00c7imento esasl\u0131, yal\u0131t\u0131m [&hellip;]<\/p>\n","protected":false},"author":1,"featured_media":0,"parent":0,"menu_order":0,"comment_status":"closed","ping_status":"closed","template":"","meta":{"site-sidebar-layout":"default","site-content-layout":"","ast-site-content-layout":"default","site-content-style":"default","site-sidebar-style":"default","ast-global-header-display":"","ast-banner-title-visibility":"","ast-main-header-display":"","ast-hfb-above-header-display":"","ast-hfb-below-header-display":"","ast-hfb-mobile-header-display":"","site-post-title":"","ast-breadcrumbs-content":"","ast-featured-img":"","footer-sml-layout":"","ast-disable-related-posts":"","theme-transparent-header-meta":"","adv-header-id-meta":"","stick-header-meta":"","header-above-stick-meta":"","header-main-stick-meta":"","header-below-stick-meta":"","astra-migrate-meta-layouts":"default","ast-page-background-enabled":"default","ast-page-background-meta":{"desktop":{"background-color":"var(--ast-global-color-5)","background-image":"","background-repeat":"repeat","background-position":"center center","background-size":"auto","background-attachment":"scroll","background-type":"","background-media":"","overlay-type":"","overlay-color":"","overlay-opacity":"","overlay-gradient":""},"tablet":{"background-color":"","background-image":"","background-repeat":"repeat","background-position":"center center","background-size":"auto","background-attachment":"scroll","background-type":"","background-media":"","overlay-type":"","overlay-color":"","overlay-opacity":"","overlay-gradient":""},"mobile":{"background-color":"","background-image":"","background-repeat":"repeat","background-position":"center center","background-size":"auto","background-attachment":"scroll","background-type":"","background-media":"","overlay-type":"","overlay-color":"","overlay-opacity":"","overlay-gradient":""}},"ast-content-background-meta":{"desktop":{"background-color":"var(--ast-global-color-4)","background-image":"","background-repeat":"repeat","background-position":"center center","background-size":"auto","background-attachment":"scroll","background-type":"","background-media":"","overlay-type":"","overlay-color":"","overlay-opacity":"","overlay-gradient":""},"tablet":{"background-color":"var(--ast-global-color-4)","background-image":"","background-repeat":"repeat","background-position":"center center","background-size":"auto","background-attachment":"scroll","background-type":"","background-media":"","overlay-type":"","overlay-color":"","overlay-opacity":"","overlay-gradient":""},"mobile":{"background-color":"var(--ast-global-color-4)","background-image":"","background-repeat":"repeat","background-position":"center center","background-size":"auto","background-attachment":"scroll","background-type":"","background-media":"","overlay-type":"","overlay-color":"","overlay-opacity":"","overlay-gradient":""}},"footnotes":""},"class_list":["post-87","page","type-page","status-publish","hentry"],"yoast_head":"<!-- This site is optimized with the Yoast SEO plugin v27.5 - https:\/\/yoast.com\/product\/yoast-seo-wordpress\/ -->\n<title>Is\u0131 Yal\u0131t\u0131m\u0131 - POWERMIXXX<\/title>\n<meta name=\"robots\" content=\"index, follow, max-snippet:-1, max-image-preview:large, max-video-preview:-1\" \/>\n<link rel=\"canonical\" href=\"https:\/\/www.powermixxx.com.tr\/?page_id=87\" \/>\n<meta property=\"og:locale\" content=\"tr_TR\" \/>\n<meta property=\"og:type\" content=\"article\" \/>\n<meta property=\"og:title\" content=\"Is\u0131 Yal\u0131t\u0131m\u0131 - POWERMIXXX\" \/>\n<meta property=\"og:description\" content=\"Is\u0131 Yal\u0131t\u0131m Levha Yap\u0131\u015ft\u0131rma Harc\u0131 \u00c7imento esasl\u0131, yal\u0131t\u0131m levhas\u0131 yap\u0131\u015ft\u0131rma harc\u0131d\u0131r. Is\u0131 Yal\u0131t\u0131m Levha Yap\u0131\u015ft\u0131rma Harc\u0131 Duayen \u00c7imento esasl\u0131, yal\u0131t\u0131m [&hellip;]\" \/>\n<meta property=\"og:url\" content=\"https:\/\/www.powermixxx.com.tr\/?page_id=87\" \/>\n<meta property=\"og:site_name\" content=\"POWERMIXXX\" \/>\n<meta property=\"article:modified_time\" content=\"2026-02-19T13:21:11+00:00\" \/>\n<meta property=\"og:image\" content=\"https:\/\/www.powermixxx.com.tr\/wp-content\/uploads\/2026\/02\/levha.png\" \/>\n\t<meta property=\"og:image:width\" content=\"1044\" \/>\n\t<meta property=\"og:image:height\" content=\"1400\" \/>\n\t<meta property=\"og:image:type\" content=\"image\/png\" \/>\n<meta name=\"twitter:card\" content=\"summary_large_image\" \/>\n<meta name=\"twitter:label1\" content=\"Tahmini okuma s\u00fcresi\" \/>\n\t<meta name=\"twitter:data1\" content=\"3 dakika\" \/>\n<script type=\"application\/ld+json\" class=\"yoast-schema-graph\">{\"@context\":\"https:\\\/\\\/schema.org\",\"@graph\":[{\"@type\":\"WebPage\",\"@id\":\"https:\\\/\\\/www.powermixxx.com.tr\\\/?page_id=87\",\"url\":\"https:\\\/\\\/www.powermixxx.com.tr\\\/?page_id=87\",\"name\":\"Is\u0131 Yal\u0131t\u0131m\u0131 - POWERMIXXX\",\"isPartOf\":{\"@id\":\"https:\\\/\\\/www.powermixxx.com.tr\\\/#website\"},\"primaryImageOfPage\":{\"@id\":\"https:\\\/\\\/www.powermixxx.com.tr\\\/?page_id=87#primaryimage\"},\"image\":{\"@id\":\"https:\\\/\\\/www.powermixxx.com.tr\\\/?page_id=87#primaryimage\"},\"thumbnailUrl\":\"https:\\\/\\\/www.powermixxx.com.tr\\\/wp-content\\\/uploads\\\/2026\\\/02\\\/levha-764x1024.png\",\"datePublished\":\"2026-02-01T18:24:52+00:00\",\"dateModified\":\"2026-02-19T13:21:11+00:00\",\"breadcrumb\":{\"@id\":\"https:\\\/\\\/www.powermixxx.com.tr\\\/?page_id=87#breadcrumb\"},\"inLanguage\":\"tr\",\"potentialAction\":[{\"@type\":\"ReadAction\",\"target\":[\"https:\\\/\\\/www.powermixxx.com.tr\\\/?page_id=87\"]}]},{\"@type\":\"ImageObject\",\"inLanguage\":\"tr\",\"@id\":\"https:\\\/\\\/www.powermixxx.com.tr\\\/?page_id=87#primaryimage\",\"url\":\"https:\\\/\\\/www.powermixxx.com.tr\\\/wp-content\\\/uploads\\\/2026\\\/02\\\/levha.png\",\"contentUrl\":\"https:\\\/\\\/www.powermixxx.com.tr\\\/wp-content\\\/uploads\\\/2026\\\/02\\\/levha.png\",\"width\":1044,\"height\":1400},{\"@type\":\"BreadcrumbList\",\"@id\":\"https:\\\/\\\/www.powermixxx.com.tr\\\/?page_id=87#breadcrumb\",\"itemListElement\":[{\"@type\":\"ListItem\",\"position\":1,\"name\":\"Anasayfa\",\"item\":\"https:\\\/\\\/www.powermixxx.com.tr\\\/\"},{\"@type\":\"ListItem\",\"position\":2,\"name\":\"Is\u0131 Yal\u0131t\u0131m\u0131\"}]},{\"@type\":\"WebSite\",\"@id\":\"https:\\\/\\\/www.powermixxx.com.tr\\\/#website\",\"url\":\"https:\\\/\\\/www.powermixxx.com.tr\\\/\",\"name\":\"POWERMIXXX\",\"description\":\"POWERMIXXX\",\"publisher\":{\"@id\":\"https:\\\/\\\/www.powermixxx.com.tr\\\/#organization\"},\"potentialAction\":[{\"@type\":\"SearchAction\",\"target\":{\"@type\":\"EntryPoint\",\"urlTemplate\":\"https:\\\/\\\/www.powermixxx.com.tr\\\/?s={search_term_string}\"},\"query-input\":{\"@type\":\"PropertyValueSpecification\",\"valueRequired\":true,\"valueName\":\"search_term_string\"}}],\"inLanguage\":\"tr\"},{\"@type\":\"Organization\",\"@id\":\"https:\\\/\\\/www.powermixxx.com.tr\\\/#organization\",\"name\":\"POWERMIXXX\",\"url\":\"https:\\\/\\\/www.powermixxx.com.tr\\\/\",\"logo\":{\"@type\":\"ImageObject\",\"inLanguage\":\"tr\",\"@id\":\"https:\\\/\\\/www.powermixxx.com.tr\\\/#\\\/schema\\\/logo\\\/image\\\/\",\"url\":\"https:\\\/\\\/www.powermixxx.com.tr\\\/wp-content\\\/uploads\\\/2026\\\/02\\\/cropped-powermix.png\",\"contentUrl\":\"https:\\\/\\\/www.powermixxx.com.tr\\\/wp-content\\\/uploads\\\/2026\\\/02\\\/cropped-powermix.png\",\"width\":1660,\"height\":285,\"caption\":\"POWERMIXXX\"},\"image\":{\"@id\":\"https:\\\/\\\/www.powermixxx.com.tr\\\/#\\\/schema\\\/logo\\\/image\\\/\"}}]}<\/script>\n<!-- \/ Yoast SEO plugin. -->","yoast_head_json":{"title":"Is\u0131 Yal\u0131t\u0131m\u0131 - POWERMIXXX","robots":{"index":"index","follow":"follow","max-snippet":"max-snippet:-1","max-image-preview":"max-image-preview:large","max-video-preview":"max-video-preview:-1"},"canonical":"https:\/\/www.powermixxx.com.tr\/?page_id=87","og_locale":"tr_TR","og_type":"article","og_title":"Is\u0131 Yal\u0131t\u0131m\u0131 - POWERMIXXX","og_description":"Is\u0131 Yal\u0131t\u0131m Levha Yap\u0131\u015ft\u0131rma Harc\u0131 \u00c7imento esasl\u0131, yal\u0131t\u0131m levhas\u0131 yap\u0131\u015ft\u0131rma harc\u0131d\u0131r. Is\u0131 Yal\u0131t\u0131m Levha Yap\u0131\u015ft\u0131rma Harc\u0131 Duayen \u00c7imento esasl\u0131, yal\u0131t\u0131m [&hellip;]","og_url":"https:\/\/www.powermixxx.com.tr\/?page_id=87","og_site_name":"POWERMIXXX","article_modified_time":"2026-02-19T13:21:11+00:00","og_image":[{"width":1044,"height":1400,"url":"https:\/\/www.powermixxx.com.tr\/wp-content\/uploads\/2026\/02\/levha.png","type":"image\/png"}],"twitter_card":"summary_large_image","twitter_misc":{"Tahmini okuma s\u00fcresi":"3 dakika"},"schema":{"@context":"https:\/\/schema.org","@graph":[{"@type":"WebPage","@id":"https:\/\/www.powermixxx.com.tr\/?page_id=87","url":"https:\/\/www.powermixxx.com.tr\/?page_id=87","name":"Is\u0131 Yal\u0131t\u0131m\u0131 - POWERMIXXX","isPartOf":{"@id":"https:\/\/www.powermixxx.com.tr\/#website"},"primaryImageOfPage":{"@id":"https:\/\/www.powermixxx.com.tr\/?page_id=87#primaryimage"},"image":{"@id":"https:\/\/www.powermixxx.com.tr\/?page_id=87#primaryimage"},"thumbnailUrl":"https:\/\/www.powermixxx.com.tr\/wp-content\/uploads\/2026\/02\/levha-764x1024.png","datePublished":"2026-02-01T18:24:52+00:00","dateModified":"2026-02-19T13:21:11+00:00","breadcrumb":{"@id":"https:\/\/www.powermixxx.com.tr\/?page_id=87#breadcrumb"},"inLanguage":"tr","potentialAction":[{"@type":"ReadAction","target":["https:\/\/www.powermixxx.com.tr\/?page_id=87"]}]},{"@type":"ImageObject","inLanguage":"tr","@id":"https:\/\/www.powermixxx.com.tr\/?page_id=87#primaryimage","url":"https:\/\/www.powermixxx.com.tr\/wp-content\/uploads\/2026\/02\/levha.png","contentUrl":"https:\/\/www.powermixxx.com.tr\/wp-content\/uploads\/2026\/02\/levha.png","width":1044,"height":1400},{"@type":"BreadcrumbList","@id":"https:\/\/www.powermixxx.com.tr\/?page_id=87#breadcrumb","itemListElement":[{"@type":"ListItem","position":1,"name":"Anasayfa","item":"https:\/\/www.powermixxx.com.tr\/"},{"@type":"ListItem","position":2,"name":"Is\u0131 Yal\u0131t\u0131m\u0131"}]},{"@type":"WebSite","@id":"https:\/\/www.powermixxx.com.tr\/#website","url":"https:\/\/www.powermixxx.com.tr\/","name":"POWERMIXXX","description":"POWERMIXXX","publisher":{"@id":"https:\/\/www.powermixxx.com.tr\/#organization"},"potentialAction":[{"@type":"SearchAction","target":{"@type":"EntryPoint","urlTemplate":"https:\/\/www.powermixxx.com.tr\/?s={search_term_string}"},"query-input":{"@type":"PropertyValueSpecification","valueRequired":true,"valueName":"search_term_string"}}],"inLanguage":"tr"},{"@type":"Organization","@id":"https:\/\/www.powermixxx.com.tr\/#organization","name":"POWERMIXXX","url":"https:\/\/www.powermixxx.com.tr\/","logo":{"@type":"ImageObject","inLanguage":"tr","@id":"https:\/\/www.powermixxx.com.tr\/#\/schema\/logo\/image\/","url":"https:\/\/www.powermixxx.com.tr\/wp-content\/uploads\/2026\/02\/cropped-powermix.png","contentUrl":"https:\/\/www.powermixxx.com.tr\/wp-content\/uploads\/2026\/02\/cropped-powermix.png","width":1660,"height":285,"caption":"POWERMIXXX"},"image":{"@id":"https:\/\/www.powermixxx.com.tr\/#\/schema\/logo\/image\/"}}]}},"_links":{"self":[{"href":"https:\/\/www.powermixxx.com.tr\/index.php?rest_route=\/wp\/v2\/pages\/87","targetHints":{"allow":["GET"]}}],"collection":[{"href":"https:\/\/www.powermixxx.com.tr\/index.php?rest_route=\/wp\/v2\/pages"}],"about":[{"href":"https:\/\/www.powermixxx.com.tr\/index.php?rest_route=\/wp\/v2\/types\/page"}],"author":[{"embeddable":true,"href":"https:\/\/www.powermixxx.com.tr\/index.php?rest_route=\/wp\/v2\/users\/1"}],"replies":[{"embeddable":true,"href":"https:\/\/www.powermixxx.com.tr\/index.php?rest_route=%2Fwp%2Fv2%2Fcomments&post=87"}],"version-history":[{"count":30,"href":"https:\/\/www.powermixxx.com.tr\/index.php?rest_route=\/wp\/v2\/pages\/87\/revisions"}],"predecessor-version":[{"id":698,"href":"https:\/\/www.powermixxx.com.tr\/index.php?rest_route=\/wp\/v2\/pages\/87\/revisions\/698"}],"wp:attachment":[{"href":"https:\/\/www.powermixxx.com.tr\/index.php?rest_route=%2Fwp%2Fv2%2Fmedia&parent=87"}],"curies":[{"name":"wp","href":"https:\/\/api.w.org\/{rel}","templated":true}]}}