{"id":668,"date":"2026-02-18T20:26:59","date_gmt":"2026-02-18T20:26:59","guid":{"rendered":"https:\/\/www.powermixxx.com.tr\/?page_id=668"},"modified":"2026-02-18T20:27:04","modified_gmt":"2026-02-18T20:27:04","slug":"kendinden-yayilan-tesviye-sapi-kirmizi","status":"publish","type":"page","link":"https:\/\/www.powermixxx.com.tr\/?page_id=668","title":{"rendered":"Kendinden Yay\u0131lan Tesviye \u015eap\u0131 K\u0131rm\u0131z\u0131"},"content":{"rendered":"\n<div class=\"wp-block-columns is-layout-flex wp-container-core-columns-is-layout-28f84493 wp-block-columns-is-layout-flex\">\n<div class=\"wp-block-column is-layout-flow wp-block-column-is-layout-flow\">\n<figure class=\"wp-block-image size-large is-resized\"><img loading=\"lazy\" decoding=\"async\" width=\"765\" height=\"1024\" src=\"https:\/\/www.powermixxx.com.tr\/wp-content\/uploads\/2026\/02\/tesvk-1-765x1024.png\" alt=\"\" class=\"wp-image-669\" style=\"aspect-ratio:0.7462428744169978;width:410px;height:auto\" srcset=\"https:\/\/www.powermixxx.com.tr\/wp-content\/uploads\/2026\/02\/tesvk-1-765x1024.png 765w, https:\/\/www.powermixxx.com.tr\/wp-content\/uploads\/2026\/02\/tesvk-1-224x300.png 224w, https:\/\/www.powermixxx.com.tr\/wp-content\/uploads\/2026\/02\/tesvk-1-768x1028.png 768w, https:\/\/www.powermixxx.com.tr\/wp-content\/uploads\/2026\/02\/tesvk-1-1147x1536.png 1147w, https:\/\/www.powermixxx.com.tr\/wp-content\/uploads\/2026\/02\/tesvk-1.png 1151w\" sizes=\"auto, (max-width: 765px) 100vw, 765px\" \/><\/figure>\n<\/div>\n\n\n\n<div class=\"wp-block-column is-layout-flow wp-block-column-is-layout-flow\">\n<p><br>10-100 mm aras\u0131nda uygulanabilen, \u00e7imento esasl\u0131, kendili\u011finden yay\u0131labilen elyaf takviyeli tesviye \u015fap\u0131<\/p>\n\n\n\n<h2 class=\"wp-block-heading has-large-font-size\">Kullan\u0131m Alanlar\u0131<\/h2>\n\n\n\n<ul class=\"wp-block-list\">\n<li>T\u00fcm yap\u0131lar\u0131n orta ve yo\u011fun trafi\u011fe maruz i\u00e7 zeminlerinde seramik, karo, hal\u0131, parke kaplama \u00f6ncesi tesviye \u015fap\u0131 olarak kullan\u0131l\u0131r.<\/li>\n<\/ul>\n\n\n\n<h2 class=\"wp-block-heading has-large-font-size\">\u00d6zellikler<\/h2>\n\n\n\n<ul class=\"wp-block-list\">\n<li>Kendili\u011finden yay\u0131l\u0131p tesviyesini alarak kolay<br>uygulama imkan\u0131 sunar.<\/li>\n\n\n\n<li>Tek seferde 100 mm\u2019e kadar tesviye yapabilir.<\/li>\n\n\n\n<li>Kot de\u011fi\u015fikliklerinde ve zemin tadilat uygulamalar\u0131<br>i\u00e7in pratik \u00e7\u00f6z\u00fcm sa\u011flar.<\/li>\n\n\n\n<li>Yerden \u0131s\u0131tmal\u0131 sistemler i\u00e7in ideal \u00e7\u00f6z\u00fcmd\u00fcr.<\/li>\n\n\n\n<li>Yal\u0131t\u0131m levhalar\u0131yla y\u00fczer sistem olu\u015fturabilir.<\/li>\n\n\n\n<li>Elyaf takviyelidir.<\/li>\n\n\n\n<li>B\u00fcz\u00fclme oran\u0131 minimize edilmi\u015ftir.<\/li>\n\n\n\n<li>Kabarma yapmaz.<\/li>\n\n\n\n<li>Pompa ile uygulanabilir.<\/li>\n<\/ul>\n\n\n\n<details class=\"wp-block-details has-medium-font-size is-layout-flow wp-block-details-is-layout-flow\"><summary><strong>AMBALAJ<\/strong><\/summary>\n<p class=\"has-medium-font-size\">25 kg kraft torba \/ 5 kg polietilen torba<\/p>\n<\/details>\n\n\n\n<details class=\"wp-block-details has-medium-font-size is-layout-flow wp-block-details-is-layout-flow\"><summary><strong>UYGULAMA ALANI<\/strong><\/summary>\n<p class=\"has-medium-font-size\">Zemin<\/p>\n<\/details>\n\n\n\n<details class=\"wp-block-details has-large-font-size is-layout-flow wp-block-details-is-layout-flow\"><summary><strong>Profesyonel Bilgi<\/strong><\/summary>\n<p class=\"has-medium-font-size\">Uygulama Aletleri: \u00c7elik mala, el mikseri, kirpi rulo<\/p>\n\n\n\n<p class=\"has-medium-font-size\">Ortam s\u0131cakl\u0131\u011f\u0131: +5\u00b0C ile +30\u00b0C aras\u0131<\/p>\n\n\n\n<p class=\"has-medium-font-size\">Harc\u0131n kullan\u0131labilme s\u00fcresi: 30-40 dakika<\/p>\n\n\n\n<p class=\"has-medium-font-size\">Zeminin yaya trafi\u011fine a\u00e7\u0131labilmesi i\u00e7in gerekli s\u00fcre: 8 saat<\/p>\n\n\n\n<p class=\"has-medium-font-size\">Son kat kaplama i\u00e7in beklenilmesi gereken s\u00fcre:<\/p>\n\n\n\n<p class=\"has-medium-font-size\">Seramik: &gt;2 g\u00fcn (20 mm i\u00e7in)<\/p>\n\n\n\n<p class=\"has-medium-font-size\">Hal\u0131 kaplama: &gt;3 g\u00fcn (20 mm i\u00e7in)<\/p>\n\n\n\n<p class=\"has-medium-font-size\">Laminant: &gt;5 g\u00fcn (20 mm i\u00e7in)<\/p>\n\n\n\n<p class=\"has-medium-font-size\">PVC: &gt;3 g\u00fcn (20 mm i\u00e7in)<\/p>\n\n\n\n<p class=\"has-medium-font-size\">Uygulama kal\u0131nl\u0131\u011f\u0131: 10-100 mm<br><\/p>\n\n\n\n<p class=\"has-medium-font-size\"><\/p>\n\n\n\n<p class=\"has-medium-font-size\"><\/p>\n\n\n\n<p class=\"has-medium-font-size\"><\/p>\n\n\n\n<p class=\"has-medium-font-size\"><\/p>\n<\/details>\n<\/div>\n<\/div>\n","protected":false},"excerpt":{"rendered":"<p>10-100 mm aras\u0131nda uygulanabilen, \u00e7imento esasl\u0131, kendili\u011finden yay\u0131labilen elyaf takviyeli tesviye \u015fap\u0131 Kullan\u0131m Alanlar\u0131 \u00d6zellikler<\/p>\n","protected":false},"author":1,"featured_media":0,"parent":0,"menu_order":0,"comment_status":"closed","ping_status":"closed","template":"","meta":{"site-sidebar-layout":"default","site-content-layout":"","ast-site-content-layout":"default","site-content-style":"default","site-sidebar-style":"default","ast-global-header-display":"","ast-banner-title-visibility":"","ast-main-header-display":"","ast-hfb-above-header-display":"","ast-hfb-below-header-display":"","ast-hfb-mobile-header-display":"","site-post-title":"","ast-breadcrumbs-content":"","ast-featured-img":"","footer-sml-layout":"","ast-disable-related-posts":"","theme-transparent-header-meta":"","adv-header-id-meta":"","stick-header-meta":"","header-above-stick-meta":"","header-main-stick-meta":"","header-below-stick-meta":"","astra-migrate-meta-layouts":"default","ast-page-background-enabled":"default","ast-page-background-meta":{"desktop":{"background-color":"var(--ast-global-color-5)","background-image":"","background-repeat":"repeat","background-position":"center center","background-size":"auto","background-attachment":"scroll","background-type":"","background-media":"","overlay-type":"","overlay-color":"","overlay-opacity":"","overlay-gradient":""},"tablet":{"background-color":"","background-image":"","background-repeat":"repeat","background-position":"center center","background-size":"auto","background-attachment":"scroll","background-type":"","background-media":"","overlay-type":"","overlay-color":"","overlay-opacity":"","overlay-gradient":""},"mobile":{"background-color":"","background-image":"","background-repeat":"repeat","background-position":"center center","background-size":"auto","background-attachment":"scroll","background-type":"","background-media":"","overlay-type":"","overlay-color":"","overlay-opacity":"","overlay-gradient":""}},"ast-content-background-meta":{"desktop":{"background-color":"var(--ast-global-color-4)","background-image":"","background-repeat":"repeat","background-position":"center center","background-size":"auto","background-attachment":"scroll","background-type":"","background-media":"","overlay-type":"","overlay-color":"","overlay-opacity":"","overlay-gradient":""},"tablet":{"background-color":"var(--ast-global-color-4)","background-image":"","background-repeat":"repeat","background-position":"center center","background-size":"auto","background-attachment":"scroll","background-type":"","background-media":"","overlay-type":"","overlay-color":"","overlay-opacity":"","overlay-gradient":""},"mobile":{"background-color":"var(--ast-global-color-4)","background-image":"","background-repeat":"repeat","background-position":"center center","background-size":"auto","background-attachment":"scroll","background-type":"","background-media":"","overlay-type":"","overlay-color":"","overlay-opacity":"","overlay-gradient":""}},"footnotes":""},"class_list":["post-668","page","type-page","status-publish","hentry"],"yoast_head":"<!-- This site is optimized with the Yoast SEO plugin v27.5 - https:\/\/yoast.com\/product\/yoast-seo-wordpress\/ -->\n<title>Kendinden Yay\u0131lan Tesviye \u015eap\u0131 K\u0131rm\u0131z\u0131 - POWERMIXXX<\/title>\n<meta name=\"robots\" content=\"index, follow, max-snippet:-1, max-image-preview:large, max-video-preview:-1\" \/>\n<link rel=\"canonical\" href=\"https:\/\/www.powermixxx.com.tr\/?page_id=668\" \/>\n<meta property=\"og:locale\" content=\"tr_TR\" \/>\n<meta property=\"og:type\" content=\"article\" \/>\n<meta property=\"og:title\" content=\"Kendinden Yay\u0131lan Tesviye \u015eap\u0131 K\u0131rm\u0131z\u0131 - POWERMIXXX\" \/>\n<meta property=\"og:description\" content=\"10-100 mm aras\u0131nda uygulanabilen, \u00e7imento esasl\u0131, kendili\u011finden yay\u0131labilen elyaf takviyeli tesviye \u015fap\u0131 Kullan\u0131m Alanlar\u0131 \u00d6zellikler\" \/>\n<meta property=\"og:url\" content=\"https:\/\/www.powermixxx.com.tr\/?page_id=668\" \/>\n<meta property=\"og:site_name\" content=\"POWERMIXXX\" \/>\n<meta property=\"article:modified_time\" content=\"2026-02-18T20:27:04+00:00\" \/>\n<meta property=\"og:image\" content=\"https:\/\/www.powermixxx.com.tr\/wp-content\/uploads\/2026\/02\/tesvk-1.png\" \/>\n\t<meta property=\"og:image:width\" content=\"1151\" \/>\n\t<meta property=\"og:image:height\" content=\"1541\" \/>\n\t<meta property=\"og:image:type\" content=\"image\/png\" \/>\n<meta name=\"twitter:card\" content=\"summary_large_image\" \/>\n<meta name=\"twitter:label1\" content=\"Tahmini okuma s\u00fcresi\" \/>\n\t<meta name=\"twitter:data1\" content=\"2 dakika\" \/>\n<script type=\"application\/ld+json\" class=\"yoast-schema-graph\">{\"@context\":\"https:\\\/\\\/schema.org\",\"@graph\":[{\"@type\":\"WebPage\",\"@id\":\"https:\\\/\\\/www.powermixxx.com.tr\\\/?page_id=668\",\"url\":\"https:\\\/\\\/www.powermixxx.com.tr\\\/?page_id=668\",\"name\":\"Kendinden Yay\u0131lan Tesviye \u015eap\u0131 K\u0131rm\u0131z\u0131 - POWERMIXXX\",\"isPartOf\":{\"@id\":\"https:\\\/\\\/www.powermixxx.com.tr\\\/#website\"},\"primaryImageOfPage\":{\"@id\":\"https:\\\/\\\/www.powermixxx.com.tr\\\/?page_id=668#primaryimage\"},\"image\":{\"@id\":\"https:\\\/\\\/www.powermixxx.com.tr\\\/?page_id=668#primaryimage\"},\"thumbnailUrl\":\"https:\\\/\\\/www.powermixxx.com.tr\\\/wp-content\\\/uploads\\\/2026\\\/02\\\/tesvk-1-765x1024.png\",\"datePublished\":\"2026-02-18T20:26:59+00:00\",\"dateModified\":\"2026-02-18T20:27:04+00:00\",\"breadcrumb\":{\"@id\":\"https:\\\/\\\/www.powermixxx.com.tr\\\/?page_id=668#breadcrumb\"},\"inLanguage\":\"tr\",\"potentialAction\":[{\"@type\":\"ReadAction\",\"target\":[\"https:\\\/\\\/www.powermixxx.com.tr\\\/?page_id=668\"]}]},{\"@type\":\"ImageObject\",\"inLanguage\":\"tr\",\"@id\":\"https:\\\/\\\/www.powermixxx.com.tr\\\/?page_id=668#primaryimage\",\"url\":\"https:\\\/\\\/www.powermixxx.com.tr\\\/wp-content\\\/uploads\\\/2026\\\/02\\\/tesvk-1.png\",\"contentUrl\":\"https:\\\/\\\/www.powermixxx.com.tr\\\/wp-content\\\/uploads\\\/2026\\\/02\\\/tesvk-1.png\",\"width\":1151,\"height\":1541},{\"@type\":\"BreadcrumbList\",\"@id\":\"https:\\\/\\\/www.powermixxx.com.tr\\\/?page_id=668#breadcrumb\",\"itemListElement\":[{\"@type\":\"ListItem\",\"position\":1,\"name\":\"Anasayfa\",\"item\":\"https:\\\/\\\/www.powermixxx.com.tr\\\/\"},{\"@type\":\"ListItem\",\"position\":2,\"name\":\"Kendinden Yay\u0131lan Tesviye \u015eap\u0131 K\u0131rm\u0131z\u0131\"}]},{\"@type\":\"WebSite\",\"@id\":\"https:\\\/\\\/www.powermixxx.com.tr\\\/#website\",\"url\":\"https:\\\/\\\/www.powermixxx.com.tr\\\/\",\"name\":\"POWERMIXXX\",\"description\":\"POWERMIXXX\",\"publisher\":{\"@id\":\"https:\\\/\\\/www.powermixxx.com.tr\\\/#organization\"},\"potentialAction\":[{\"@type\":\"SearchAction\",\"target\":{\"@type\":\"EntryPoint\",\"urlTemplate\":\"https:\\\/\\\/www.powermixxx.com.tr\\\/?s={search_term_string}\"},\"query-input\":{\"@type\":\"PropertyValueSpecification\",\"valueRequired\":true,\"valueName\":\"search_term_string\"}}],\"inLanguage\":\"tr\"},{\"@type\":\"Organization\",\"@id\":\"https:\\\/\\\/www.powermixxx.com.tr\\\/#organization\",\"name\":\"POWERMIXXX\",\"url\":\"https:\\\/\\\/www.powermixxx.com.tr\\\/\",\"logo\":{\"@type\":\"ImageObject\",\"inLanguage\":\"tr\",\"@id\":\"https:\\\/\\\/www.powermixxx.com.tr\\\/#\\\/schema\\\/logo\\\/image\\\/\",\"url\":\"https:\\\/\\\/www.powermixxx.com.tr\\\/wp-content\\\/uploads\\\/2026\\\/02\\\/cropped-powermix.png\",\"contentUrl\":\"https:\\\/\\\/www.powermixxx.com.tr\\\/wp-content\\\/uploads\\\/2026\\\/02\\\/cropped-powermix.png\",\"width\":1660,\"height\":285,\"caption\":\"POWERMIXXX\"},\"image\":{\"@id\":\"https:\\\/\\\/www.powermixxx.com.tr\\\/#\\\/schema\\\/logo\\\/image\\\/\"}}]}<\/script>\n<!-- \/ Yoast SEO plugin. -->","yoast_head_json":{"title":"Kendinden Yay\u0131lan Tesviye \u015eap\u0131 K\u0131rm\u0131z\u0131 - POWERMIXXX","robots":{"index":"index","follow":"follow","max-snippet":"max-snippet:-1","max-image-preview":"max-image-preview:large","max-video-preview":"max-video-preview:-1"},"canonical":"https:\/\/www.powermixxx.com.tr\/?page_id=668","og_locale":"tr_TR","og_type":"article","og_title":"Kendinden Yay\u0131lan Tesviye \u015eap\u0131 K\u0131rm\u0131z\u0131 - POWERMIXXX","og_description":"10-100 mm aras\u0131nda uygulanabilen, \u00e7imento esasl\u0131, kendili\u011finden yay\u0131labilen elyaf takviyeli tesviye \u015fap\u0131 Kullan\u0131m Alanlar\u0131 \u00d6zellikler","og_url":"https:\/\/www.powermixxx.com.tr\/?page_id=668","og_site_name":"POWERMIXXX","article_modified_time":"2026-02-18T20:27:04+00:00","og_image":[{"width":1151,"height":1541,"url":"https:\/\/www.powermixxx.com.tr\/wp-content\/uploads\/2026\/02\/tesvk-1.png","type":"image\/png"}],"twitter_card":"summary_large_image","twitter_misc":{"Tahmini okuma s\u00fcresi":"2 dakika"},"schema":{"@context":"https:\/\/schema.org","@graph":[{"@type":"WebPage","@id":"https:\/\/www.powermixxx.com.tr\/?page_id=668","url":"https:\/\/www.powermixxx.com.tr\/?page_id=668","name":"Kendinden Yay\u0131lan Tesviye \u015eap\u0131 K\u0131rm\u0131z\u0131 - POWERMIXXX","isPartOf":{"@id":"https:\/\/www.powermixxx.com.tr\/#website"},"primaryImageOfPage":{"@id":"https:\/\/www.powermixxx.com.tr\/?page_id=668#primaryimage"},"image":{"@id":"https:\/\/www.powermixxx.com.tr\/?page_id=668#primaryimage"},"thumbnailUrl":"https:\/\/www.powermixxx.com.tr\/wp-content\/uploads\/2026\/02\/tesvk-1-765x1024.png","datePublished":"2026-02-18T20:26:59+00:00","dateModified":"2026-02-18T20:27:04+00:00","breadcrumb":{"@id":"https:\/\/www.powermixxx.com.tr\/?page_id=668#breadcrumb"},"inLanguage":"tr","potentialAction":[{"@type":"ReadAction","target":["https:\/\/www.powermixxx.com.tr\/?page_id=668"]}]},{"@type":"ImageObject","inLanguage":"tr","@id":"https:\/\/www.powermixxx.com.tr\/?page_id=668#primaryimage","url":"https:\/\/www.powermixxx.com.tr\/wp-content\/uploads\/2026\/02\/tesvk-1.png","contentUrl":"https:\/\/www.powermixxx.com.tr\/wp-content\/uploads\/2026\/02\/tesvk-1.png","width":1151,"height":1541},{"@type":"BreadcrumbList","@id":"https:\/\/www.powermixxx.com.tr\/?page_id=668#breadcrumb","itemListElement":[{"@type":"ListItem","position":1,"name":"Anasayfa","item":"https:\/\/www.powermixxx.com.tr\/"},{"@type":"ListItem","position":2,"name":"Kendinden Yay\u0131lan Tesviye \u015eap\u0131 K\u0131rm\u0131z\u0131"}]},{"@type":"WebSite","@id":"https:\/\/www.powermixxx.com.tr\/#website","url":"https:\/\/www.powermixxx.com.tr\/","name":"POWERMIXXX","description":"POWERMIXXX","publisher":{"@id":"https:\/\/www.powermixxx.com.tr\/#organization"},"potentialAction":[{"@type":"SearchAction","target":{"@type":"EntryPoint","urlTemplate":"https:\/\/www.powermixxx.com.tr\/?s={search_term_string}"},"query-input":{"@type":"PropertyValueSpecification","valueRequired":true,"valueName":"search_term_string"}}],"inLanguage":"tr"},{"@type":"Organization","@id":"https:\/\/www.powermixxx.com.tr\/#organization","name":"POWERMIXXX","url":"https:\/\/www.powermixxx.com.tr\/","logo":{"@type":"ImageObject","inLanguage":"tr","@id":"https:\/\/www.powermixxx.com.tr\/#\/schema\/logo\/image\/","url":"https:\/\/www.powermixxx.com.tr\/wp-content\/uploads\/2026\/02\/cropped-powermix.png","contentUrl":"https:\/\/www.powermixxx.com.tr\/wp-content\/uploads\/2026\/02\/cropped-powermix.png","width":1660,"height":285,"caption":"POWERMIXXX"},"image":{"@id":"https:\/\/www.powermixxx.com.tr\/#\/schema\/logo\/image\/"}}]}},"_links":{"self":[{"href":"https:\/\/www.powermixxx.com.tr\/index.php?rest_route=\/wp\/v2\/pages\/668","targetHints":{"allow":["GET"]}}],"collection":[{"href":"https:\/\/www.powermixxx.com.tr\/index.php?rest_route=\/wp\/v2\/pages"}],"about":[{"href":"https:\/\/www.powermixxx.com.tr\/index.php?rest_route=\/wp\/v2\/types\/page"}],"author":[{"embeddable":true,"href":"https:\/\/www.powermixxx.com.tr\/index.php?rest_route=\/wp\/v2\/users\/1"}],"replies":[{"embeddable":true,"href":"https:\/\/www.powermixxx.com.tr\/index.php?rest_route=%2Fwp%2Fv2%2Fcomments&post=668"}],"version-history":[{"count":1,"href":"https:\/\/www.powermixxx.com.tr\/index.php?rest_route=\/wp\/v2\/pages\/668\/revisions"}],"predecessor-version":[{"id":670,"href":"https:\/\/www.powermixxx.com.tr\/index.php?rest_route=\/wp\/v2\/pages\/668\/revisions\/670"}],"wp:attachment":[{"href":"https:\/\/www.powermixxx.com.tr\/index.php?rest_route=%2Fwp%2Fv2%2Fmedia&parent=668"}],"curies":[{"name":"wp","href":"https:\/\/api.w.org\/{rel}","templated":true}]}}