{"id":645,"date":"2026-02-18T19:56:29","date_gmt":"2026-02-18T19:56:29","guid":{"rendered":"https:\/\/www.powermixxx.com.tr\/?page_id=645"},"modified":"2026-02-18T19:56:31","modified_gmt":"2026-02-18T19:56:31","slug":"hazir-siva-saten-siva","status":"publish","type":"page","link":"https:\/\/www.powermixxx.com.tr\/?page_id=645","title":{"rendered":"Haz\u0131r S\u0131va (Saten S\u0131va)"},"content":{"rendered":"\n<div class=\"wp-block-columns is-layout-flex wp-container-core-columns-is-layout-28f84493 wp-block-columns-is-layout-flex\">\n<div class=\"wp-block-column is-layout-flow wp-block-column-is-layout-flow\">\n<figure class=\"wp-block-image size-large is-resized\"><img loading=\"lazy\" decoding=\"async\" width=\"763\" height=\"1024\" src=\"https:\/\/www.powermixxx.com.tr\/wp-content\/uploads\/2026\/02\/saten-1-763x1024.png\" alt=\"\" class=\"wp-image-646\" style=\"aspect-ratio:0.746097882170074;object-fit:cover;width:400px\" srcset=\"https:\/\/www.powermixxx.com.tr\/wp-content\/uploads\/2026\/02\/saten-1-763x1024.png 763w, https:\/\/www.powermixxx.com.tr\/wp-content\/uploads\/2026\/02\/saten-1-224x300.png 224w, https:\/\/www.powermixxx.com.tr\/wp-content\/uploads\/2026\/02\/saten-1-768x1031.png 768w, https:\/\/www.powermixxx.com.tr\/wp-content\/uploads\/2026\/02\/saten-1.png 1079w\" sizes=\"auto, (max-width: 763px) 100vw, 763px\" \/><\/figure>\n<\/div>\n\n\n\n<div class=\"wp-block-column is-layout-flow wp-block-column-is-layout-flow\">\n<p>\u00a0\u00c7imento esasl\u0131, organik polimer katk\u0131l\u0131, kimyasal katk\u0131lar sayesinde bekleme s\u00fcresi uzun, i\u015flenebilirli\u011fi m\u00fckemmel, hi\u00e7bir katk\u0131 ilavesi gerektirmeden, sadece su ile kar\u0131\u015fan ve son kat s\u0131vadan sonra y\u00fczeyi boyaya haz\u0131r (p\u00fcr\u00fczs\u00fcz cam gibi bir y\u00fczey) hale getiren, macun k\u0131vam\u0131nda haz\u0131r toz bir saten s\u0131vad\u0131r.\u00a0<\/p>\n\n\n\n<h2 class=\"wp-block-heading\">Kullan\u0131m Alanlar\u0131<\/h2>\n\n\n\n<ul class=\"wp-block-list\">\n<li>\u0130\u00e7 ve d\u0131\u015f cephelerde boya \u00f6ncesi y\u00fczeyin cam gibi p\u00fcr\u00fczs\u00fcz hale getirilmesinde,<\/li>\n\n\n\n<li>Br\u00fct beton, beton gibi y\u00fczeylerin cilt bozukluklann\u0131 gidererek boyaya haz\u0131r hale getirilmesinde,<\/li>\n\n\n\n<li>Nem, rutubet ve \u0131s\u0131 farkl\u0131l\u0131klar\u0131na maruz y\u00fczeylerde, banyo, tuvalet gibi nemli mekanlann tavan ve duvarlannda,\u00a0<\/li>\n\n\n\n<li>Su dayan\u0131m\u0131 gerektiren, toz, nem ve hava ko\u015fullar\u0131na dayan\u0131kl\u0131l\u0131k isteyen y\u00fczeylerde,\u00a0<\/li>\n\n\n\n<li>\u00c7atlak, tamir ve dolgu gerektiren y\u00fczeylerde,<\/li>\n\n\n\n<li>Mantolama sistemlerinde son kat s\u0131van\u0131n \u00fczerine uygulanarak s\u0131van\u0131n boyaya haz\u0131r hale gelmesinde kullan\u0131l\u0131r.<\/li>\n<\/ul>\n\n\n\n<h2 class=\"wp-block-heading\">\u00d6zellikler<\/h2>\n\n\n\n<ul class=\"wp-block-list\">\n<li>\u0130\u00e7 ve d\u0131\u015f cephelerde estetik ve dekoratiftir.<\/li>\n\n\n\n<li>Az\u00a0su emdi\u011finden \u00fczerine\u00a0uygulanan boya t\u00fcketimini azalt\u0131r.<\/li>\n\n\n\n<li>B\u00fcnyesindeki \u00f6zel pollmerler\u00a0sayesinde \u00e7atlama, b\u00fcz\u00fclme, kabarma ve gerilme yapmaz. Elastiktir<\/li>\n\n\n\n<li>Y\u00fczeydeki hatalar\u0131 \u00f6rter, y\u00fczeyi sa\u011flamla\u015ft\u0131r\u0131r.<\/li>\n\n\n\n<li>Yap\u0131\u015fma aderans\u0131 \u00e7ok y\u00fcksektir, bir s\u00fcre sonra y\u00fczeyle b\u00fct\u00fcnle\u015fir.<\/li>\n\n\n\n<li>Tiksotropik \u00f6zelli\u011fi ile \u00e7ok kolay ve rahat uygulan\u0131r.\u00a0<\/li>\n\n\n\n<li>Termal \u015foklara kar\u015f\u0131 dayan\u0131kl\u0131d\u0131r.<\/li>\n<\/ul>\n\n\n\n<details class=\"wp-block-details has-medium-font-size is-layout-flow wp-block-details-is-layout-flow\"><summary><strong>AMBALAJ<\/strong><\/summary>\n<p class=\"has-medium-font-size\">25 kg kraft torba <\/p>\n<\/details>\n\n\n\n<details class=\"wp-block-details has-large-font-size is-layout-flow wp-block-details-is-layout-flow\"><summary><strong>Profesyonel Bilgi<\/strong><\/summary>\n<p class=\"has-medium-font-size\"><strong>Teknik \u00d6zellikleri<\/strong><\/p>\n\n\n\n<figure class=\"wp-block-table has-medium-font-size\"><table class=\"has-fixed-layout\"><tbody><tr><td class=\"has-text-align-left\" data-align=\"left\">Renk<\/td><td class=\"has-text-align-left\" data-align=\"left\">Gri<\/td><\/tr><tr><td class=\"has-text-align-left\" data-align=\"left\">Uygulama S\u0131cakl\u0131\u011f\u0131<\/td><td class=\"has-text-align-left\" data-align=\"left\">+5\u00b0C \/ +30\u00b0C<\/td><\/tr><tr><td class=\"has-text-align-left\" data-align=\"left\">Servis S\u0131cakl\u0131\u011f\u0131<\/td><td class=\"has-text-align-left\" data-align=\"left\">-20\u00b0C \/ +80\u00b0C<\/td><\/tr><tr><td class=\"has-text-align-left\" data-align=\"left\">Can suyu verme s\u00fcresi&nbsp;<\/td><td class=\"has-text-align-left\" data-align=\"left\">28 saat<\/td><\/tr><tr><td class=\"has-text-align-left\" data-align=\"left\">Bas\u0131n\u00e7 Mukavemeti<\/td><td class=\"has-text-align-left\" data-align=\"left\">\u2265&nbsp;2.5 N\/mm\u00b2<\/td><\/tr><tr><td class=\"has-text-align-left\" data-align=\"left\">T\u00fcketim (1 mm kal\u0131nl\u0131k i\u00e7in)<\/td><td class=\"has-text-align-left\" data-align=\"left\">0,35 &#8211; 0.50 kg\/m\u00b2<\/td><\/tr><\/tbody><\/table><\/figure>\n\n\n\n<p class=\"has-medium-font-size\"><\/p>\n<\/details>\n<\/div>\n<\/div>\n","protected":false},"excerpt":{"rendered":"<p>\u00a0\u00c7imento esasl\u0131, organik polimer katk\u0131l\u0131, kimyasal katk\u0131lar sayesinde bekleme s\u00fcresi uzun, i\u015flenebilirli\u011fi m\u00fckemmel, hi\u00e7bir katk\u0131 ilavesi gerektirmeden, sadece su ile [&hellip;]<\/p>\n","protected":false},"author":1,"featured_media":0,"parent":0,"menu_order":0,"comment_status":"closed","ping_status":"closed","template":"","meta":{"site-sidebar-layout":"default","site-content-layout":"","ast-site-content-layout":"default","site-content-style":"default","site-sidebar-style":"default","ast-global-header-display":"","ast-banner-title-visibility":"","ast-main-header-display":"","ast-hfb-above-header-display":"","ast-hfb-below-header-display":"","ast-hfb-mobile-header-display":"","site-post-title":"","ast-breadcrumbs-content":"","ast-featured-img":"","footer-sml-layout":"","ast-disable-related-posts":"","theme-transparent-header-meta":"","adv-header-id-meta":"","stick-header-meta":"","header-above-stick-meta":"","header-main-stick-meta":"","header-below-stick-meta":"","astra-migrate-meta-layouts":"default","ast-page-background-enabled":"default","ast-page-background-meta":{"desktop":{"background-color":"var(--ast-global-color-5)","background-image":"","background-repeat":"repeat","background-position":"center center","background-size":"auto","background-attachment":"scroll","background-type":"","background-media":"","overlay-type":"","overlay-color":"","overlay-opacity":"","overlay-gradient":""},"tablet":{"background-color":"","background-image":"","background-repeat":"repeat","background-position":"center center","background-size":"auto","background-attachment":"scroll","background-type":"","background-media":"","overlay-type":"","overlay-color":"","overlay-opacity":"","overlay-gradient":""},"mobile":{"background-color":"","background-image":"","background-repeat":"repeat","background-position":"center center","background-size":"auto","background-attachment":"scroll","background-type":"","background-media":"","overlay-type":"","overlay-color":"","overlay-opacity":"","overlay-gradient":""}},"ast-content-background-meta":{"desktop":{"background-color":"var(--ast-global-color-4)","background-image":"","background-repeat":"repeat","background-position":"center center","background-size":"auto","background-attachment":"scroll","background-type":"","background-media":"","overlay-type":"","overlay-color":"","overlay-opacity":"","overlay-gradient":""},"tablet":{"background-color":"var(--ast-global-color-4)","background-image":"","background-repeat":"repeat","background-position":"center center","background-size":"auto","background-attachment":"scroll","background-type":"","background-media":"","overlay-type":"","overlay-color":"","overlay-opacity":"","overlay-gradient":""},"mobile":{"background-color":"var(--ast-global-color-4)","background-image":"","background-repeat":"repeat","background-position":"center center","background-size":"auto","background-attachment":"scroll","background-type":"","background-media":"","overlay-type":"","overlay-color":"","overlay-opacity":"","overlay-gradient":""}},"footnotes":""},"class_list":["post-645","page","type-page","status-publish","hentry"],"yoast_head":"<!-- This site is optimized with the Yoast SEO plugin v27.5 - https:\/\/yoast.com\/product\/yoast-seo-wordpress\/ -->\n<title>Haz\u0131r S\u0131va (Saten S\u0131va) - POWERMIXXX<\/title>\n<meta name=\"robots\" content=\"index, follow, max-snippet:-1, max-image-preview:large, max-video-preview:-1\" \/>\n<link rel=\"canonical\" href=\"https:\/\/www.powermixxx.com.tr\/?page_id=645\" \/>\n<meta property=\"og:locale\" content=\"tr_TR\" \/>\n<meta property=\"og:type\" content=\"article\" \/>\n<meta property=\"og:title\" content=\"Haz\u0131r S\u0131va (Saten S\u0131va) - POWERMIXXX\" \/>\n<meta property=\"og:description\" content=\"\u00a0\u00c7imento esasl\u0131, organik polimer katk\u0131l\u0131, kimyasal katk\u0131lar sayesinde bekleme s\u00fcresi uzun, i\u015flenebilirli\u011fi m\u00fckemmel, hi\u00e7bir katk\u0131 ilavesi gerektirmeden, sadece su ile [&hellip;]\" \/>\n<meta property=\"og:url\" content=\"https:\/\/www.powermixxx.com.tr\/?page_id=645\" \/>\n<meta property=\"og:site_name\" content=\"POWERMIXXX\" \/>\n<meta property=\"article:modified_time\" content=\"2026-02-18T19:56:31+00:00\" \/>\n<meta property=\"og:image\" content=\"https:\/\/www.powermixxx.com.tr\/wp-content\/uploads\/2026\/02\/saten-1.png\" \/>\n\t<meta property=\"og:image:width\" content=\"1079\" \/>\n\t<meta property=\"og:image:height\" content=\"1448\" \/>\n\t<meta property=\"og:image:type\" content=\"image\/png\" \/>\n<meta name=\"twitter:card\" content=\"summary_large_image\" \/>\n<meta name=\"twitter:label1\" content=\"Tahmini okuma s\u00fcresi\" \/>\n\t<meta name=\"twitter:data1\" content=\"2 dakika\" \/>\n<script type=\"application\/ld+json\" class=\"yoast-schema-graph\">{\"@context\":\"https:\\\/\\\/schema.org\",\"@graph\":[{\"@type\":\"WebPage\",\"@id\":\"https:\\\/\\\/www.powermixxx.com.tr\\\/?page_id=645\",\"url\":\"https:\\\/\\\/www.powermixxx.com.tr\\\/?page_id=645\",\"name\":\"Haz\u0131r S\u0131va (Saten S\u0131va) - POWERMIXXX\",\"isPartOf\":{\"@id\":\"https:\\\/\\\/www.powermixxx.com.tr\\\/#website\"},\"primaryImageOfPage\":{\"@id\":\"https:\\\/\\\/www.powermixxx.com.tr\\\/?page_id=645#primaryimage\"},\"image\":{\"@id\":\"https:\\\/\\\/www.powermixxx.com.tr\\\/?page_id=645#primaryimage\"},\"thumbnailUrl\":\"https:\\\/\\\/www.powermixxx.com.tr\\\/wp-content\\\/uploads\\\/2026\\\/02\\\/saten-1-763x1024.png\",\"datePublished\":\"2026-02-18T19:56:29+00:00\",\"dateModified\":\"2026-02-18T19:56:31+00:00\",\"breadcrumb\":{\"@id\":\"https:\\\/\\\/www.powermixxx.com.tr\\\/?page_id=645#breadcrumb\"},\"inLanguage\":\"tr\",\"potentialAction\":[{\"@type\":\"ReadAction\",\"target\":[\"https:\\\/\\\/www.powermixxx.com.tr\\\/?page_id=645\"]}]},{\"@type\":\"ImageObject\",\"inLanguage\":\"tr\",\"@id\":\"https:\\\/\\\/www.powermixxx.com.tr\\\/?page_id=645#primaryimage\",\"url\":\"https:\\\/\\\/www.powermixxx.com.tr\\\/wp-content\\\/uploads\\\/2026\\\/02\\\/saten-1.png\",\"contentUrl\":\"https:\\\/\\\/www.powermixxx.com.tr\\\/wp-content\\\/uploads\\\/2026\\\/02\\\/saten-1.png\",\"width\":1079,\"height\":1448},{\"@type\":\"BreadcrumbList\",\"@id\":\"https:\\\/\\\/www.powermixxx.com.tr\\\/?page_id=645#breadcrumb\",\"itemListElement\":[{\"@type\":\"ListItem\",\"position\":1,\"name\":\"Anasayfa\",\"item\":\"https:\\\/\\\/www.powermixxx.com.tr\\\/\"},{\"@type\":\"ListItem\",\"position\":2,\"name\":\"Haz\u0131r S\u0131va (Saten S\u0131va)\"}]},{\"@type\":\"WebSite\",\"@id\":\"https:\\\/\\\/www.powermixxx.com.tr\\\/#website\",\"url\":\"https:\\\/\\\/www.powermixxx.com.tr\\\/\",\"name\":\"POWERMIXXX\",\"description\":\"POWERMIXXX\",\"publisher\":{\"@id\":\"https:\\\/\\\/www.powermixxx.com.tr\\\/#organization\"},\"potentialAction\":[{\"@type\":\"SearchAction\",\"target\":{\"@type\":\"EntryPoint\",\"urlTemplate\":\"https:\\\/\\\/www.powermixxx.com.tr\\\/?s={search_term_string}\"},\"query-input\":{\"@type\":\"PropertyValueSpecification\",\"valueRequired\":true,\"valueName\":\"search_term_string\"}}],\"inLanguage\":\"tr\"},{\"@type\":\"Organization\",\"@id\":\"https:\\\/\\\/www.powermixxx.com.tr\\\/#organization\",\"name\":\"POWERMIXXX\",\"url\":\"https:\\\/\\\/www.powermixxx.com.tr\\\/\",\"logo\":{\"@type\":\"ImageObject\",\"inLanguage\":\"tr\",\"@id\":\"https:\\\/\\\/www.powermixxx.com.tr\\\/#\\\/schema\\\/logo\\\/image\\\/\",\"url\":\"https:\\\/\\\/www.powermixxx.com.tr\\\/wp-content\\\/uploads\\\/2026\\\/02\\\/cropped-powermix.png\",\"contentUrl\":\"https:\\\/\\\/www.powermixxx.com.tr\\\/wp-content\\\/uploads\\\/2026\\\/02\\\/cropped-powermix.png\",\"width\":1660,\"height\":285,\"caption\":\"POWERMIXXX\"},\"image\":{\"@id\":\"https:\\\/\\\/www.powermixxx.com.tr\\\/#\\\/schema\\\/logo\\\/image\\\/\"}}]}<\/script>\n<!-- \/ Yoast SEO plugin. -->","yoast_head_json":{"title":"Haz\u0131r S\u0131va (Saten S\u0131va) - POWERMIXXX","robots":{"index":"index","follow":"follow","max-snippet":"max-snippet:-1","max-image-preview":"max-image-preview:large","max-video-preview":"max-video-preview:-1"},"canonical":"https:\/\/www.powermixxx.com.tr\/?page_id=645","og_locale":"tr_TR","og_type":"article","og_title":"Haz\u0131r S\u0131va (Saten S\u0131va) - POWERMIXXX","og_description":"\u00a0\u00c7imento esasl\u0131, organik polimer katk\u0131l\u0131, kimyasal katk\u0131lar sayesinde bekleme s\u00fcresi uzun, i\u015flenebilirli\u011fi m\u00fckemmel, hi\u00e7bir katk\u0131 ilavesi gerektirmeden, sadece su ile [&hellip;]","og_url":"https:\/\/www.powermixxx.com.tr\/?page_id=645","og_site_name":"POWERMIXXX","article_modified_time":"2026-02-18T19:56:31+00:00","og_image":[{"width":1079,"height":1448,"url":"https:\/\/www.powermixxx.com.tr\/wp-content\/uploads\/2026\/02\/saten-1.png","type":"image\/png"}],"twitter_card":"summary_large_image","twitter_misc":{"Tahmini okuma s\u00fcresi":"2 dakika"},"schema":{"@context":"https:\/\/schema.org","@graph":[{"@type":"WebPage","@id":"https:\/\/www.powermixxx.com.tr\/?page_id=645","url":"https:\/\/www.powermixxx.com.tr\/?page_id=645","name":"Haz\u0131r S\u0131va (Saten S\u0131va) - POWERMIXXX","isPartOf":{"@id":"https:\/\/www.powermixxx.com.tr\/#website"},"primaryImageOfPage":{"@id":"https:\/\/www.powermixxx.com.tr\/?page_id=645#primaryimage"},"image":{"@id":"https:\/\/www.powermixxx.com.tr\/?page_id=645#primaryimage"},"thumbnailUrl":"https:\/\/www.powermixxx.com.tr\/wp-content\/uploads\/2026\/02\/saten-1-763x1024.png","datePublished":"2026-02-18T19:56:29+00:00","dateModified":"2026-02-18T19:56:31+00:00","breadcrumb":{"@id":"https:\/\/www.powermixxx.com.tr\/?page_id=645#breadcrumb"},"inLanguage":"tr","potentialAction":[{"@type":"ReadAction","target":["https:\/\/www.powermixxx.com.tr\/?page_id=645"]}]},{"@type":"ImageObject","inLanguage":"tr","@id":"https:\/\/www.powermixxx.com.tr\/?page_id=645#primaryimage","url":"https:\/\/www.powermixxx.com.tr\/wp-content\/uploads\/2026\/02\/saten-1.png","contentUrl":"https:\/\/www.powermixxx.com.tr\/wp-content\/uploads\/2026\/02\/saten-1.png","width":1079,"height":1448},{"@type":"BreadcrumbList","@id":"https:\/\/www.powermixxx.com.tr\/?page_id=645#breadcrumb","itemListElement":[{"@type":"ListItem","position":1,"name":"Anasayfa","item":"https:\/\/www.powermixxx.com.tr\/"},{"@type":"ListItem","position":2,"name":"Haz\u0131r S\u0131va (Saten S\u0131va)"}]},{"@type":"WebSite","@id":"https:\/\/www.powermixxx.com.tr\/#website","url":"https:\/\/www.powermixxx.com.tr\/","name":"POWERMIXXX","description":"POWERMIXXX","publisher":{"@id":"https:\/\/www.powermixxx.com.tr\/#organization"},"potentialAction":[{"@type":"SearchAction","target":{"@type":"EntryPoint","urlTemplate":"https:\/\/www.powermixxx.com.tr\/?s={search_term_string}"},"query-input":{"@type":"PropertyValueSpecification","valueRequired":true,"valueName":"search_term_string"}}],"inLanguage":"tr"},{"@type":"Organization","@id":"https:\/\/www.powermixxx.com.tr\/#organization","name":"POWERMIXXX","url":"https:\/\/www.powermixxx.com.tr\/","logo":{"@type":"ImageObject","inLanguage":"tr","@id":"https:\/\/www.powermixxx.com.tr\/#\/schema\/logo\/image\/","url":"https:\/\/www.powermixxx.com.tr\/wp-content\/uploads\/2026\/02\/cropped-powermix.png","contentUrl":"https:\/\/www.powermixxx.com.tr\/wp-content\/uploads\/2026\/02\/cropped-powermix.png","width":1660,"height":285,"caption":"POWERMIXXX"},"image":{"@id":"https:\/\/www.powermixxx.com.tr\/#\/schema\/logo\/image\/"}}]}},"_links":{"self":[{"href":"https:\/\/www.powermixxx.com.tr\/index.php?rest_route=\/wp\/v2\/pages\/645","targetHints":{"allow":["GET"]}}],"collection":[{"href":"https:\/\/www.powermixxx.com.tr\/index.php?rest_route=\/wp\/v2\/pages"}],"about":[{"href":"https:\/\/www.powermixxx.com.tr\/index.php?rest_route=\/wp\/v2\/types\/page"}],"author":[{"embeddable":true,"href":"https:\/\/www.powermixxx.com.tr\/index.php?rest_route=\/wp\/v2\/users\/1"}],"replies":[{"embeddable":true,"href":"https:\/\/www.powermixxx.com.tr\/index.php?rest_route=%2Fwp%2Fv2%2Fcomments&post=645"}],"version-history":[{"count":1,"href":"https:\/\/www.powermixxx.com.tr\/index.php?rest_route=\/wp\/v2\/pages\/645\/revisions"}],"predecessor-version":[{"id":647,"href":"https:\/\/www.powermixxx.com.tr\/index.php?rest_route=\/wp\/v2\/pages\/645\/revisions\/647"}],"wp:attachment":[{"href":"https:\/\/www.powermixxx.com.tr\/index.php?rest_route=%2Fwp%2Fv2%2Fmedia&parent=645"}],"curies":[{"name":"wp","href":"https:\/\/api.w.org\/{rel}","templated":true}]}}