{"id":638,"date":"2026-02-18T19:31:33","date_gmt":"2026-02-18T19:31:33","guid":{"rendered":"https:\/\/www.powermixxx.com.tr\/?page_id=638"},"modified":"2026-02-18T19:31:35","modified_gmt":"2026-02-18T19:31:35","slug":"hazir-siva-makine-sivasi-duayen","status":"publish","type":"page","link":"https:\/\/www.powermixxx.com.tr\/?page_id=638","title":{"rendered":"Haz\u0131r S\u0131va Makine S\u0131vas\u0131 Duayen"},"content":{"rendered":"\n<div class=\"wp-block-columns is-layout-flex wp-container-core-columns-is-layout-28f84493 wp-block-columns-is-layout-flex\">\n<div class=\"wp-block-column is-layout-flow wp-block-column-is-layout-flow\">\n<figure class=\"wp-block-image size-large is-resized\"><img loading=\"lazy\" decoding=\"async\" width=\"877\" height=\"1024\" src=\"https:\/\/www.powermixxx.com.tr\/wp-content\/uploads\/2026\/02\/makine2-877x1024.png\" alt=\"\" class=\"wp-image-640\" style=\"aspect-ratio:0.746097882170074;object-fit:cover;width:410px\" srcset=\"https:\/\/www.powermixxx.com.tr\/wp-content\/uploads\/2026\/02\/makine2-877x1024.png 877w, https:\/\/www.powermixxx.com.tr\/wp-content\/uploads\/2026\/02\/makine2-257x300.png 257w, https:\/\/www.powermixxx.com.tr\/wp-content\/uploads\/2026\/02\/makine2-768x896.png 768w, https:\/\/www.powermixxx.com.tr\/wp-content\/uploads\/2026\/02\/makine2-1316x1536.png 1316w, https:\/\/www.powermixxx.com.tr\/wp-content\/uploads\/2026\/02\/makine2.png 1447w\" sizes=\"auto, (max-width: 877px) 100vw, 877px\" \/><\/figure>\n<\/div>\n\n\n\n<div class=\"wp-block-column is-layout-flow wp-block-column-is-layout-flow\">\n<p>\u00c7imento esasl\u0131, makine veya elle uygulanabilen haz\u0131r makine s\u0131vas\u0131.<\/p>\n\n\n\n<h2 class=\"wp-block-heading\">Kullan\u0131m Alanlar\u0131<\/h2>\n\n\n\n<p><strong>\u0130\u00e7 mekanlarda;<\/strong><\/p>\n\n\n\n<ul class=\"wp-block-list\">\n<li>Tu\u011fla,<\/li>\n\n\n\n<li>Gazbeton,<\/li>\n\n\n\n<li>Beton,<\/li>\n\n\n\n<li>Br\u00fct beton,<\/li>\n\n\n\n<li>Bims,<\/li>\n\n\n\n<li>Briket duvar<\/li>\n\n\n\n<li>Tavan y\u00fczeylere<\/li>\n<\/ul>\n\n\n\n<p>uygulan\u0131r.<\/p>\n\n\n\n<h2 class=\"wp-block-heading\">\u00d6zellikler<\/h2>\n\n\n\n<ul class=\"wp-block-list\">\n<li>Tek kat uygulama ile hem kaba hem de ince s\u0131va i\u015flevini g\u00f6r\u00fcr.<\/li>\n\n\n\n<li>Y\u00fcksek yap\u0131\u015fma ve dayan\u0131m mukavemetleri ile sa\u011flam bir zemin olu\u015fturur.<\/li>\n\n\n\n<li>Seramik uygulamalar\u0131nda yap\u0131\u015ft\u0131r\u0131c\u0131 sarfiyat\u0131n\u0131 azalt\u0131r.<\/li>\n\n\n\n<li>Makine ile kolay ve h\u0131zl\u0131 uygulama olana\u011f\u0131 sa\u011flar.<\/li>\n<\/ul>\n\n\n\n<details class=\"wp-block-details has-medium-font-size is-layout-flow wp-block-details-is-layout-flow\"><summary><strong>Y\u00dcZEY HAZIRLAMA<\/strong>\u00a0\u00a0<\/summary>\n<p>Uygulama yap\u0131lacak y\u00fczey; kal\u0131p ya\u011f\u0131, toz, boya ve aderans azalt\u0131c\u0131 maddelerden mutlaka ar\u0131nd\u0131r\u0131lmal\u0131d\u0131r.<\/p>\n\n\n\n<p>Uygulama \u00f6ncesi \u00e7atlak ve deliklerin tamiri, ayn\u0131 malzeme veya uygun Entegre Tamir Har\u00e7lar\u0131 ile yap\u0131lmal\u0131d\u0131r.<\/p>\n\n\n\n<p>Uygulama y\u00fczeyi gerekli ise su ile nemlendirilmelidir.<\/p>\n\n\n\n<p><\/p>\n\n\n\n<p>Y\u00fczey kuruduktan sonra uygulamaya ge\u00e7ilir.<\/p>\n<\/details>\n\n\n\n<details class=\"wp-block-details has-medium-font-size is-layout-flow wp-block-details-is-layout-flow\"><summary><strong>HAR\u00c7 HAZIRLAMA<\/strong><\/summary>\n<p>Powermixxx\u00a0i\u00e7, haz\u0131r s\u0131va makinesi ile kar\u0131\u015ft\u0131r\u0131larak (4,5-5,5 lt su\/25 kg torba ) y\u00fczeye p\u00fcsk\u00fcrt\u00fcl\u00fcr.<\/p>\n\n\n\n<p>Uygulama kal\u0131nl\u0131\u011f\u0131 tek katta 1 cm ile 2,5 cm aras\u0131nda olmal\u0131d\u0131r.<\/p>\n\n\n\n<p>Kal\u0131nl\u0131k 2,5 cm\u2019den fazla ise ikinci kat, birinci kat prizini ald\u0131ktan sonra maksimum 2,5 cm kal\u0131nl\u0131\u011f\u0131nda uygulan\u0131r.<\/p>\n\n\n\n<p>Y\u00fczey mastarlan\u0131r.<\/p>\n\n\n\n<p>Bu i\u015flemden sonra s\u0131va yeterince sertle\u015fti\u011finde s\u0131va y\u00fczeyi tirfillenir ve nemli bir s\u00fcnger ile y\u00fczey bitirilir.<\/p>\n<\/details>\n\n\n\n<details class=\"wp-block-details has-medium-font-size is-layout-flow wp-block-details-is-layout-flow\"><summary><strong>AMBALAJ<\/strong><\/summary>\n<p class=\"has-medium-font-size\">25 kg kraft torba <\/p>\n\n\n\n<p><\/p>\n<\/details>\n\n\n\n<details class=\"wp-block-details has-large-font-size is-layout-flow wp-block-details-is-layout-flow\"><summary><strong>Profesyonel Bilgi<\/strong><\/summary>\n<p class=\"has-medium-font-size\"><strong>Teknik \u00d6zellikleri<\/strong><\/p>\n\n\n\n<figure class=\"wp-block-table has-medium-font-size\"><table class=\"has-fixed-layout\"><tbody><tr><td>Sertle\u015fmi\u015f Harc\u0131n Bo\u015fluklu Birim Hacim A\u011f\u0131rl\u0131\u011f\u0131, kg\/m\u00b3<\/td><td>1550 \u00b1 200<\/td><\/tr><tr><td>Bas\u0131n\u00e7 Dayan\u0131m\u0131, N\/mm\u00b2<\/td><td>\u2265 6 (CS IV)<\/td><\/tr><tr><td>Ba\u011f Dayan\u0131m\u0131, N\/mm\u00b2<\/td><td>\u2265 0,2 (FP:B)<\/td><\/tr><tr><td>K\u0131lcal Su Emme, kg\/m\u00b2.min<sup>0,5<\/sup><\/td><td>W0<\/td><\/tr><tr><td>Su Buhar\u0131 Ge\u00e7irgenli\u011fi Katsay\u0131s\u0131, \u00b5<\/td><td>\u2264 25<\/td><\/tr><tr><td>Ortalama Is\u0131l \u0130letkenlik, W\/m.K (\u03bb<sub>10,dry<\/sub>)<\/td><td>\u2264 0,79<\/td><\/tr><tr><td>Yang\u0131na Tepki<\/td><td>A1<\/td><\/tr><\/tbody><\/table><\/figure>\n<\/details>\n<\/div>\n<\/div>\n\n\n\n<p class=\"has-medium-font-size\"><\/p>\n","protected":false},"excerpt":{"rendered":"<p>\u00c7imento esasl\u0131, makine veya elle uygulanabilen haz\u0131r makine s\u0131vas\u0131. Kullan\u0131m Alanlar\u0131 \u0130\u00e7 mekanlarda; uygulan\u0131r. \u00d6zellikler<\/p>\n","protected":false},"author":1,"featured_media":0,"parent":0,"menu_order":0,"comment_status":"closed","ping_status":"closed","template":"","meta":{"site-sidebar-layout":"default","site-content-layout":"","ast-site-content-layout":"default","site-content-style":"default","site-sidebar-style":"default","ast-global-header-display":"","ast-banner-title-visibility":"","ast-main-header-display":"","ast-hfb-above-header-display":"","ast-hfb-below-header-display":"","ast-hfb-mobile-header-display":"","site-post-title":"","ast-breadcrumbs-content":"","ast-featured-img":"","footer-sml-layout":"","ast-disable-related-posts":"","theme-transparent-header-meta":"","adv-header-id-meta":"","stick-header-meta":"","header-above-stick-meta":"","header-main-stick-meta":"","header-below-stick-meta":"","astra-migrate-meta-layouts":"default","ast-page-background-enabled":"default","ast-page-background-meta":{"desktop":{"background-color":"var(--ast-global-color-5)","background-image":"","background-repeat":"repeat","background-position":"center center","background-size":"auto","background-attachment":"scroll","background-type":"","background-media":"","overlay-type":"","overlay-color":"","overlay-opacity":"","overlay-gradient":""},"tablet":{"background-color":"","background-image":"","background-repeat":"repeat","background-position":"center center","background-size":"auto","background-attachment":"scroll","background-type":"","background-media":"","overlay-type":"","overlay-color":"","overlay-opacity":"","overlay-gradient":""},"mobile":{"background-color":"","background-image":"","background-repeat":"repeat","background-position":"center center","background-size":"auto","background-attachment":"scroll","background-type":"","background-media":"","overlay-type":"","overlay-color":"","overlay-opacity":"","overlay-gradient":""}},"ast-content-background-meta":{"desktop":{"background-color":"var(--ast-global-color-4)","background-image":"","background-repeat":"repeat","background-position":"center center","background-size":"auto","background-attachment":"scroll","background-type":"","background-media":"","overlay-type":"","overlay-color":"","overlay-opacity":"","overlay-gradient":""},"tablet":{"background-color":"var(--ast-global-color-4)","background-image":"","background-repeat":"repeat","background-position":"center center","background-size":"auto","background-attachment":"scroll","background-type":"","background-media":"","overlay-type":"","overlay-color":"","overlay-opacity":"","overlay-gradient":""},"mobile":{"background-color":"var(--ast-global-color-4)","background-image":"","background-repeat":"repeat","background-position":"center center","background-size":"auto","background-attachment":"scroll","background-type":"","background-media":"","overlay-type":"","overlay-color":"","overlay-opacity":"","overlay-gradient":""}},"footnotes":""},"class_list":["post-638","page","type-page","status-publish","hentry"],"yoast_head":"<!-- This site is optimized with the Yoast SEO plugin v27.5 - https:\/\/yoast.com\/product\/yoast-seo-wordpress\/ -->\n<title>Haz\u0131r S\u0131va Makine S\u0131vas\u0131 Duayen - POWERMIXXX<\/title>\n<meta name=\"robots\" content=\"index, follow, max-snippet:-1, max-image-preview:large, max-video-preview:-1\" \/>\n<link rel=\"canonical\" href=\"https:\/\/www.powermixxx.com.tr\/?page_id=638\" \/>\n<meta property=\"og:locale\" content=\"tr_TR\" \/>\n<meta property=\"og:type\" content=\"article\" \/>\n<meta property=\"og:title\" content=\"Haz\u0131r S\u0131va Makine S\u0131vas\u0131 Duayen - POWERMIXXX\" \/>\n<meta property=\"og:description\" content=\"\u00c7imento esasl\u0131, makine veya elle uygulanabilen haz\u0131r makine s\u0131vas\u0131. Kullan\u0131m Alanlar\u0131 \u0130\u00e7 mekanlarda; uygulan\u0131r. \u00d6zellikler\" \/>\n<meta property=\"og:url\" content=\"https:\/\/www.powermixxx.com.tr\/?page_id=638\" \/>\n<meta property=\"og:site_name\" content=\"POWERMIXXX\" \/>\n<meta property=\"article:modified_time\" content=\"2026-02-18T19:31:35+00:00\" \/>\n<meta property=\"og:image\" content=\"https:\/\/www.powermixxx.com.tr\/wp-content\/uploads\/2026\/02\/makine2.png\" \/>\n\t<meta property=\"og:image:width\" content=\"1447\" \/>\n\t<meta property=\"og:image:height\" content=\"1689\" \/>\n\t<meta property=\"og:image:type\" content=\"image\/png\" \/>\n<meta name=\"twitter:card\" content=\"summary_large_image\" \/>\n<meta name=\"twitter:label1\" content=\"Tahmini okuma s\u00fcresi\" \/>\n\t<meta name=\"twitter:data1\" content=\"2 dakika\" \/>\n<script type=\"application\/ld+json\" class=\"yoast-schema-graph\">{\"@context\":\"https:\\\/\\\/schema.org\",\"@graph\":[{\"@type\":\"WebPage\",\"@id\":\"https:\\\/\\\/www.powermixxx.com.tr\\\/?page_id=638\",\"url\":\"https:\\\/\\\/www.powermixxx.com.tr\\\/?page_id=638\",\"name\":\"Haz\u0131r S\u0131va Makine S\u0131vas\u0131 Duayen - POWERMIXXX\",\"isPartOf\":{\"@id\":\"https:\\\/\\\/www.powermixxx.com.tr\\\/#website\"},\"primaryImageOfPage\":{\"@id\":\"https:\\\/\\\/www.powermixxx.com.tr\\\/?page_id=638#primaryimage\"},\"image\":{\"@id\":\"https:\\\/\\\/www.powermixxx.com.tr\\\/?page_id=638#primaryimage\"},\"thumbnailUrl\":\"https:\\\/\\\/www.powermixxx.com.tr\\\/wp-content\\\/uploads\\\/2026\\\/02\\\/makine2-877x1024.png\",\"datePublished\":\"2026-02-18T19:31:33+00:00\",\"dateModified\":\"2026-02-18T19:31:35+00:00\",\"breadcrumb\":{\"@id\":\"https:\\\/\\\/www.powermixxx.com.tr\\\/?page_id=638#breadcrumb\"},\"inLanguage\":\"tr\",\"potentialAction\":[{\"@type\":\"ReadAction\",\"target\":[\"https:\\\/\\\/www.powermixxx.com.tr\\\/?page_id=638\"]}]},{\"@type\":\"ImageObject\",\"inLanguage\":\"tr\",\"@id\":\"https:\\\/\\\/www.powermixxx.com.tr\\\/?page_id=638#primaryimage\",\"url\":\"https:\\\/\\\/www.powermixxx.com.tr\\\/wp-content\\\/uploads\\\/2026\\\/02\\\/makine2.png\",\"contentUrl\":\"https:\\\/\\\/www.powermixxx.com.tr\\\/wp-content\\\/uploads\\\/2026\\\/02\\\/makine2.png\",\"width\":1447,\"height\":1689},{\"@type\":\"BreadcrumbList\",\"@id\":\"https:\\\/\\\/www.powermixxx.com.tr\\\/?page_id=638#breadcrumb\",\"itemListElement\":[{\"@type\":\"ListItem\",\"position\":1,\"name\":\"Anasayfa\",\"item\":\"https:\\\/\\\/www.powermixxx.com.tr\\\/\"},{\"@type\":\"ListItem\",\"position\":2,\"name\":\"Haz\u0131r S\u0131va Makine S\u0131vas\u0131 Duayen\"}]},{\"@type\":\"WebSite\",\"@id\":\"https:\\\/\\\/www.powermixxx.com.tr\\\/#website\",\"url\":\"https:\\\/\\\/www.powermixxx.com.tr\\\/\",\"name\":\"POWERMIXXX\",\"description\":\"POWERMIXXX\",\"publisher\":{\"@id\":\"https:\\\/\\\/www.powermixxx.com.tr\\\/#organization\"},\"potentialAction\":[{\"@type\":\"SearchAction\",\"target\":{\"@type\":\"EntryPoint\",\"urlTemplate\":\"https:\\\/\\\/www.powermixxx.com.tr\\\/?s={search_term_string}\"},\"query-input\":{\"@type\":\"PropertyValueSpecification\",\"valueRequired\":true,\"valueName\":\"search_term_string\"}}],\"inLanguage\":\"tr\"},{\"@type\":\"Organization\",\"@id\":\"https:\\\/\\\/www.powermixxx.com.tr\\\/#organization\",\"name\":\"POWERMIXXX\",\"url\":\"https:\\\/\\\/www.powermixxx.com.tr\\\/\",\"logo\":{\"@type\":\"ImageObject\",\"inLanguage\":\"tr\",\"@id\":\"https:\\\/\\\/www.powermixxx.com.tr\\\/#\\\/schema\\\/logo\\\/image\\\/\",\"url\":\"https:\\\/\\\/www.powermixxx.com.tr\\\/wp-content\\\/uploads\\\/2026\\\/02\\\/cropped-powermix.png\",\"contentUrl\":\"https:\\\/\\\/www.powermixxx.com.tr\\\/wp-content\\\/uploads\\\/2026\\\/02\\\/cropped-powermix.png\",\"width\":1660,\"height\":285,\"caption\":\"POWERMIXXX\"},\"image\":{\"@id\":\"https:\\\/\\\/www.powermixxx.com.tr\\\/#\\\/schema\\\/logo\\\/image\\\/\"}}]}<\/script>\n<!-- \/ Yoast SEO plugin. -->","yoast_head_json":{"title":"Haz\u0131r S\u0131va Makine S\u0131vas\u0131 Duayen - POWERMIXXX","robots":{"index":"index","follow":"follow","max-snippet":"max-snippet:-1","max-image-preview":"max-image-preview:large","max-video-preview":"max-video-preview:-1"},"canonical":"https:\/\/www.powermixxx.com.tr\/?page_id=638","og_locale":"tr_TR","og_type":"article","og_title":"Haz\u0131r S\u0131va Makine S\u0131vas\u0131 Duayen - POWERMIXXX","og_description":"\u00c7imento esasl\u0131, makine veya elle uygulanabilen haz\u0131r makine s\u0131vas\u0131. Kullan\u0131m Alanlar\u0131 \u0130\u00e7 mekanlarda; uygulan\u0131r. \u00d6zellikler","og_url":"https:\/\/www.powermixxx.com.tr\/?page_id=638","og_site_name":"POWERMIXXX","article_modified_time":"2026-02-18T19:31:35+00:00","og_image":[{"width":1447,"height":1689,"url":"https:\/\/www.powermixxx.com.tr\/wp-content\/uploads\/2026\/02\/makine2.png","type":"image\/png"}],"twitter_card":"summary_large_image","twitter_misc":{"Tahmini okuma s\u00fcresi":"2 dakika"},"schema":{"@context":"https:\/\/schema.org","@graph":[{"@type":"WebPage","@id":"https:\/\/www.powermixxx.com.tr\/?page_id=638","url":"https:\/\/www.powermixxx.com.tr\/?page_id=638","name":"Haz\u0131r S\u0131va Makine S\u0131vas\u0131 Duayen - POWERMIXXX","isPartOf":{"@id":"https:\/\/www.powermixxx.com.tr\/#website"},"primaryImageOfPage":{"@id":"https:\/\/www.powermixxx.com.tr\/?page_id=638#primaryimage"},"image":{"@id":"https:\/\/www.powermixxx.com.tr\/?page_id=638#primaryimage"},"thumbnailUrl":"https:\/\/www.powermixxx.com.tr\/wp-content\/uploads\/2026\/02\/makine2-877x1024.png","datePublished":"2026-02-18T19:31:33+00:00","dateModified":"2026-02-18T19:31:35+00:00","breadcrumb":{"@id":"https:\/\/www.powermixxx.com.tr\/?page_id=638#breadcrumb"},"inLanguage":"tr","potentialAction":[{"@type":"ReadAction","target":["https:\/\/www.powermixxx.com.tr\/?page_id=638"]}]},{"@type":"ImageObject","inLanguage":"tr","@id":"https:\/\/www.powermixxx.com.tr\/?page_id=638#primaryimage","url":"https:\/\/www.powermixxx.com.tr\/wp-content\/uploads\/2026\/02\/makine2.png","contentUrl":"https:\/\/www.powermixxx.com.tr\/wp-content\/uploads\/2026\/02\/makine2.png","width":1447,"height":1689},{"@type":"BreadcrumbList","@id":"https:\/\/www.powermixxx.com.tr\/?page_id=638#breadcrumb","itemListElement":[{"@type":"ListItem","position":1,"name":"Anasayfa","item":"https:\/\/www.powermixxx.com.tr\/"},{"@type":"ListItem","position":2,"name":"Haz\u0131r S\u0131va Makine S\u0131vas\u0131 Duayen"}]},{"@type":"WebSite","@id":"https:\/\/www.powermixxx.com.tr\/#website","url":"https:\/\/www.powermixxx.com.tr\/","name":"POWERMIXXX","description":"POWERMIXXX","publisher":{"@id":"https:\/\/www.powermixxx.com.tr\/#organization"},"potentialAction":[{"@type":"SearchAction","target":{"@type":"EntryPoint","urlTemplate":"https:\/\/www.powermixxx.com.tr\/?s={search_term_string}"},"query-input":{"@type":"PropertyValueSpecification","valueRequired":true,"valueName":"search_term_string"}}],"inLanguage":"tr"},{"@type":"Organization","@id":"https:\/\/www.powermixxx.com.tr\/#organization","name":"POWERMIXXX","url":"https:\/\/www.powermixxx.com.tr\/","logo":{"@type":"ImageObject","inLanguage":"tr","@id":"https:\/\/www.powermixxx.com.tr\/#\/schema\/logo\/image\/","url":"https:\/\/www.powermixxx.com.tr\/wp-content\/uploads\/2026\/02\/cropped-powermix.png","contentUrl":"https:\/\/www.powermixxx.com.tr\/wp-content\/uploads\/2026\/02\/cropped-powermix.png","width":1660,"height":285,"caption":"POWERMIXXX"},"image":{"@id":"https:\/\/www.powermixxx.com.tr\/#\/schema\/logo\/image\/"}}]}},"_links":{"self":[{"href":"https:\/\/www.powermixxx.com.tr\/index.php?rest_route=\/wp\/v2\/pages\/638","targetHints":{"allow":["GET"]}}],"collection":[{"href":"https:\/\/www.powermixxx.com.tr\/index.php?rest_route=\/wp\/v2\/pages"}],"about":[{"href":"https:\/\/www.powermixxx.com.tr\/index.php?rest_route=\/wp\/v2\/types\/page"}],"author":[{"embeddable":true,"href":"https:\/\/www.powermixxx.com.tr\/index.php?rest_route=\/wp\/v2\/users\/1"}],"replies":[{"embeddable":true,"href":"https:\/\/www.powermixxx.com.tr\/index.php?rest_route=%2Fwp%2Fv2%2Fcomments&post=638"}],"version-history":[{"count":1,"href":"https:\/\/www.powermixxx.com.tr\/index.php?rest_route=\/wp\/v2\/pages\/638\/revisions"}],"predecessor-version":[{"id":641,"href":"https:\/\/www.powermixxx.com.tr\/index.php?rest_route=\/wp\/v2\/pages\/638\/revisions\/641"}],"wp:attachment":[{"href":"https:\/\/www.powermixxx.com.tr\/index.php?rest_route=%2Fwp%2Fv2%2Fmedia&parent=638"}],"curies":[{"name":"wp","href":"https:\/\/api.w.org\/{rel}","templated":true}]}}