{"id":630,"date":"2026-02-17T20:34:16","date_gmt":"2026-02-17T20:34:16","guid":{"rendered":"https:\/\/www.powermixxx.com.tr\/?page_id=630"},"modified":"2026-02-17T20:34:26","modified_gmt":"2026-02-17T20:34:26","slug":"el-sivasi-duayen","status":"publish","type":"page","link":"https:\/\/www.powermixxx.com.tr\/?page_id=630","title":{"rendered":"El S\u0131vas\u0131 Duayen"},"content":{"rendered":"\n<div class=\"wp-block-columns is-layout-flex wp-container-core-columns-is-layout-28f84493 wp-block-columns-is-layout-flex\">\n<div class=\"wp-block-column is-layout-flow wp-block-column-is-layout-flow\">\n<figure class=\"wp-block-image size-large is-resized\"><img loading=\"lazy\" decoding=\"async\" width=\"878\" height=\"1024\" src=\"https:\/\/www.powermixxx.com.tr\/wp-content\/uploads\/2026\/02\/ss-1-878x1024.png\" alt=\"\" class=\"wp-image-631\" style=\"aspect-ratio:0.746097882170074;object-fit:cover;width:400px\" srcset=\"https:\/\/www.powermixxx.com.tr\/wp-content\/uploads\/2026\/02\/ss-1-878x1024.png 878w, https:\/\/www.powermixxx.com.tr\/wp-content\/uploads\/2026\/02\/ss-1-257x300.png 257w, https:\/\/www.powermixxx.com.tr\/wp-content\/uploads\/2026\/02\/ss-1-768x896.png 768w, https:\/\/www.powermixxx.com.tr\/wp-content\/uploads\/2026\/02\/ss-1-1317x1536.png 1317w, https:\/\/www.powermixxx.com.tr\/wp-content\/uploads\/2026\/02\/ss-1.png 1329w\" sizes=\"auto, (max-width: 878px) 100vw, 878px\" \/><\/figure>\n<\/div>\n\n\n\n<div class=\"wp-block-column is-layout-flow wp-block-column-is-layout-flow\">\n<p>\u00c7imento esasl\u0131, \u00f6zel katk\u0131larla geli\u015ftirilmi\u015f, el veya makineyle uygulanabilen ince s\u0131va harc\u0131d\u0131r.<\/p>\n\n\n\n<h2 class=\"wp-block-heading\">Kullan\u0131m Alanlar\u0131<\/h2>\n\n\n\n<ul class=\"wp-block-list\">\n<li>\u0130\u00e7 ve d\u0131\u015f mekanlarda yap\u0131lardaki boyama, seramik kaplama, yal\u0131t\u0131m \u00f6ncesinde d\u00fczg\u00fcn y\u00fczey sa\u011flamada, \u00c7imento esasl\u0131 kaba s\u0131va, beton ve br\u00fct beton y\u00fczeylerde, Tu\u011fla, bims, duvar ve tavanlarda kullan\u0131l\u0131r.<\/li>\n<\/ul>\n\n\n\n<h2 class=\"wp-block-heading\">\u00d6zellikler<\/h2>\n\n\n\n<ul class=\"wp-block-list\">\n<li>Y\u00fcksek su buhar ge\u00e7irgenli\u011fi ile su buhar\u0131n\u0131n engellenmeden d\u0131\u015far\u0131ya at\u0131l\u0131p binalar\u0131n nefes almas\u0131n\u0131 sa\u011flar.<\/li>\n<\/ul>\n\n\n\n<details class=\"wp-block-details has-medium-font-size is-layout-flow wp-block-details-is-layout-flow\"><summary><strong>AMBALAJ<\/strong><\/summary>\n<p class=\"has-medium-font-size\">25 kg kraft torba <\/p>\n<\/details>\n\n\n\n<details class=\"wp-block-details has-large-font-size is-layout-flow wp-block-details-is-layout-flow\"><summary><strong>Profesyonel Bilgi<\/strong><\/summary>\n<p class=\"has-medium-font-size\"><strong>Teknik \u00d6zellikleri<\/strong><\/p>\n\n\n\n<p class=\"has-medium-font-size\">(23\u00b0C, %50 Ba\u011f\u0131l Nem)<\/p>\n\n\n\n<p class=\"has-medium-font-size\"><strong>Genel Bilgiler<\/strong><\/p>\n\n\n\n<p class=\"has-medium-font-size\">G\u00f6r\u00fcn\u00fcm: Gri ve beyaz renkli toz<\/p>\n\n\n\n<p class=\"has-medium-font-size\">Raf \u00d6mr\u00fc: A\u00e7\u0131lmam\u0131\u015f ambalaj\u0131nda kuru ortamda 12 ay<\/p>\n\n\n\n<p class=\"has-medium-font-size\"><strong>Uygulama Bilgileri<\/strong><\/p>\n\n\n\n<p class=\"has-medium-font-size\">Uygulama S\u0131cakl\u0131\u011f\u0131: (+5\u00b0C) &#8211; (+35\u00b0C)<\/p>\n\n\n\n<p class=\"has-medium-font-size\">Kar\u0131\u015f\u0131m Oran\u0131: 6 \u2013 7 lt su \/ 25 kg gri renkli toz 6,5 &#8211; 7,5 lt su \/ 25 kg beyaz renkli toz<\/p>\n\n\n\n<p class=\"has-medium-font-size\">Kap \u00d6mr\u00fc: ~4 saat<\/p>\n\n\n\n<p class=\"has-medium-font-size\">Uygulama Kal\u0131nl\u0131\u011f\u0131: 3 &#8211; 10 mm (tek katta)<\/p>\n\n\n\n<p class=\"has-medium-font-size\">T\u00fcketim (Ortalama):<strong>&nbsp;<\/strong>1,50 kg\/m\u00b2 (1mm kal\u0131nl\u0131k i\u00e7in)<\/p>\n\n\n\n<p class=\"has-medium-font-size\"><strong>Performans Bilgileri<\/strong><\/p>\n\n\n\n<p class=\"has-medium-font-size\">Kuru Y\u0131\u011f\u0131n Yo\u011funlu\u011fu (EN 1015-10)<strong>:<\/strong>&nbsp;1500 \u00b1100 kg\/m3<\/p>\n\n\n\n<p class=\"has-medium-font-size\">Sertle\u015fmi\u015f Harc\u0131n Bas\u0131n\u00e7 Dayan\u0131m\u0131 (EN 1015-11) : CS IV \u2265 6 N\/mm2<\/p>\n\n\n\n<p class=\"has-medium-font-size\">Ba\u011f Dayan\u0131m\u0131 ve Kopma \u015eekli (EN 1015-12): \u2265 0,4 N\/mm\u00b2<\/p>\n\n\n\n<p class=\"has-medium-font-size\">Su Emme Katsay\u0131s\u0131 (EN 1015-18): \u2264 0,40 kg\/m2dk0,5 \/ W1 Su<\/p>\n\n\n\n<p class=\"has-medium-font-size\">Buhar\u0131 Ge\u00e7irgenli\u011fi Katsay\u0131s\u0131: \u2264 15 \u00b5<\/p>\n\n\n\n<p class=\"has-medium-font-size\">\u0130\u015flenebilme S\u00fcresi (EN 1015-9): \u2265 120 dk<\/p>\n\n\n\n<p class=\"has-medium-font-size\">S\u0131cakl\u0131k Dayan\u0131m\u0131: (-30\u00b0C) &#8211; (+80\u00b0C)<\/p>\n\n\n\n<p class=\"has-medium-font-size\">Tehlikeli Maddeler: G\u00fcvenlik Bilgi Formu\u2019na bak\u0131n\u0131z.<\/p>\n\n\n\n<p class=\"has-medium-font-size\">Yang\u0131na Tepki (EN 13501-1): A1<\/p>\n<\/details>\n<\/div>\n<\/div>\n","protected":false},"excerpt":{"rendered":"<p>\u00c7imento esasl\u0131, \u00f6zel katk\u0131larla geli\u015ftirilmi\u015f, el veya makineyle uygulanabilen ince s\u0131va harc\u0131d\u0131r. Kullan\u0131m Alanlar\u0131 \u00d6zellikler<\/p>\n","protected":false},"author":1,"featured_media":0,"parent":0,"menu_order":0,"comment_status":"closed","ping_status":"closed","template":"","meta":{"site-sidebar-layout":"default","site-content-layout":"","ast-site-content-layout":"default","site-content-style":"default","site-sidebar-style":"default","ast-global-header-display":"","ast-banner-title-visibility":"","ast-main-header-display":"","ast-hfb-above-header-display":"","ast-hfb-below-header-display":"","ast-hfb-mobile-header-display":"","site-post-title":"","ast-breadcrumbs-content":"","ast-featured-img":"","footer-sml-layout":"","ast-disable-related-posts":"","theme-transparent-header-meta":"","adv-header-id-meta":"","stick-header-meta":"","header-above-stick-meta":"","header-main-stick-meta":"","header-below-stick-meta":"","astra-migrate-meta-layouts":"default","ast-page-background-enabled":"default","ast-page-background-meta":{"desktop":{"background-color":"var(--ast-global-color-5)","background-image":"","background-repeat":"repeat","background-position":"center center","background-size":"auto","background-attachment":"scroll","background-type":"","background-media":"","overlay-type":"","overlay-color":"","overlay-opacity":"","overlay-gradient":""},"tablet":{"background-color":"","background-image":"","background-repeat":"repeat","background-position":"center center","background-size":"auto","background-attachment":"scroll","background-type":"","background-media":"","overlay-type":"","overlay-color":"","overlay-opacity":"","overlay-gradient":""},"mobile":{"background-color":"","background-image":"","background-repeat":"repeat","background-position":"center center","background-size":"auto","background-attachment":"scroll","background-type":"","background-media":"","overlay-type":"","overlay-color":"","overlay-opacity":"","overlay-gradient":""}},"ast-content-background-meta":{"desktop":{"background-color":"var(--ast-global-color-4)","background-image":"","background-repeat":"repeat","background-position":"center center","background-size":"auto","background-attachment":"scroll","background-type":"","background-media":"","overlay-type":"","overlay-color":"","overlay-opacity":"","overlay-gradient":""},"tablet":{"background-color":"var(--ast-global-color-4)","background-image":"","background-repeat":"repeat","background-position":"center center","background-size":"auto","background-attachment":"scroll","background-type":"","background-media":"","overlay-type":"","overlay-color":"","overlay-opacity":"","overlay-gradient":""},"mobile":{"background-color":"var(--ast-global-color-4)","background-image":"","background-repeat":"repeat","background-position":"center center","background-size":"auto","background-attachment":"scroll","background-type":"","background-media":"","overlay-type":"","overlay-color":"","overlay-opacity":"","overlay-gradient":""}},"footnotes":""},"class_list":["post-630","page","type-page","status-publish","hentry"],"yoast_head":"<!-- This site is optimized with the Yoast SEO plugin v27.5 - https:\/\/yoast.com\/product\/yoast-seo-wordpress\/ -->\n<title>El S\u0131vas\u0131 Duayen - POWERMIXXX<\/title>\n<meta name=\"robots\" content=\"index, follow, max-snippet:-1, max-image-preview:large, max-video-preview:-1\" \/>\n<link rel=\"canonical\" href=\"https:\/\/www.powermixxx.com.tr\/?page_id=630\" \/>\n<meta property=\"og:locale\" content=\"tr_TR\" \/>\n<meta property=\"og:type\" content=\"article\" \/>\n<meta property=\"og:title\" content=\"El S\u0131vas\u0131 Duayen - POWERMIXXX\" \/>\n<meta property=\"og:description\" content=\"\u00c7imento esasl\u0131, \u00f6zel katk\u0131larla geli\u015ftirilmi\u015f, el veya makineyle uygulanabilen ince s\u0131va harc\u0131d\u0131r. Kullan\u0131m Alanlar\u0131 \u00d6zellikler\" \/>\n<meta property=\"og:url\" content=\"https:\/\/www.powermixxx.com.tr\/?page_id=630\" \/>\n<meta property=\"og:site_name\" content=\"POWERMIXXX\" \/>\n<meta property=\"article:modified_time\" content=\"2026-02-17T20:34:26+00:00\" \/>\n<meta property=\"og:image\" content=\"https:\/\/www.powermixxx.com.tr\/wp-content\/uploads\/2026\/02\/ss-1.png\" \/>\n\t<meta property=\"og:image:width\" content=\"1329\" \/>\n\t<meta property=\"og:image:height\" content=\"1550\" \/>\n\t<meta property=\"og:image:type\" content=\"image\/png\" \/>\n<meta name=\"twitter:card\" content=\"summary_large_image\" \/>\n<meta name=\"twitter:label1\" content=\"Tahmini okuma s\u00fcresi\" \/>\n\t<meta name=\"twitter:data1\" content=\"2 dakika\" \/>\n<script type=\"application\/ld+json\" class=\"yoast-schema-graph\">{\"@context\":\"https:\\\/\\\/schema.org\",\"@graph\":[{\"@type\":\"WebPage\",\"@id\":\"https:\\\/\\\/www.powermixxx.com.tr\\\/?page_id=630\",\"url\":\"https:\\\/\\\/www.powermixxx.com.tr\\\/?page_id=630\",\"name\":\"El S\u0131vas\u0131 Duayen - POWERMIXXX\",\"isPartOf\":{\"@id\":\"https:\\\/\\\/www.powermixxx.com.tr\\\/#website\"},\"primaryImageOfPage\":{\"@id\":\"https:\\\/\\\/www.powermixxx.com.tr\\\/?page_id=630#primaryimage\"},\"image\":{\"@id\":\"https:\\\/\\\/www.powermixxx.com.tr\\\/?page_id=630#primaryimage\"},\"thumbnailUrl\":\"https:\\\/\\\/www.powermixxx.com.tr\\\/wp-content\\\/uploads\\\/2026\\\/02\\\/ss-1-878x1024.png\",\"datePublished\":\"2026-02-17T20:34:16+00:00\",\"dateModified\":\"2026-02-17T20:34:26+00:00\",\"breadcrumb\":{\"@id\":\"https:\\\/\\\/www.powermixxx.com.tr\\\/?page_id=630#breadcrumb\"},\"inLanguage\":\"tr\",\"potentialAction\":[{\"@type\":\"ReadAction\",\"target\":[\"https:\\\/\\\/www.powermixxx.com.tr\\\/?page_id=630\"]}]},{\"@type\":\"ImageObject\",\"inLanguage\":\"tr\",\"@id\":\"https:\\\/\\\/www.powermixxx.com.tr\\\/?page_id=630#primaryimage\",\"url\":\"https:\\\/\\\/www.powermixxx.com.tr\\\/wp-content\\\/uploads\\\/2026\\\/02\\\/ss-1.png\",\"contentUrl\":\"https:\\\/\\\/www.powermixxx.com.tr\\\/wp-content\\\/uploads\\\/2026\\\/02\\\/ss-1.png\",\"width\":1329,\"height\":1550},{\"@type\":\"BreadcrumbList\",\"@id\":\"https:\\\/\\\/www.powermixxx.com.tr\\\/?page_id=630#breadcrumb\",\"itemListElement\":[{\"@type\":\"ListItem\",\"position\":1,\"name\":\"Anasayfa\",\"item\":\"https:\\\/\\\/www.powermixxx.com.tr\\\/\"},{\"@type\":\"ListItem\",\"position\":2,\"name\":\"El S\u0131vas\u0131 Duayen\"}]},{\"@type\":\"WebSite\",\"@id\":\"https:\\\/\\\/www.powermixxx.com.tr\\\/#website\",\"url\":\"https:\\\/\\\/www.powermixxx.com.tr\\\/\",\"name\":\"POWERMIXXX\",\"description\":\"POWERMIXXX\",\"publisher\":{\"@id\":\"https:\\\/\\\/www.powermixxx.com.tr\\\/#organization\"},\"potentialAction\":[{\"@type\":\"SearchAction\",\"target\":{\"@type\":\"EntryPoint\",\"urlTemplate\":\"https:\\\/\\\/www.powermixxx.com.tr\\\/?s={search_term_string}\"},\"query-input\":{\"@type\":\"PropertyValueSpecification\",\"valueRequired\":true,\"valueName\":\"search_term_string\"}}],\"inLanguage\":\"tr\"},{\"@type\":\"Organization\",\"@id\":\"https:\\\/\\\/www.powermixxx.com.tr\\\/#organization\",\"name\":\"POWERMIXXX\",\"url\":\"https:\\\/\\\/www.powermixxx.com.tr\\\/\",\"logo\":{\"@type\":\"ImageObject\",\"inLanguage\":\"tr\",\"@id\":\"https:\\\/\\\/www.powermixxx.com.tr\\\/#\\\/schema\\\/logo\\\/image\\\/\",\"url\":\"https:\\\/\\\/www.powermixxx.com.tr\\\/wp-content\\\/uploads\\\/2026\\\/02\\\/cropped-powermix.png\",\"contentUrl\":\"https:\\\/\\\/www.powermixxx.com.tr\\\/wp-content\\\/uploads\\\/2026\\\/02\\\/cropped-powermix.png\",\"width\":1660,\"height\":285,\"caption\":\"POWERMIXXX\"},\"image\":{\"@id\":\"https:\\\/\\\/www.powermixxx.com.tr\\\/#\\\/schema\\\/logo\\\/image\\\/\"}}]}<\/script>\n<!-- \/ Yoast SEO plugin. -->","yoast_head_json":{"title":"El S\u0131vas\u0131 Duayen - POWERMIXXX","robots":{"index":"index","follow":"follow","max-snippet":"max-snippet:-1","max-image-preview":"max-image-preview:large","max-video-preview":"max-video-preview:-1"},"canonical":"https:\/\/www.powermixxx.com.tr\/?page_id=630","og_locale":"tr_TR","og_type":"article","og_title":"El S\u0131vas\u0131 Duayen - POWERMIXXX","og_description":"\u00c7imento esasl\u0131, \u00f6zel katk\u0131larla geli\u015ftirilmi\u015f, el veya makineyle uygulanabilen ince s\u0131va harc\u0131d\u0131r. Kullan\u0131m Alanlar\u0131 \u00d6zellikler","og_url":"https:\/\/www.powermixxx.com.tr\/?page_id=630","og_site_name":"POWERMIXXX","article_modified_time":"2026-02-17T20:34:26+00:00","og_image":[{"width":1329,"height":1550,"url":"https:\/\/www.powermixxx.com.tr\/wp-content\/uploads\/2026\/02\/ss-1.png","type":"image\/png"}],"twitter_card":"summary_large_image","twitter_misc":{"Tahmini okuma s\u00fcresi":"2 dakika"},"schema":{"@context":"https:\/\/schema.org","@graph":[{"@type":"WebPage","@id":"https:\/\/www.powermixxx.com.tr\/?page_id=630","url":"https:\/\/www.powermixxx.com.tr\/?page_id=630","name":"El S\u0131vas\u0131 Duayen - POWERMIXXX","isPartOf":{"@id":"https:\/\/www.powermixxx.com.tr\/#website"},"primaryImageOfPage":{"@id":"https:\/\/www.powermixxx.com.tr\/?page_id=630#primaryimage"},"image":{"@id":"https:\/\/www.powermixxx.com.tr\/?page_id=630#primaryimage"},"thumbnailUrl":"https:\/\/www.powermixxx.com.tr\/wp-content\/uploads\/2026\/02\/ss-1-878x1024.png","datePublished":"2026-02-17T20:34:16+00:00","dateModified":"2026-02-17T20:34:26+00:00","breadcrumb":{"@id":"https:\/\/www.powermixxx.com.tr\/?page_id=630#breadcrumb"},"inLanguage":"tr","potentialAction":[{"@type":"ReadAction","target":["https:\/\/www.powermixxx.com.tr\/?page_id=630"]}]},{"@type":"ImageObject","inLanguage":"tr","@id":"https:\/\/www.powermixxx.com.tr\/?page_id=630#primaryimage","url":"https:\/\/www.powermixxx.com.tr\/wp-content\/uploads\/2026\/02\/ss-1.png","contentUrl":"https:\/\/www.powermixxx.com.tr\/wp-content\/uploads\/2026\/02\/ss-1.png","width":1329,"height":1550},{"@type":"BreadcrumbList","@id":"https:\/\/www.powermixxx.com.tr\/?page_id=630#breadcrumb","itemListElement":[{"@type":"ListItem","position":1,"name":"Anasayfa","item":"https:\/\/www.powermixxx.com.tr\/"},{"@type":"ListItem","position":2,"name":"El S\u0131vas\u0131 Duayen"}]},{"@type":"WebSite","@id":"https:\/\/www.powermixxx.com.tr\/#website","url":"https:\/\/www.powermixxx.com.tr\/","name":"POWERMIXXX","description":"POWERMIXXX","publisher":{"@id":"https:\/\/www.powermixxx.com.tr\/#organization"},"potentialAction":[{"@type":"SearchAction","target":{"@type":"EntryPoint","urlTemplate":"https:\/\/www.powermixxx.com.tr\/?s={search_term_string}"},"query-input":{"@type":"PropertyValueSpecification","valueRequired":true,"valueName":"search_term_string"}}],"inLanguage":"tr"},{"@type":"Organization","@id":"https:\/\/www.powermixxx.com.tr\/#organization","name":"POWERMIXXX","url":"https:\/\/www.powermixxx.com.tr\/","logo":{"@type":"ImageObject","inLanguage":"tr","@id":"https:\/\/www.powermixxx.com.tr\/#\/schema\/logo\/image\/","url":"https:\/\/www.powermixxx.com.tr\/wp-content\/uploads\/2026\/02\/cropped-powermix.png","contentUrl":"https:\/\/www.powermixxx.com.tr\/wp-content\/uploads\/2026\/02\/cropped-powermix.png","width":1660,"height":285,"caption":"POWERMIXXX"},"image":{"@id":"https:\/\/www.powermixxx.com.tr\/#\/schema\/logo\/image\/"}}]}},"_links":{"self":[{"href":"https:\/\/www.powermixxx.com.tr\/index.php?rest_route=\/wp\/v2\/pages\/630","targetHints":{"allow":["GET"]}}],"collection":[{"href":"https:\/\/www.powermixxx.com.tr\/index.php?rest_route=\/wp\/v2\/pages"}],"about":[{"href":"https:\/\/www.powermixxx.com.tr\/index.php?rest_route=\/wp\/v2\/types\/page"}],"author":[{"embeddable":true,"href":"https:\/\/www.powermixxx.com.tr\/index.php?rest_route=\/wp\/v2\/users\/1"}],"replies":[{"embeddable":true,"href":"https:\/\/www.powermixxx.com.tr\/index.php?rest_route=%2Fwp%2Fv2%2Fcomments&post=630"}],"version-history":[{"count":2,"href":"https:\/\/www.powermixxx.com.tr\/index.php?rest_route=\/wp\/v2\/pages\/630\/revisions"}],"predecessor-version":[{"id":633,"href":"https:\/\/www.powermixxx.com.tr\/index.php?rest_route=\/wp\/v2\/pages\/630\/revisions\/633"}],"wp:attachment":[{"href":"https:\/\/www.powermixxx.com.tr\/index.php?rest_route=%2Fwp%2Fv2%2Fmedia&parent=630"}],"curies":[{"name":"wp","href":"https:\/\/api.w.org\/{rel}","templated":true}]}}