{"id":615,"date":"2026-02-17T20:21:56","date_gmt":"2026-02-17T20:21:56","guid":{"rendered":"https:\/\/www.powermixxx.com.tr\/?page_id=615"},"modified":"2026-02-18T22:20:14","modified_gmt":"2026-02-18T22:20:14","slug":"tamir-harci-gri-ince","status":"publish","type":"page","link":"https:\/\/www.powermixxx.com.tr\/?page_id=615","title":{"rendered":"Tamir Harc\u0131 Gri \u0130nce"},"content":{"rendered":"\n<p><a href=\"https:\/\/www.powermixxx.com.tr\/?page_id=615\" target=\"_blank\" rel=\"noreferrer noopener\"><\/a><\/p>\n\n\n\n<div class=\"wp-block-columns is-layout-flex wp-container-core-columns-is-layout-28f84493 wp-block-columns-is-layout-flex\">\n<div class=\"wp-block-column is-layout-flow wp-block-column-is-layout-flow\">\n<figure class=\"wp-block-image size-large is-resized\"><img loading=\"lazy\" decoding=\"async\" width=\"580\" height=\"1024\" src=\"https:\/\/www.powermixxx.com.tr\/wp-content\/uploads\/2026\/02\/tmrgri-1-580x1024.png\" alt=\"\" class=\"wp-image-616\" style=\"aspect-ratio:0.746097882170074;width:388px;height:auto\" srcset=\"https:\/\/www.powermixxx.com.tr\/wp-content\/uploads\/2026\/02\/tmrgri-1-580x1024.png 580w, https:\/\/www.powermixxx.com.tr\/wp-content\/uploads\/2026\/02\/tmrgri-1-170x300.png 170w, https:\/\/www.powermixxx.com.tr\/wp-content\/uploads\/2026\/02\/tmrgri-1-768x1356.png 768w, https:\/\/www.powermixxx.com.tr\/wp-content\/uploads\/2026\/02\/tmrgri-1.png 815w\" sizes=\"auto, (max-width: 580px) 100vw, 580px\" \/><\/figure>\n<\/div>\n\n\n\n<div class=\"wp-block-column is-layout-flow wp-block-column-is-layout-flow\">\n<p>Boya \u00f6ncesi d\u00fczg\u00fcn, p\u00fcr\u00fczs\u00fcz y\u00fczey olu\u015fturulmas\u0131n\u0131 sa\u011flayan, \u00e7imento esasl\u0131, polimer takviyeli dolgu ve tamir harc\u0131d\u0131r.<\/p>\n\n\n\n<h2 class=\"wp-block-heading\">Kullan\u0131m Alanlar\u0131<\/h2>\n\n\n\n<ul class=\"wp-block-list\">\n<li>Br\u00fct beton, prefabrik beton, gaz beton, briket, tu\u011fla gibi y\u00fczeylerde ince \u00e7atlaklar\u0131n doldurulmas\u0131nda ve boya \u00f6ncesi d\u00fczg\u00fcn, p\u00fcr\u00fczs\u00fcz y\u00fczey olu\u015fturulmas\u0131nda, Yap\u0131lardaki restorasyon \u00e7al\u0131\u015fmalar\u0131nda, Duvar ve tavanlarda, s\u0131va tamirat\u0131nda, D\u00f6k\u00fclm\u00fc\u015f, oyulmu\u015f, k\u0131r\u0131lm\u0131\u015f, kopmu\u015f y\u00fczeylerin 1-5 mm\u2018ye kadar onar\u0131lmas\u0131 ve s\u0131va tamiratlar\u0131 i\u00e7in kullan\u0131m\u0131 uygundur.<\/li>\n<\/ul>\n\n\n\n<h2 class=\"wp-block-heading\">\u00d6zellikler<\/h2>\n\n\n\n<ul class=\"wp-block-list\">\n<li>Y\u00fcksek yap\u0131\u015fma g\u00fcc\u00fcne sahiptir P\u00fcr\u00fczs\u00fcz, d\u00fczg\u00fcn ve sa\u011flam y\u00fczey olu\u015fturur Beyaz renkte olmas\u0131 sebebiyle kolay boyanabilir Donma-\u00e7\u00f6z\u00fcnme \u00e7evrimine dayan\u0131kl\u0131d\u0131r 1-5 mm kal\u0131nl\u0131\u011fa kadar uygulanabilir Kolay uygulan\u0131r<\/li>\n<\/ul>\n\n\n\n<details class=\"wp-block-details has-medium-font-size is-layout-flow wp-block-details-is-layout-flow\"><summary><strong>AMBALAJ<\/strong><\/summary>\n<p class=\"has-medium-font-size\">25 kg kraft torba. <\/p>\n<\/details>\n\n\n\n<details class=\"wp-block-details has-large-font-size is-layout-flow wp-block-details-is-layout-flow\"><summary><strong>Profesyonel Bilgi<\/strong><\/summary>\n<p class=\"has-medium-font-size\"><strong>Teknik \u00d6zellikleri<\/strong><\/p>\n\n\n\n<p class=\"has-medium-font-size\">(23\u00b0C, %50 Ba\u011f\u0131l Nem)<\/p>\n\n\n\n<p class=\"has-medium-font-size\"><strong>Genel Bilgiler<\/strong><\/p>\n\n\n\n<p class=\"has-medium-font-size\">G\u00f6r\u00fcn\u00fcm: Beyaz renkli toz<\/p>\n\n\n\n<p class=\"has-medium-font-size\">Raf \u00d6mr\u00fc: A\u00e7\u0131lmam\u0131\u015f ambalaj\u0131nda kuru ortamda 12 ay<br><strong>Uygulama Bilgileri<\/strong><br>Uygulama S\u0131cakl\u0131\u011f\u0131: (+5\u00b0C) &#8211; (+35\u00b0C)<br>Kar\u0131\u015f\u0131m Oran\u0131: 6-7 lt su \/ 20 kg toz veya 1,5-1,75 lt su \/ 5 kg toz<br>Kap \u00d6mr\u00fc: Min. 60 dak.<br>Uygulama Kal\u0131nl\u0131\u011f\u0131: 5 mm (tek katta)<br>T\u00fcketim (Ortalama): 1,20-140 kg\/m\u00b2 (1mm kal\u0131nl\u0131k i\u00e7in)<br><strong>Performans Bilgileri<\/strong><br>Basma Mukavemeti (EN 12808-3): \u2265 10,0 N\/mm\u00b2 (28 g\u00fcn)<br>E\u011filme Mukavemeti (EN 12808-3): \u2265 2,5 N\/mm\u00b2<br>Betona Yap\u0131\u015fma Mukavemeti (EN 1542): \u2265 0,8 N\/mm\u00b2<br>S\u0131cakl\u0131k Dayan\u0131m\u0131: (-30\u00b0C) &#8211; (+80\u00b0C)<br>Yang\u0131na Tepki (EN 13501-1): A1<\/p>\n<\/details>\n<\/div>\n<\/div>\n","protected":false},"excerpt":{"rendered":"<p>Boya \u00f6ncesi d\u00fczg\u00fcn, p\u00fcr\u00fczs\u00fcz y\u00fczey olu\u015fturulmas\u0131n\u0131 sa\u011flayan, \u00e7imento esasl\u0131, polimer takviyeli dolgu ve tamir harc\u0131d\u0131r. Kullan\u0131m Alanlar\u0131 \u00d6zellikler<\/p>\n","protected":false},"author":1,"featured_media":0,"parent":0,"menu_order":0,"comment_status":"closed","ping_status":"closed","template":"","meta":{"site-sidebar-layout":"default","site-content-layout":"","ast-site-content-layout":"default","site-content-style":"default","site-sidebar-style":"default","ast-global-header-display":"","ast-banner-title-visibility":"","ast-main-header-display":"","ast-hfb-above-header-display":"","ast-hfb-below-header-display":"","ast-hfb-mobile-header-display":"","site-post-title":"","ast-breadcrumbs-content":"","ast-featured-img":"","footer-sml-layout":"","ast-disable-related-posts":"","theme-transparent-header-meta":"","adv-header-id-meta":"","stick-header-meta":"","header-above-stick-meta":"","header-main-stick-meta":"","header-below-stick-meta":"","astra-migrate-meta-layouts":"default","ast-page-background-enabled":"default","ast-page-background-meta":{"desktop":{"background-color":"var(--ast-global-color-5)","background-image":"","background-repeat":"repeat","background-position":"center center","background-size":"auto","background-attachment":"scroll","background-type":"","background-media":"","overlay-type":"","overlay-color":"","overlay-opacity":"","overlay-gradient":""},"tablet":{"background-color":"","background-image":"","background-repeat":"repeat","background-position":"center center","background-size":"auto","background-attachment":"scroll","background-type":"","background-media":"","overlay-type":"","overlay-color":"","overlay-opacity":"","overlay-gradient":""},"mobile":{"background-color":"","background-image":"","background-repeat":"repeat","background-position":"center center","background-size":"auto","background-attachment":"scroll","background-type":"","background-media":"","overlay-type":"","overlay-color":"","overlay-opacity":"","overlay-gradient":""}},"ast-content-background-meta":{"desktop":{"background-color":"var(--ast-global-color-4)","background-image":"","background-repeat":"repeat","background-position":"center center","background-size":"auto","background-attachment":"scroll","background-type":"","background-media":"","overlay-type":"","overlay-color":"","overlay-opacity":"","overlay-gradient":""},"tablet":{"background-color":"var(--ast-global-color-4)","background-image":"","background-repeat":"repeat","background-position":"center center","background-size":"auto","background-attachment":"scroll","background-type":"","background-media":"","overlay-type":"","overlay-color":"","overlay-opacity":"","overlay-gradient":""},"mobile":{"background-color":"var(--ast-global-color-4)","background-image":"","background-repeat":"repeat","background-position":"center center","background-size":"auto","background-attachment":"scroll","background-type":"","background-media":"","overlay-type":"","overlay-color":"","overlay-opacity":"","overlay-gradient":""}},"footnotes":""},"class_list":["post-615","page","type-page","status-publish","hentry"],"yoast_head":"<!-- This site is optimized with the Yoast SEO plugin v27.5 - https:\/\/yoast.com\/product\/yoast-seo-wordpress\/ -->\n<title>Tamir Harc\u0131 Gri \u0130nce - POWERMIXXX<\/title>\n<meta name=\"robots\" content=\"index, follow, max-snippet:-1, max-image-preview:large, max-video-preview:-1\" \/>\n<link rel=\"canonical\" href=\"https:\/\/www.powermixxx.com.tr\/?page_id=615\" \/>\n<meta property=\"og:locale\" content=\"tr_TR\" \/>\n<meta property=\"og:type\" content=\"article\" \/>\n<meta property=\"og:title\" content=\"Tamir Harc\u0131 Gri \u0130nce - POWERMIXXX\" \/>\n<meta property=\"og:description\" content=\"Boya \u00f6ncesi d\u00fczg\u00fcn, p\u00fcr\u00fczs\u00fcz y\u00fczey olu\u015fturulmas\u0131n\u0131 sa\u011flayan, \u00e7imento esasl\u0131, polimer takviyeli dolgu ve tamir harc\u0131d\u0131r. Kullan\u0131m Alanlar\u0131 \u00d6zellikler\" \/>\n<meta property=\"og:url\" content=\"https:\/\/www.powermixxx.com.tr\/?page_id=615\" \/>\n<meta property=\"og:site_name\" content=\"POWERMIXXX\" \/>\n<meta property=\"article:modified_time\" content=\"2026-02-18T22:20:14+00:00\" \/>\n<meta property=\"og:image\" content=\"https:\/\/www.powermixxx.com.tr\/wp-content\/uploads\/2026\/02\/tmrgri-1.png\" \/>\n\t<meta property=\"og:image:width\" content=\"815\" \/>\n\t<meta property=\"og:image:height\" content=\"1439\" \/>\n\t<meta property=\"og:image:type\" content=\"image\/png\" \/>\n<meta name=\"twitter:card\" content=\"summary_large_image\" \/>\n<meta name=\"twitter:label1\" content=\"Tahmini okuma s\u00fcresi\" \/>\n\t<meta name=\"twitter:data1\" content=\"2 dakika\" \/>\n<script type=\"application\/ld+json\" class=\"yoast-schema-graph\">{\"@context\":\"https:\\\/\\\/schema.org\",\"@graph\":[{\"@type\":\"WebPage\",\"@id\":\"https:\\\/\\\/www.powermixxx.com.tr\\\/?page_id=615\",\"url\":\"https:\\\/\\\/www.powermixxx.com.tr\\\/?page_id=615\",\"name\":\"Tamir Harc\u0131 Gri \u0130nce - POWERMIXXX\",\"isPartOf\":{\"@id\":\"https:\\\/\\\/www.powermixxx.com.tr\\\/#website\"},\"primaryImageOfPage\":{\"@id\":\"https:\\\/\\\/www.powermixxx.com.tr\\\/?page_id=615#primaryimage\"},\"image\":{\"@id\":\"https:\\\/\\\/www.powermixxx.com.tr\\\/?page_id=615#primaryimage\"},\"thumbnailUrl\":\"https:\\\/\\\/www.powermixxx.com.tr\\\/wp-content\\\/uploads\\\/2026\\\/02\\\/tmrgri-1-580x1024.png\",\"datePublished\":\"2026-02-17T20:21:56+00:00\",\"dateModified\":\"2026-02-18T22:20:14+00:00\",\"breadcrumb\":{\"@id\":\"https:\\\/\\\/www.powermixxx.com.tr\\\/?page_id=615#breadcrumb\"},\"inLanguage\":\"tr\",\"potentialAction\":[{\"@type\":\"ReadAction\",\"target\":[\"https:\\\/\\\/www.powermixxx.com.tr\\\/?page_id=615\"]}]},{\"@type\":\"ImageObject\",\"inLanguage\":\"tr\",\"@id\":\"https:\\\/\\\/www.powermixxx.com.tr\\\/?page_id=615#primaryimage\",\"url\":\"https:\\\/\\\/www.powermixxx.com.tr\\\/wp-content\\\/uploads\\\/2026\\\/02\\\/tmrgri-1.png\",\"contentUrl\":\"https:\\\/\\\/www.powermixxx.com.tr\\\/wp-content\\\/uploads\\\/2026\\\/02\\\/tmrgri-1.png\",\"width\":815,\"height\":1439},{\"@type\":\"BreadcrumbList\",\"@id\":\"https:\\\/\\\/www.powermixxx.com.tr\\\/?page_id=615#breadcrumb\",\"itemListElement\":[{\"@type\":\"ListItem\",\"position\":1,\"name\":\"Anasayfa\",\"item\":\"https:\\\/\\\/www.powermixxx.com.tr\\\/\"},{\"@type\":\"ListItem\",\"position\":2,\"name\":\"Tamir Harc\u0131 Gri \u0130nce\"}]},{\"@type\":\"WebSite\",\"@id\":\"https:\\\/\\\/www.powermixxx.com.tr\\\/#website\",\"url\":\"https:\\\/\\\/www.powermixxx.com.tr\\\/\",\"name\":\"POWERMIXXX\",\"description\":\"POWERMIXXX\",\"publisher\":{\"@id\":\"https:\\\/\\\/www.powermixxx.com.tr\\\/#organization\"},\"potentialAction\":[{\"@type\":\"SearchAction\",\"target\":{\"@type\":\"EntryPoint\",\"urlTemplate\":\"https:\\\/\\\/www.powermixxx.com.tr\\\/?s={search_term_string}\"},\"query-input\":{\"@type\":\"PropertyValueSpecification\",\"valueRequired\":true,\"valueName\":\"search_term_string\"}}],\"inLanguage\":\"tr\"},{\"@type\":\"Organization\",\"@id\":\"https:\\\/\\\/www.powermixxx.com.tr\\\/#organization\",\"name\":\"POWERMIXXX\",\"url\":\"https:\\\/\\\/www.powermixxx.com.tr\\\/\",\"logo\":{\"@type\":\"ImageObject\",\"inLanguage\":\"tr\",\"@id\":\"https:\\\/\\\/www.powermixxx.com.tr\\\/#\\\/schema\\\/logo\\\/image\\\/\",\"url\":\"https:\\\/\\\/www.powermixxx.com.tr\\\/wp-content\\\/uploads\\\/2026\\\/02\\\/cropped-powermix.png\",\"contentUrl\":\"https:\\\/\\\/www.powermixxx.com.tr\\\/wp-content\\\/uploads\\\/2026\\\/02\\\/cropped-powermix.png\",\"width\":1660,\"height\":285,\"caption\":\"POWERMIXXX\"},\"image\":{\"@id\":\"https:\\\/\\\/www.powermixxx.com.tr\\\/#\\\/schema\\\/logo\\\/image\\\/\"}}]}<\/script>\n<!-- \/ Yoast SEO plugin. -->","yoast_head_json":{"title":"Tamir Harc\u0131 Gri \u0130nce - POWERMIXXX","robots":{"index":"index","follow":"follow","max-snippet":"max-snippet:-1","max-image-preview":"max-image-preview:large","max-video-preview":"max-video-preview:-1"},"canonical":"https:\/\/www.powermixxx.com.tr\/?page_id=615","og_locale":"tr_TR","og_type":"article","og_title":"Tamir Harc\u0131 Gri \u0130nce - POWERMIXXX","og_description":"Boya \u00f6ncesi d\u00fczg\u00fcn, p\u00fcr\u00fczs\u00fcz y\u00fczey olu\u015fturulmas\u0131n\u0131 sa\u011flayan, \u00e7imento esasl\u0131, polimer takviyeli dolgu ve tamir harc\u0131d\u0131r. Kullan\u0131m Alanlar\u0131 \u00d6zellikler","og_url":"https:\/\/www.powermixxx.com.tr\/?page_id=615","og_site_name":"POWERMIXXX","article_modified_time":"2026-02-18T22:20:14+00:00","og_image":[{"width":815,"height":1439,"url":"https:\/\/www.powermixxx.com.tr\/wp-content\/uploads\/2026\/02\/tmrgri-1.png","type":"image\/png"}],"twitter_card":"summary_large_image","twitter_misc":{"Tahmini okuma s\u00fcresi":"2 dakika"},"schema":{"@context":"https:\/\/schema.org","@graph":[{"@type":"WebPage","@id":"https:\/\/www.powermixxx.com.tr\/?page_id=615","url":"https:\/\/www.powermixxx.com.tr\/?page_id=615","name":"Tamir Harc\u0131 Gri \u0130nce - POWERMIXXX","isPartOf":{"@id":"https:\/\/www.powermixxx.com.tr\/#website"},"primaryImageOfPage":{"@id":"https:\/\/www.powermixxx.com.tr\/?page_id=615#primaryimage"},"image":{"@id":"https:\/\/www.powermixxx.com.tr\/?page_id=615#primaryimage"},"thumbnailUrl":"https:\/\/www.powermixxx.com.tr\/wp-content\/uploads\/2026\/02\/tmrgri-1-580x1024.png","datePublished":"2026-02-17T20:21:56+00:00","dateModified":"2026-02-18T22:20:14+00:00","breadcrumb":{"@id":"https:\/\/www.powermixxx.com.tr\/?page_id=615#breadcrumb"},"inLanguage":"tr","potentialAction":[{"@type":"ReadAction","target":["https:\/\/www.powermixxx.com.tr\/?page_id=615"]}]},{"@type":"ImageObject","inLanguage":"tr","@id":"https:\/\/www.powermixxx.com.tr\/?page_id=615#primaryimage","url":"https:\/\/www.powermixxx.com.tr\/wp-content\/uploads\/2026\/02\/tmrgri-1.png","contentUrl":"https:\/\/www.powermixxx.com.tr\/wp-content\/uploads\/2026\/02\/tmrgri-1.png","width":815,"height":1439},{"@type":"BreadcrumbList","@id":"https:\/\/www.powermixxx.com.tr\/?page_id=615#breadcrumb","itemListElement":[{"@type":"ListItem","position":1,"name":"Anasayfa","item":"https:\/\/www.powermixxx.com.tr\/"},{"@type":"ListItem","position":2,"name":"Tamir Harc\u0131 Gri \u0130nce"}]},{"@type":"WebSite","@id":"https:\/\/www.powermixxx.com.tr\/#website","url":"https:\/\/www.powermixxx.com.tr\/","name":"POWERMIXXX","description":"POWERMIXXX","publisher":{"@id":"https:\/\/www.powermixxx.com.tr\/#organization"},"potentialAction":[{"@type":"SearchAction","target":{"@type":"EntryPoint","urlTemplate":"https:\/\/www.powermixxx.com.tr\/?s={search_term_string}"},"query-input":{"@type":"PropertyValueSpecification","valueRequired":true,"valueName":"search_term_string"}}],"inLanguage":"tr"},{"@type":"Organization","@id":"https:\/\/www.powermixxx.com.tr\/#organization","name":"POWERMIXXX","url":"https:\/\/www.powermixxx.com.tr\/","logo":{"@type":"ImageObject","inLanguage":"tr","@id":"https:\/\/www.powermixxx.com.tr\/#\/schema\/logo\/image\/","url":"https:\/\/www.powermixxx.com.tr\/wp-content\/uploads\/2026\/02\/cropped-powermix.png","contentUrl":"https:\/\/www.powermixxx.com.tr\/wp-content\/uploads\/2026\/02\/cropped-powermix.png","width":1660,"height":285,"caption":"POWERMIXXX"},"image":{"@id":"https:\/\/www.powermixxx.com.tr\/#\/schema\/logo\/image\/"}}]}},"_links":{"self":[{"href":"https:\/\/www.powermixxx.com.tr\/index.php?rest_route=\/wp\/v2\/pages\/615","targetHints":{"allow":["GET"]}}],"collection":[{"href":"https:\/\/www.powermixxx.com.tr\/index.php?rest_route=\/wp\/v2\/pages"}],"about":[{"href":"https:\/\/www.powermixxx.com.tr\/index.php?rest_route=\/wp\/v2\/types\/page"}],"author":[{"embeddable":true,"href":"https:\/\/www.powermixxx.com.tr\/index.php?rest_route=\/wp\/v2\/users\/1"}],"replies":[{"embeddable":true,"href":"https:\/\/www.powermixxx.com.tr\/index.php?rest_route=%2Fwp%2Fv2%2Fcomments&post=615"}],"version-history":[{"count":3,"href":"https:\/\/www.powermixxx.com.tr\/index.php?rest_route=\/wp\/v2\/pages\/615\/revisions"}],"predecessor-version":[{"id":692,"href":"https:\/\/www.powermixxx.com.tr\/index.php?rest_route=\/wp\/v2\/pages\/615\/revisions\/692"}],"wp:attachment":[{"href":"https:\/\/www.powermixxx.com.tr\/index.php?rest_route=%2Fwp%2Fv2%2Fmedia&parent=615"}],"curies":[{"name":"wp","href":"https:\/\/api.w.org\/{rel}","templated":true}]}}