{"id":552,"date":"2026-02-17T19:26:28","date_gmt":"2026-02-17T19:26:28","guid":{"rendered":"https:\/\/www.powermixxx.com.tr\/?page_id=552"},"modified":"2026-02-19T13:20:48","modified_gmt":"2026-02-19T13:20:48","slug":"isi-yalitim-levha-yapistirna-harci-duayen","status":"publish","type":"page","link":"https:\/\/www.powermixxx.com.tr\/?page_id=552","title":{"rendered":"Is\u0131 Yal\u0131t\u0131m Levha Yap\u0131\u015ft\u0131rna Harc\u0131 Duayen"},"content":{"rendered":"\n<div class=\"wp-block-columns is-layout-flex wp-container-core-columns-is-layout-28f84493 wp-block-columns-is-layout-flex\">\n<div class=\"wp-block-column is-layout-flow wp-block-column-is-layout-flow\">\n<figure class=\"wp-block-image size-large is-resized\"><img loading=\"lazy\" decoding=\"async\" width=\"764\" height=\"1024\" src=\"https:\/\/www.powermixxx.com.tr\/wp-content\/uploads\/2026\/02\/duaaaa-764x1024.jpg\" alt=\"\" class=\"wp-image-695\" style=\"aspect-ratio:0.746097882170074;width:423px;height:auto\" srcset=\"https:\/\/www.powermixxx.com.tr\/wp-content\/uploads\/2026\/02\/duaaaa-764x1024.jpg 764w, https:\/\/www.powermixxx.com.tr\/wp-content\/uploads\/2026\/02\/duaaaa-224x300.jpg 224w, https:\/\/www.powermixxx.com.tr\/wp-content\/uploads\/2026\/02\/duaaaa-768x1030.jpg 768w, https:\/\/www.powermixxx.com.tr\/wp-content\/uploads\/2026\/02\/duaaaa.jpg 1044w\" sizes=\"auto, (max-width: 764px) 100vw, 764px\" \/><\/figure>\n<\/div>\n\n\n\n<div class=\"wp-block-column is-layout-flow wp-block-column-is-layout-flow\">\n<p>\u00c7imento esasl\u0131, yal\u0131t\u0131m levhas\u0131 yap\u0131\u015ft\u0131rma harc\u0131d\u0131r.<\/p>\n\n\n\n<h2 class=\"wp-block-heading\">Kullan\u0131m Alanlar\u0131<\/h2>\n\n\n\n<ul class=\"wp-block-list\">\n<li>T\u00fcm yap\u0131lar\u0131n i\u00e7 ve d\u0131\u015f cephelerinde XPS, EPS ve Ta\u015f y\u00fcn\u00fc \u0131s\u0131 yal\u0131t\u0131m levhalar\u0131n\u0131n yap\u0131\u015ft\u0131r\u0131lmas\u0131nda kullan\u0131l\u0131r.<\/li>\n<\/ul>\n\n\n\n<h2 class=\"wp-block-heading\">\u00d6zellikler<\/h2>\n\n\n\n<ul class=\"wp-block-list\">\n<li>Y\u00fcksek yap\u0131\u015fma g\u00fcc\u00fcne sahiptir. S1 s\u0131n\u0131f\u0131 esneklik \u00f6zelli\u011fi sayesinde ani \u0131s\u0131, de\u011fi\u015fimleri sebebiyle olu\u015fan y\u00fczey gerilimlerine dayan\u0131kl\u0131d\u0131r. D\u00fc\u015fey y\u00fczey uygulamalar\u0131nda kayma yapmaz. Uzun \u00e7al\u0131\u015fma s\u00fcresine sahiptir. Kolay taraklanabilir.<\/li>\n<\/ul>\n\n\n\n<details class=\"wp-block-details has-medium-font-size is-layout-flow wp-block-details-is-layout-flow\"><summary><strong>AMBALAJ<\/strong><\/summary>\n<p class=\"has-medium-font-size\">25 kg kraft torba <\/p>\n<\/details>\n\n\n\n<details class=\"wp-block-details has-large-font-size is-layout-flow wp-block-details-is-layout-flow\"><summary><strong>Profesyonel Bilgi<\/strong><\/summary>\n<p class=\"has-medium-font-size\"><strong>Teknik \u00d6zellikleri<\/strong><\/p>\n\n\n\n<p class=\"has-medium-font-size\">(23\u00b0C, %50 Ba\u011f\u0131l Nem)<\/p>\n\n\n\n<p class=\"has-medium-font-size\"><strong>Genel Bilgiler<\/strong><\/p>\n\n\n\n<p class=\"has-medium-font-size\">G\u00f6r\u00fcn\u00fcm: Gri renkli toz<\/p>\n\n\n\n<p class=\"has-medium-font-size\">Uygulama Aleti: Tarakl\u0131 mala, mala<\/p>\n\n\n\n<p class=\"has-medium-font-size\">Raf \u00d6mr\u00fc: A\u00e7\u0131lmam\u0131\u015f ambalaj\u0131nda kuru ortamda 12 ay<\/p>\n\n\n\n<p class=\"has-medium-font-size\">Ambalaj: 25 kg kraft torba<\/p>\n\n\n\n<p class=\"has-medium-font-size\"><strong>Uygulama Bilgileri<\/strong><\/p>\n\n\n\n<p class=\"has-medium-font-size\">Uygulama S\u0131cakl\u0131\u011f\u0131: (+5\u00b0C)-(+35\u00b0C)<\/p>\n\n\n\n<p class=\"has-medium-font-size\">Kar\u0131\u015f\u0131m Oran\u0131: 25 kg toz\/5,5-6 lt su<\/p>\n\n\n\n<p class=\"has-medium-font-size\">Kap \u00d6mr\u00fc: 3 saat T\u00fcketim: 4-5 kg\/m\u00b2<\/p>\n\n\n\n<p class=\"has-medium-font-size\"><strong>Performans Bilgileri<\/strong><\/p>\n\n\n\n<p class=\"has-medium-font-size\">Is\u0131 Yal\u0131t\u0131m Plakas\u0131na Yap\u0131\u015fma Mukavemeti (EN 13494): Min. 0,10 N\/mm\u00b2<\/p>\n\n\n\n<p class=\"has-medium-font-size\">Su Emme (EN 12808-5): 30 dk. max. 5 gr &#8211; 240 dk. max. 10 gr<\/p>\n\n\n\n<p class=\"has-medium-font-size\">E\u011filme Mukavemeti (EN 1015-11): Min. 2 N\/mm\u00b2<\/p>\n\n\n\n<p class=\"has-medium-font-size\">Bas\u0131n\u00e7 Mukavemeti (EN 1015-11): Min. 10 N\/mm\u00b2<\/p>\n\n\n\n<p class=\"has-medium-font-size\">Alt Tabakaya Yap\u0131\u015fma Mukavemeti (EN 1015-12): Min. 0,7 N\/mm\u00b2<\/p>\n<\/details>\n<\/div>\n<\/div>\n","protected":false},"excerpt":{"rendered":"<p>\u00c7imento esasl\u0131, yal\u0131t\u0131m levhas\u0131 yap\u0131\u015ft\u0131rma harc\u0131d\u0131r. Kullan\u0131m Alanlar\u0131 \u00d6zellikler<\/p>\n","protected":false},"author":1,"featured_media":0,"parent":0,"menu_order":0,"comment_status":"closed","ping_status":"closed","template":"","meta":{"site-sidebar-layout":"default","site-content-layout":"","ast-site-content-layout":"default","site-content-style":"default","site-sidebar-style":"default","ast-global-header-display":"","ast-banner-title-visibility":"","ast-main-header-display":"","ast-hfb-above-header-display":"","ast-hfb-below-header-display":"","ast-hfb-mobile-header-display":"","site-post-title":"","ast-breadcrumbs-content":"","ast-featured-img":"","footer-sml-layout":"","ast-disable-related-posts":"","theme-transparent-header-meta":"","adv-header-id-meta":"","stick-header-meta":"","header-above-stick-meta":"","header-main-stick-meta":"","header-below-stick-meta":"","astra-migrate-meta-layouts":"default","ast-page-background-enabled":"default","ast-page-background-meta":{"desktop":{"background-color":"var(--ast-global-color-5)","background-image":"","background-repeat":"repeat","background-position":"center center","background-size":"auto","background-attachment":"scroll","background-type":"","background-media":"","overlay-type":"","overlay-color":"","overlay-opacity":"","overlay-gradient":""},"tablet":{"background-color":"","background-image":"","background-repeat":"repeat","background-position":"center center","background-size":"auto","background-attachment":"scroll","background-type":"","background-media":"","overlay-type":"","overlay-color":"","overlay-opacity":"","overlay-gradient":""},"mobile":{"background-color":"","background-image":"","background-repeat":"repeat","background-position":"center center","background-size":"auto","background-attachment":"scroll","background-type":"","background-media":"","overlay-type":"","overlay-color":"","overlay-opacity":"","overlay-gradient":""}},"ast-content-background-meta":{"desktop":{"background-color":"var(--ast-global-color-4)","background-image":"","background-repeat":"repeat","background-position":"center center","background-size":"auto","background-attachment":"scroll","background-type":"","background-media":"","overlay-type":"","overlay-color":"","overlay-opacity":"","overlay-gradient":""},"tablet":{"background-color":"var(--ast-global-color-4)","background-image":"","background-repeat":"repeat","background-position":"center center","background-size":"auto","background-attachment":"scroll","background-type":"","background-media":"","overlay-type":"","overlay-color":"","overlay-opacity":"","overlay-gradient":""},"mobile":{"background-color":"var(--ast-global-color-4)","background-image":"","background-repeat":"repeat","background-position":"center center","background-size":"auto","background-attachment":"scroll","background-type":"","background-media":"","overlay-type":"","overlay-color":"","overlay-opacity":"","overlay-gradient":""}},"footnotes":""},"class_list":["post-552","page","type-page","status-publish","hentry"],"yoast_head":"<!-- This site is optimized with the Yoast SEO plugin v27.5 - https:\/\/yoast.com\/product\/yoast-seo-wordpress\/ -->\n<title>Is\u0131 Yal\u0131t\u0131m Levha Yap\u0131\u015ft\u0131rna Harc\u0131 Duayen - POWERMIXXX<\/title>\n<meta name=\"robots\" content=\"index, follow, max-snippet:-1, max-image-preview:large, max-video-preview:-1\" \/>\n<link rel=\"canonical\" href=\"https:\/\/www.powermixxx.com.tr\/?page_id=552\" \/>\n<meta property=\"og:locale\" content=\"tr_TR\" \/>\n<meta property=\"og:type\" content=\"article\" \/>\n<meta property=\"og:title\" content=\"Is\u0131 Yal\u0131t\u0131m Levha Yap\u0131\u015ft\u0131rna Harc\u0131 Duayen - POWERMIXXX\" \/>\n<meta property=\"og:description\" content=\"\u00c7imento esasl\u0131, yal\u0131t\u0131m levhas\u0131 yap\u0131\u015ft\u0131rma harc\u0131d\u0131r. Kullan\u0131m Alanlar\u0131 \u00d6zellikler\" \/>\n<meta property=\"og:url\" content=\"https:\/\/www.powermixxx.com.tr\/?page_id=552\" \/>\n<meta property=\"og:site_name\" content=\"POWERMIXXX\" \/>\n<meta property=\"article:modified_time\" content=\"2026-02-19T13:20:48+00:00\" \/>\n<meta property=\"og:image\" content=\"https:\/\/www.powermixxx.com.tr\/wp-content\/uploads\/2026\/02\/duaaaa.jpg\" \/>\n\t<meta property=\"og:image:width\" content=\"1044\" \/>\n\t<meta property=\"og:image:height\" content=\"1400\" \/>\n\t<meta property=\"og:image:type\" content=\"image\/jpeg\" \/>\n<meta name=\"twitter:card\" content=\"summary_large_image\" \/>\n<meta name=\"twitter:label1\" content=\"Tahmini okuma s\u00fcresi\" \/>\n\t<meta name=\"twitter:data1\" content=\"2 dakika\" \/>\n<script type=\"application\/ld+json\" class=\"yoast-schema-graph\">{\"@context\":\"https:\\\/\\\/schema.org\",\"@graph\":[{\"@type\":\"WebPage\",\"@id\":\"https:\\\/\\\/www.powermixxx.com.tr\\\/?page_id=552\",\"url\":\"https:\\\/\\\/www.powermixxx.com.tr\\\/?page_id=552\",\"name\":\"Is\u0131 Yal\u0131t\u0131m Levha Yap\u0131\u015ft\u0131rna Harc\u0131 Duayen - POWERMIXXX\",\"isPartOf\":{\"@id\":\"https:\\\/\\\/www.powermixxx.com.tr\\\/#website\"},\"primaryImageOfPage\":{\"@id\":\"https:\\\/\\\/www.powermixxx.com.tr\\\/?page_id=552#primaryimage\"},\"image\":{\"@id\":\"https:\\\/\\\/www.powermixxx.com.tr\\\/?page_id=552#primaryimage\"},\"thumbnailUrl\":\"https:\\\/\\\/www.powermixxx.com.tr\\\/wp-content\\\/uploads\\\/2026\\\/02\\\/duaaaa-764x1024.jpg\",\"datePublished\":\"2026-02-17T19:26:28+00:00\",\"dateModified\":\"2026-02-19T13:20:48+00:00\",\"breadcrumb\":{\"@id\":\"https:\\\/\\\/www.powermixxx.com.tr\\\/?page_id=552#breadcrumb\"},\"inLanguage\":\"tr\",\"potentialAction\":[{\"@type\":\"ReadAction\",\"target\":[\"https:\\\/\\\/www.powermixxx.com.tr\\\/?page_id=552\"]}]},{\"@type\":\"ImageObject\",\"inLanguage\":\"tr\",\"@id\":\"https:\\\/\\\/www.powermixxx.com.tr\\\/?page_id=552#primaryimage\",\"url\":\"https:\\\/\\\/www.powermixxx.com.tr\\\/wp-content\\\/uploads\\\/2026\\\/02\\\/duaaaa.jpg\",\"contentUrl\":\"https:\\\/\\\/www.powermixxx.com.tr\\\/wp-content\\\/uploads\\\/2026\\\/02\\\/duaaaa.jpg\",\"width\":1044,\"height\":1400},{\"@type\":\"BreadcrumbList\",\"@id\":\"https:\\\/\\\/www.powermixxx.com.tr\\\/?page_id=552#breadcrumb\",\"itemListElement\":[{\"@type\":\"ListItem\",\"position\":1,\"name\":\"Anasayfa\",\"item\":\"https:\\\/\\\/www.powermixxx.com.tr\\\/\"},{\"@type\":\"ListItem\",\"position\":2,\"name\":\"Is\u0131 Yal\u0131t\u0131m Levha Yap\u0131\u015ft\u0131rna Harc\u0131 Duayen\"}]},{\"@type\":\"WebSite\",\"@id\":\"https:\\\/\\\/www.powermixxx.com.tr\\\/#website\",\"url\":\"https:\\\/\\\/www.powermixxx.com.tr\\\/\",\"name\":\"POWERMIXXX\",\"description\":\"POWERMIXXX\",\"publisher\":{\"@id\":\"https:\\\/\\\/www.powermixxx.com.tr\\\/#organization\"},\"potentialAction\":[{\"@type\":\"SearchAction\",\"target\":{\"@type\":\"EntryPoint\",\"urlTemplate\":\"https:\\\/\\\/www.powermixxx.com.tr\\\/?s={search_term_string}\"},\"query-input\":{\"@type\":\"PropertyValueSpecification\",\"valueRequired\":true,\"valueName\":\"search_term_string\"}}],\"inLanguage\":\"tr\"},{\"@type\":\"Organization\",\"@id\":\"https:\\\/\\\/www.powermixxx.com.tr\\\/#organization\",\"name\":\"POWERMIXXX\",\"url\":\"https:\\\/\\\/www.powermixxx.com.tr\\\/\",\"logo\":{\"@type\":\"ImageObject\",\"inLanguage\":\"tr\",\"@id\":\"https:\\\/\\\/www.powermixxx.com.tr\\\/#\\\/schema\\\/logo\\\/image\\\/\",\"url\":\"https:\\\/\\\/www.powermixxx.com.tr\\\/wp-content\\\/uploads\\\/2026\\\/02\\\/cropped-powermix.png\",\"contentUrl\":\"https:\\\/\\\/www.powermixxx.com.tr\\\/wp-content\\\/uploads\\\/2026\\\/02\\\/cropped-powermix.png\",\"width\":1660,\"height\":285,\"caption\":\"POWERMIXXX\"},\"image\":{\"@id\":\"https:\\\/\\\/www.powermixxx.com.tr\\\/#\\\/schema\\\/logo\\\/image\\\/\"}}]}<\/script>\n<!-- \/ Yoast SEO plugin. -->","yoast_head_json":{"title":"Is\u0131 Yal\u0131t\u0131m Levha Yap\u0131\u015ft\u0131rna Harc\u0131 Duayen - POWERMIXXX","robots":{"index":"index","follow":"follow","max-snippet":"max-snippet:-1","max-image-preview":"max-image-preview:large","max-video-preview":"max-video-preview:-1"},"canonical":"https:\/\/www.powermixxx.com.tr\/?page_id=552","og_locale":"tr_TR","og_type":"article","og_title":"Is\u0131 Yal\u0131t\u0131m Levha Yap\u0131\u015ft\u0131rna Harc\u0131 Duayen - POWERMIXXX","og_description":"\u00c7imento esasl\u0131, yal\u0131t\u0131m levhas\u0131 yap\u0131\u015ft\u0131rma harc\u0131d\u0131r. Kullan\u0131m Alanlar\u0131 \u00d6zellikler","og_url":"https:\/\/www.powermixxx.com.tr\/?page_id=552","og_site_name":"POWERMIXXX","article_modified_time":"2026-02-19T13:20:48+00:00","og_image":[{"width":1044,"height":1400,"url":"https:\/\/www.powermixxx.com.tr\/wp-content\/uploads\/2026\/02\/duaaaa.jpg","type":"image\/jpeg"}],"twitter_card":"summary_large_image","twitter_misc":{"Tahmini okuma s\u00fcresi":"2 dakika"},"schema":{"@context":"https:\/\/schema.org","@graph":[{"@type":"WebPage","@id":"https:\/\/www.powermixxx.com.tr\/?page_id=552","url":"https:\/\/www.powermixxx.com.tr\/?page_id=552","name":"Is\u0131 Yal\u0131t\u0131m Levha Yap\u0131\u015ft\u0131rna Harc\u0131 Duayen - POWERMIXXX","isPartOf":{"@id":"https:\/\/www.powermixxx.com.tr\/#website"},"primaryImageOfPage":{"@id":"https:\/\/www.powermixxx.com.tr\/?page_id=552#primaryimage"},"image":{"@id":"https:\/\/www.powermixxx.com.tr\/?page_id=552#primaryimage"},"thumbnailUrl":"https:\/\/www.powermixxx.com.tr\/wp-content\/uploads\/2026\/02\/duaaaa-764x1024.jpg","datePublished":"2026-02-17T19:26:28+00:00","dateModified":"2026-02-19T13:20:48+00:00","breadcrumb":{"@id":"https:\/\/www.powermixxx.com.tr\/?page_id=552#breadcrumb"},"inLanguage":"tr","potentialAction":[{"@type":"ReadAction","target":["https:\/\/www.powermixxx.com.tr\/?page_id=552"]}]},{"@type":"ImageObject","inLanguage":"tr","@id":"https:\/\/www.powermixxx.com.tr\/?page_id=552#primaryimage","url":"https:\/\/www.powermixxx.com.tr\/wp-content\/uploads\/2026\/02\/duaaaa.jpg","contentUrl":"https:\/\/www.powermixxx.com.tr\/wp-content\/uploads\/2026\/02\/duaaaa.jpg","width":1044,"height":1400},{"@type":"BreadcrumbList","@id":"https:\/\/www.powermixxx.com.tr\/?page_id=552#breadcrumb","itemListElement":[{"@type":"ListItem","position":1,"name":"Anasayfa","item":"https:\/\/www.powermixxx.com.tr\/"},{"@type":"ListItem","position":2,"name":"Is\u0131 Yal\u0131t\u0131m Levha Yap\u0131\u015ft\u0131rna Harc\u0131 Duayen"}]},{"@type":"WebSite","@id":"https:\/\/www.powermixxx.com.tr\/#website","url":"https:\/\/www.powermixxx.com.tr\/","name":"POWERMIXXX","description":"POWERMIXXX","publisher":{"@id":"https:\/\/www.powermixxx.com.tr\/#organization"},"potentialAction":[{"@type":"SearchAction","target":{"@type":"EntryPoint","urlTemplate":"https:\/\/www.powermixxx.com.tr\/?s={search_term_string}"},"query-input":{"@type":"PropertyValueSpecification","valueRequired":true,"valueName":"search_term_string"}}],"inLanguage":"tr"},{"@type":"Organization","@id":"https:\/\/www.powermixxx.com.tr\/#organization","name":"POWERMIXXX","url":"https:\/\/www.powermixxx.com.tr\/","logo":{"@type":"ImageObject","inLanguage":"tr","@id":"https:\/\/www.powermixxx.com.tr\/#\/schema\/logo\/image\/","url":"https:\/\/www.powermixxx.com.tr\/wp-content\/uploads\/2026\/02\/cropped-powermix.png","contentUrl":"https:\/\/www.powermixxx.com.tr\/wp-content\/uploads\/2026\/02\/cropped-powermix.png","width":1660,"height":285,"caption":"POWERMIXXX"},"image":{"@id":"https:\/\/www.powermixxx.com.tr\/#\/schema\/logo\/image\/"}}]}},"_links":{"self":[{"href":"https:\/\/www.powermixxx.com.tr\/index.php?rest_route=\/wp\/v2\/pages\/552","targetHints":{"allow":["GET"]}}],"collection":[{"href":"https:\/\/www.powermixxx.com.tr\/index.php?rest_route=\/wp\/v2\/pages"}],"about":[{"href":"https:\/\/www.powermixxx.com.tr\/index.php?rest_route=\/wp\/v2\/types\/page"}],"author":[{"embeddable":true,"href":"https:\/\/www.powermixxx.com.tr\/index.php?rest_route=\/wp\/v2\/users\/1"}],"replies":[{"embeddable":true,"href":"https:\/\/www.powermixxx.com.tr\/index.php?rest_route=%2Fwp%2Fv2%2Fcomments&post=552"}],"version-history":[{"count":2,"href":"https:\/\/www.powermixxx.com.tr\/index.php?rest_route=\/wp\/v2\/pages\/552\/revisions"}],"predecessor-version":[{"id":696,"href":"https:\/\/www.powermixxx.com.tr\/index.php?rest_route=\/wp\/v2\/pages\/552\/revisions\/696"}],"wp:attachment":[{"href":"https:\/\/www.powermixxx.com.tr\/index.php?rest_route=%2Fwp%2Fv2%2Fmedia&parent=552"}],"curies":[{"name":"wp","href":"https:\/\/api.w.org\/{rel}","templated":true}]}}