{"id":522,"date":"2026-02-17T19:04:01","date_gmt":"2026-02-17T19:04:01","guid":{"rendered":"https:\/\/www.powermixxx.com.tr\/?page_id=522"},"modified":"2026-02-18T21:20:11","modified_gmt":"2026-02-18T21:20:11","slug":"flex-seramik-yapistiricisi-1-kg","status":"publish","type":"page","link":"https:\/\/www.powermixxx.com.tr\/?page_id=522","title":{"rendered":"Flex Seramik Yap\u0131\u015ft\u0131r\u0131c\u0131s\u0131 1 kg"},"content":{"rendered":"\n<div class=\"wp-block-columns is-layout-flex wp-container-core-columns-is-layout-28f84493 wp-block-columns-is-layout-flex\">\n<div class=\"wp-block-column is-layout-flow wp-block-column-is-layout-flow\">\n<figure class=\"wp-block-image size-large is-resized\"><img loading=\"lazy\" decoding=\"async\" width=\"764\" height=\"1024\" src=\"https:\/\/www.powermixxx.com.tr\/wp-content\/uploads\/2026\/02\/seramik1-3-764x1024.png\" alt=\"\" class=\"wp-image-523\" style=\"aspect-ratio:0.746097882170074;width:423px;height:auto\" srcset=\"https:\/\/www.powermixxx.com.tr\/wp-content\/uploads\/2026\/02\/seramik1-3-764x1024.png 764w, https:\/\/www.powermixxx.com.tr\/wp-content\/uploads\/2026\/02\/seramik1-3-224x300.png 224w, https:\/\/www.powermixxx.com.tr\/wp-content\/uploads\/2026\/02\/seramik1-3-768x1029.png 768w, https:\/\/www.powermixxx.com.tr\/wp-content\/uploads\/2026\/02\/seramik1-3-1146x1536.png 1146w, https:\/\/www.powermixxx.com.tr\/wp-content\/uploads\/2026\/02\/seramik1-3.png 1218w\" sizes=\"auto, (max-width: 764px) 100vw, 764px\" \/><\/figure>\n<\/div>\n\n\n\n<div class=\"wp-block-column is-layout-flow wp-block-column-is-layout-flow\">\n<p>S1 s\u0131n\u0131f\u0131 esnek, y\u00fcksek performansl\u0131, kayma \u00f6zelli\u011fi azalt\u0131lm\u0131\u015f, uzun \u00e7al\u0131\u015fma s\u00fcresine sahip \u00e7imento esasl\u0131 yap\u0131\u015ft\u0131rma harc\u0131d\u0131r. K\u0131\u015f ko\u015fullar\u0131nda uygulaman\u0131n devam edebilmesi i\u00e7in (-10\u00b0C) &#8211; (+35\u00b0C) aras\u0131nda g\u00fcvenle kullan\u0131labilen Wintertech teknolojisine sahip versiyonu bulunmaktad\u0131r.<\/p>\n\n\n\n<h2 class=\"wp-block-heading\">Kullan\u0131m Alanlar\u0131<\/h2>\n\n\n\n<ul class=\"wp-block-list\">\n<li>\u0130\u00e7 ve d\u0131\u015f mek\u00e2nlarda, seramik, do\u011fal ta\u015f, traverten, dekoratif tu\u011fla, granit, porselen seramik, klinker, kotto gibi kaplama malzemelerinin yatay ve d\u00fc\u015feyde beton, s\u0131va, \u015fap gibi y\u00fczeyler \u00fczerine uygulanmas\u0131nda, Plywood \u00fczerine seramik kaplamada, Eski seramik, granit \u00fczerine seramik kaplamada, Al\u00e7\u0131, boya gibi zorlu y\u00fczeyler \u00fczerine seramik uygulamalar\u0131nda, Havuz su deposu gibi \u0131slak hacimli mek\u00e2nlarda, So\u011fuk hava depolar\u0131, \u015foklama tesisleri, f\u0131r\u0131nlar\u0131n d\u0131\u015f cepheleri, alttan \u0131s\u0131tmal\u0131 sistemler gibi \u0131s\u0131 de\u011fi\u015fimlerinin oldu\u011fu mek\u00e2nlarda, Teraslarda ve balkon uygulamalar\u0131nda, Yo\u011fun yaya ve y\u00fck trafi\u011finin oldu\u011fu al\u0131\u015fveri\u015f- i\u015f merkezleri, hastane, okul gibi mek\u00e2nlarda kullan\u0131l\u0131r.<\/li>\n<\/ul>\n\n\n\n<h2 class=\"wp-block-heading\">\u00d6zellikler<\/h2>\n\n\n\n<ul class=\"wp-block-list\">\n<li>Y\u00fcksek yap\u0131\u015fma g\u00fcc\u00fcne sahiptir. S1 s\u0131n\u0131f\u0131 esneklik \u00f6zelli\u011fi sayesinde ani \u0131s\u0131, de\u011fi\u015fimleri sebebiyle olu\u015fan y\u00fczey gerilimlerine dayan\u0131kl\u0131d\u0131r. D\u00fc\u015fey y\u00fczey uygulamalar\u0131nda kayma yapmaz. Uzun \u00e7al\u0131\u015fma s\u00fcresine sahiptir. Kolay taraklanabilir.<\/li>\n<\/ul>\n\n\n\n<details class=\"wp-block-details has-medium-font-size is-layout-flow wp-block-details-is-layout-flow\"><summary><strong>AMBALAJ<\/strong><\/summary>\n<p class=\"has-medium-font-size\">1 kg polietilen torba<\/p>\n<\/details>\n\n\n\n<details class=\"wp-block-details has-large-font-size is-layout-flow wp-block-details-is-layout-flow\"><summary><strong>Profesyonel Bilgi<\/strong><\/summary>\n<p class=\"has-medium-font-size\"><strong>Teknik \u00d6zellikleri\u00a0<\/strong><br>(23\u00b0C ve %50 Ba\u011f\u0131l Nem)<br>G\u00f6r\u00fcn\u00fcm: Gri ve Beyaz renkli toz<br>Raf \u00d6mr\u00fc: A\u00e7\u0131lmam\u0131\u015f ambalaj\u0131nda kuru ortamda 12 ay<br><strong>Uygulama Bilgileri<\/strong><br>Uygulama S\u0131cakl\u0131\u011f\u0131:(+5\u00b0C) &#8211; (+35\u00b0C)\u00a0 \u00a0 \u00a0 \u00a0 \u00a0 \u00a0 \u00a0 \u00a0 \u00a0 \u00a0 \u00a0 \u00a0 \u00a0 \u00a0 \u00a0 \u00a0 \u00a0 \u00a0 \u00a0 \u00a0 \u00a0 \u00a0 \u00a0 \u00a0 \u00a0 (-10\u00b0C) &#8211; (+23\u00b0C) Wintertech Teknolojisi ile\u00a0<br>Kar\u0131\u015f\u0131m Oran\u0131: 6,5-7,0 lt su \/ 25 kg gri toz,6,75-7,25 lt su \/ 25 kg beyaz toz\u00a0 \u00a0 \u00a0 \u00a0 \u00a0 \u00a0 \u00a0 \u00a0 \u00a0 \u00a0 \u00a0 \u00a0 \u00a0 \u00a0 \u00a0 \u00a0 \u00a0 \u00a0 \u00a0 \u00a0 \u00a0 \u00a0 \u00a0 \u00a0 \u00a0 \u00a0 \u00a0 \u00a0 \u00a0 \u00a0 \u00a0 \u00a0 \u00a0 \u00a0 \u00a0 \u00a0 \u00a0 \u00a0 \u00a0 Kap \u00d6mr\u00fc: 6 saat<br>Kullan\u0131ma Alma: S\u00fcresi Duvarda 8 saat &#8211; Zeminde 1 g\u00fcn<br>T\u00fcketim Ortalama: 3-5 kg\/m\u00b2<br><strong>Performans Bilgileri<\/strong><br>Kayma (EN 1308): \u2264 0,5 mm<br>A\u00e7\u0131k Bekletme S\u00fcresi (EN 1346): En az 30 dk. sonra \u2265 0,5 N\/mm\u00b2\u00a0 \u00a0 \u00a0 \u00a0 \u00a0 \u00a0 \u00a0 \u00a0 \u00a0 \u00a0 \u00a0 \u00a0 \u00a0 \u00a0 \u00a0 \u00a0 \u00a0 \u00a0 Yap\u0131\u015fma Mukavemeti (EN 1348)<br>&#8211; Ba\u015flang\u0131\u00e7 \u2265 1 N\/mm\u00b2<br>&#8211; Suya Dald\u0131r\u0131ld\u0131ktan Sonra \u2265 1 N\/mm\u00b2<br>&#8211; Is\u0131yla Ya\u015fland\u0131r\u0131ld\u0131ktan Sonra \u2265 1 N\/mm\u00b2<br>&#8211; Donma-\u00c7\u00f6z\u00fcnme \u00c7evriminden Sonra \u2265 1 N\/mm\u00b2<br>Esneklik (TS EN 12004-2): \u2265 2,5 mm &#8211; S1 Esnek<br>S\u0131cakl\u0131k Dayan\u0131m\u0131: (-40\u00b0C) &#8211; (+80\u00b0C)<\/p>\n<\/details>\n<\/div>\n<\/div>\n","protected":false},"excerpt":{"rendered":"<p>S1 s\u0131n\u0131f\u0131 esnek, y\u00fcksek performansl\u0131, kayma \u00f6zelli\u011fi azalt\u0131lm\u0131\u015f, uzun \u00e7al\u0131\u015fma s\u00fcresine sahip \u00e7imento esasl\u0131 yap\u0131\u015ft\u0131rma harc\u0131d\u0131r. K\u0131\u015f ko\u015fullar\u0131nda uygulaman\u0131n devam [&hellip;]<\/p>\n","protected":false},"author":1,"featured_media":0,"parent":0,"menu_order":0,"comment_status":"closed","ping_status":"closed","template":"","meta":{"site-sidebar-layout":"default","site-content-layout":"","ast-site-content-layout":"default","site-content-style":"default","site-sidebar-style":"default","ast-global-header-display":"","ast-banner-title-visibility":"","ast-main-header-display":"","ast-hfb-above-header-display":"","ast-hfb-below-header-display":"","ast-hfb-mobile-header-display":"","site-post-title":"","ast-breadcrumbs-content":"","ast-featured-img":"","footer-sml-layout":"","ast-disable-related-posts":"","theme-transparent-header-meta":"","adv-header-id-meta":"","stick-header-meta":"","header-above-stick-meta":"","header-main-stick-meta":"","header-below-stick-meta":"","astra-migrate-meta-layouts":"default","ast-page-background-enabled":"default","ast-page-background-meta":{"desktop":{"background-color":"var(--ast-global-color-5)","background-image":"","background-repeat":"repeat","background-position":"center center","background-size":"auto","background-attachment":"scroll","background-type":"","background-media":"","overlay-type":"","overlay-color":"","overlay-opacity":"","overlay-gradient":""},"tablet":{"background-color":"","background-image":"","background-repeat":"repeat","background-position":"center center","background-size":"auto","background-attachment":"scroll","background-type":"","background-media":"","overlay-type":"","overlay-color":"","overlay-opacity":"","overlay-gradient":""},"mobile":{"background-color":"","background-image":"","background-repeat":"repeat","background-position":"center center","background-size":"auto","background-attachment":"scroll","background-type":"","background-media":"","overlay-type":"","overlay-color":"","overlay-opacity":"","overlay-gradient":""}},"ast-content-background-meta":{"desktop":{"background-color":"var(--ast-global-color-4)","background-image":"","background-repeat":"repeat","background-position":"center center","background-size":"auto","background-attachment":"scroll","background-type":"","background-media":"","overlay-type":"","overlay-color":"","overlay-opacity":"","overlay-gradient":""},"tablet":{"background-color":"var(--ast-global-color-4)","background-image":"","background-repeat":"repeat","background-position":"center center","background-size":"auto","background-attachment":"scroll","background-type":"","background-media":"","overlay-type":"","overlay-color":"","overlay-opacity":"","overlay-gradient":""},"mobile":{"background-color":"var(--ast-global-color-4)","background-image":"","background-repeat":"repeat","background-position":"center center","background-size":"auto","background-attachment":"scroll","background-type":"","background-media":"","overlay-type":"","overlay-color":"","overlay-opacity":"","overlay-gradient":""}},"footnotes":""},"class_list":["post-522","page","type-page","status-publish","hentry"],"yoast_head":"<!-- This site is optimized with the Yoast SEO plugin v27.5 - https:\/\/yoast.com\/product\/yoast-seo-wordpress\/ -->\n<title>Flex Seramik Yap\u0131\u015ft\u0131r\u0131c\u0131s\u0131 1 kg - POWERMIXXX<\/title>\n<meta name=\"robots\" content=\"index, follow, max-snippet:-1, max-image-preview:large, max-video-preview:-1\" \/>\n<link rel=\"canonical\" href=\"https:\/\/www.powermixxx.com.tr\/?page_id=522\" \/>\n<meta property=\"og:locale\" content=\"tr_TR\" \/>\n<meta property=\"og:type\" content=\"article\" \/>\n<meta property=\"og:title\" content=\"Flex Seramik Yap\u0131\u015ft\u0131r\u0131c\u0131s\u0131 1 kg - POWERMIXXX\" \/>\n<meta property=\"og:description\" content=\"S1 s\u0131n\u0131f\u0131 esnek, y\u00fcksek performansl\u0131, kayma \u00f6zelli\u011fi azalt\u0131lm\u0131\u015f, uzun \u00e7al\u0131\u015fma s\u00fcresine sahip \u00e7imento esasl\u0131 yap\u0131\u015ft\u0131rma harc\u0131d\u0131r. K\u0131\u015f ko\u015fullar\u0131nda uygulaman\u0131n devam [&hellip;]\" \/>\n<meta property=\"og:url\" content=\"https:\/\/www.powermixxx.com.tr\/?page_id=522\" \/>\n<meta property=\"og:site_name\" content=\"POWERMIXXX\" \/>\n<meta property=\"article:modified_time\" content=\"2026-02-18T21:20:11+00:00\" \/>\n<meta property=\"og:image\" content=\"https:\/\/www.powermixxx.com.tr\/wp-content\/uploads\/2026\/02\/seramik1-3.png\" \/>\n\t<meta property=\"og:image:width\" content=\"1218\" \/>\n\t<meta property=\"og:image:height\" content=\"1632\" \/>\n\t<meta property=\"og:image:type\" content=\"image\/png\" \/>\n<meta name=\"twitter:card\" content=\"summary_large_image\" \/>\n<meta name=\"twitter:label1\" content=\"Tahmini okuma s\u00fcresi\" \/>\n\t<meta name=\"twitter:data1\" content=\"2 dakika\" \/>\n<script type=\"application\/ld+json\" class=\"yoast-schema-graph\">{\"@context\":\"https:\\\/\\\/schema.org\",\"@graph\":[{\"@type\":\"WebPage\",\"@id\":\"https:\\\/\\\/www.powermixxx.com.tr\\\/?page_id=522\",\"url\":\"https:\\\/\\\/www.powermixxx.com.tr\\\/?page_id=522\",\"name\":\"Flex Seramik Yap\u0131\u015ft\u0131r\u0131c\u0131s\u0131 1 kg - POWERMIXXX\",\"isPartOf\":{\"@id\":\"https:\\\/\\\/www.powermixxx.com.tr\\\/#website\"},\"primaryImageOfPage\":{\"@id\":\"https:\\\/\\\/www.powermixxx.com.tr\\\/?page_id=522#primaryimage\"},\"image\":{\"@id\":\"https:\\\/\\\/www.powermixxx.com.tr\\\/?page_id=522#primaryimage\"},\"thumbnailUrl\":\"https:\\\/\\\/www.powermixxx.com.tr\\\/wp-content\\\/uploads\\\/2026\\\/02\\\/seramik1-3-764x1024.png\",\"datePublished\":\"2026-02-17T19:04:01+00:00\",\"dateModified\":\"2026-02-18T21:20:11+00:00\",\"breadcrumb\":{\"@id\":\"https:\\\/\\\/www.powermixxx.com.tr\\\/?page_id=522#breadcrumb\"},\"inLanguage\":\"tr\",\"potentialAction\":[{\"@type\":\"ReadAction\",\"target\":[\"https:\\\/\\\/www.powermixxx.com.tr\\\/?page_id=522\"]}]},{\"@type\":\"ImageObject\",\"inLanguage\":\"tr\",\"@id\":\"https:\\\/\\\/www.powermixxx.com.tr\\\/?page_id=522#primaryimage\",\"url\":\"https:\\\/\\\/www.powermixxx.com.tr\\\/wp-content\\\/uploads\\\/2026\\\/02\\\/seramik1-3.png\",\"contentUrl\":\"https:\\\/\\\/www.powermixxx.com.tr\\\/wp-content\\\/uploads\\\/2026\\\/02\\\/seramik1-3.png\",\"width\":1218,\"height\":1632},{\"@type\":\"BreadcrumbList\",\"@id\":\"https:\\\/\\\/www.powermixxx.com.tr\\\/?page_id=522#breadcrumb\",\"itemListElement\":[{\"@type\":\"ListItem\",\"position\":1,\"name\":\"Anasayfa\",\"item\":\"https:\\\/\\\/www.powermixxx.com.tr\\\/\"},{\"@type\":\"ListItem\",\"position\":2,\"name\":\"Flex Seramik Yap\u0131\u015ft\u0131r\u0131c\u0131s\u0131 1 kg\"}]},{\"@type\":\"WebSite\",\"@id\":\"https:\\\/\\\/www.powermixxx.com.tr\\\/#website\",\"url\":\"https:\\\/\\\/www.powermixxx.com.tr\\\/\",\"name\":\"POWERMIXXX\",\"description\":\"POWERMIXXX\",\"publisher\":{\"@id\":\"https:\\\/\\\/www.powermixxx.com.tr\\\/#organization\"},\"potentialAction\":[{\"@type\":\"SearchAction\",\"target\":{\"@type\":\"EntryPoint\",\"urlTemplate\":\"https:\\\/\\\/www.powermixxx.com.tr\\\/?s={search_term_string}\"},\"query-input\":{\"@type\":\"PropertyValueSpecification\",\"valueRequired\":true,\"valueName\":\"search_term_string\"}}],\"inLanguage\":\"tr\"},{\"@type\":\"Organization\",\"@id\":\"https:\\\/\\\/www.powermixxx.com.tr\\\/#organization\",\"name\":\"POWERMIXXX\",\"url\":\"https:\\\/\\\/www.powermixxx.com.tr\\\/\",\"logo\":{\"@type\":\"ImageObject\",\"inLanguage\":\"tr\",\"@id\":\"https:\\\/\\\/www.powermixxx.com.tr\\\/#\\\/schema\\\/logo\\\/image\\\/\",\"url\":\"https:\\\/\\\/www.powermixxx.com.tr\\\/wp-content\\\/uploads\\\/2026\\\/02\\\/cropped-powermix.png\",\"contentUrl\":\"https:\\\/\\\/www.powermixxx.com.tr\\\/wp-content\\\/uploads\\\/2026\\\/02\\\/cropped-powermix.png\",\"width\":1660,\"height\":285,\"caption\":\"POWERMIXXX\"},\"image\":{\"@id\":\"https:\\\/\\\/www.powermixxx.com.tr\\\/#\\\/schema\\\/logo\\\/image\\\/\"}}]}<\/script>\n<!-- \/ Yoast SEO plugin. -->","yoast_head_json":{"title":"Flex Seramik Yap\u0131\u015ft\u0131r\u0131c\u0131s\u0131 1 kg - POWERMIXXX","robots":{"index":"index","follow":"follow","max-snippet":"max-snippet:-1","max-image-preview":"max-image-preview:large","max-video-preview":"max-video-preview:-1"},"canonical":"https:\/\/www.powermixxx.com.tr\/?page_id=522","og_locale":"tr_TR","og_type":"article","og_title":"Flex Seramik Yap\u0131\u015ft\u0131r\u0131c\u0131s\u0131 1 kg - POWERMIXXX","og_description":"S1 s\u0131n\u0131f\u0131 esnek, y\u00fcksek performansl\u0131, kayma \u00f6zelli\u011fi azalt\u0131lm\u0131\u015f, uzun \u00e7al\u0131\u015fma s\u00fcresine sahip \u00e7imento esasl\u0131 yap\u0131\u015ft\u0131rma harc\u0131d\u0131r. K\u0131\u015f ko\u015fullar\u0131nda uygulaman\u0131n devam [&hellip;]","og_url":"https:\/\/www.powermixxx.com.tr\/?page_id=522","og_site_name":"POWERMIXXX","article_modified_time":"2026-02-18T21:20:11+00:00","og_image":[{"width":1218,"height":1632,"url":"https:\/\/www.powermixxx.com.tr\/wp-content\/uploads\/2026\/02\/seramik1-3.png","type":"image\/png"}],"twitter_card":"summary_large_image","twitter_misc":{"Tahmini okuma s\u00fcresi":"2 dakika"},"schema":{"@context":"https:\/\/schema.org","@graph":[{"@type":"WebPage","@id":"https:\/\/www.powermixxx.com.tr\/?page_id=522","url":"https:\/\/www.powermixxx.com.tr\/?page_id=522","name":"Flex Seramik Yap\u0131\u015ft\u0131r\u0131c\u0131s\u0131 1 kg - POWERMIXXX","isPartOf":{"@id":"https:\/\/www.powermixxx.com.tr\/#website"},"primaryImageOfPage":{"@id":"https:\/\/www.powermixxx.com.tr\/?page_id=522#primaryimage"},"image":{"@id":"https:\/\/www.powermixxx.com.tr\/?page_id=522#primaryimage"},"thumbnailUrl":"https:\/\/www.powermixxx.com.tr\/wp-content\/uploads\/2026\/02\/seramik1-3-764x1024.png","datePublished":"2026-02-17T19:04:01+00:00","dateModified":"2026-02-18T21:20:11+00:00","breadcrumb":{"@id":"https:\/\/www.powermixxx.com.tr\/?page_id=522#breadcrumb"},"inLanguage":"tr","potentialAction":[{"@type":"ReadAction","target":["https:\/\/www.powermixxx.com.tr\/?page_id=522"]}]},{"@type":"ImageObject","inLanguage":"tr","@id":"https:\/\/www.powermixxx.com.tr\/?page_id=522#primaryimage","url":"https:\/\/www.powermixxx.com.tr\/wp-content\/uploads\/2026\/02\/seramik1-3.png","contentUrl":"https:\/\/www.powermixxx.com.tr\/wp-content\/uploads\/2026\/02\/seramik1-3.png","width":1218,"height":1632},{"@type":"BreadcrumbList","@id":"https:\/\/www.powermixxx.com.tr\/?page_id=522#breadcrumb","itemListElement":[{"@type":"ListItem","position":1,"name":"Anasayfa","item":"https:\/\/www.powermixxx.com.tr\/"},{"@type":"ListItem","position":2,"name":"Flex Seramik Yap\u0131\u015ft\u0131r\u0131c\u0131s\u0131 1 kg"}]},{"@type":"WebSite","@id":"https:\/\/www.powermixxx.com.tr\/#website","url":"https:\/\/www.powermixxx.com.tr\/","name":"POWERMIXXX","description":"POWERMIXXX","publisher":{"@id":"https:\/\/www.powermixxx.com.tr\/#organization"},"potentialAction":[{"@type":"SearchAction","target":{"@type":"EntryPoint","urlTemplate":"https:\/\/www.powermixxx.com.tr\/?s={search_term_string}"},"query-input":{"@type":"PropertyValueSpecification","valueRequired":true,"valueName":"search_term_string"}}],"inLanguage":"tr"},{"@type":"Organization","@id":"https:\/\/www.powermixxx.com.tr\/#organization","name":"POWERMIXXX","url":"https:\/\/www.powermixxx.com.tr\/","logo":{"@type":"ImageObject","inLanguage":"tr","@id":"https:\/\/www.powermixxx.com.tr\/#\/schema\/logo\/image\/","url":"https:\/\/www.powermixxx.com.tr\/wp-content\/uploads\/2026\/02\/cropped-powermix.png","contentUrl":"https:\/\/www.powermixxx.com.tr\/wp-content\/uploads\/2026\/02\/cropped-powermix.png","width":1660,"height":285,"caption":"POWERMIXXX"},"image":{"@id":"https:\/\/www.powermixxx.com.tr\/#\/schema\/logo\/image\/"}}]}},"_links":{"self":[{"href":"https:\/\/www.powermixxx.com.tr\/index.php?rest_route=\/wp\/v2\/pages\/522","targetHints":{"allow":["GET"]}}],"collection":[{"href":"https:\/\/www.powermixxx.com.tr\/index.php?rest_route=\/wp\/v2\/pages"}],"about":[{"href":"https:\/\/www.powermixxx.com.tr\/index.php?rest_route=\/wp\/v2\/types\/page"}],"author":[{"embeddable":true,"href":"https:\/\/www.powermixxx.com.tr\/index.php?rest_route=\/wp\/v2\/users\/1"}],"replies":[{"embeddable":true,"href":"https:\/\/www.powermixxx.com.tr\/index.php?rest_route=%2Fwp%2Fv2%2Fcomments&post=522"}],"version-history":[{"count":4,"href":"https:\/\/www.powermixxx.com.tr\/index.php?rest_route=\/wp\/v2\/pages\/522\/revisions"}],"predecessor-version":[{"id":687,"href":"https:\/\/www.powermixxx.com.tr\/index.php?rest_route=\/wp\/v2\/pages\/522\/revisions\/687"}],"wp:attachment":[{"href":"https:\/\/www.powermixxx.com.tr\/index.php?rest_route=%2Fwp%2Fv2%2Fmedia&parent=522"}],"curies":[{"name":"wp","href":"https:\/\/api.w.org\/{rel}","templated":true}]}}