{"id":448,"date":"2026-02-12T10:36:01","date_gmt":"2026-02-12T10:36:01","guid":{"rendered":"https:\/\/www.powermixxx.com.tr\/?page_id=448"},"modified":"2026-02-17T19:57:23","modified_gmt":"2026-02-17T19:57:23","slug":"cizgi-dokulu-mineral-siva-2","status":"publish","type":"page","link":"https:\/\/www.powermixxx.com.tr\/?page_id=448","title":{"rendered":"\u00c7izgi Dokulu Mineral S\u0131va"},"content":{"rendered":"\n<div class=\"wp-block-columns is-layout-flex wp-container-core-columns-is-layout-28f84493 wp-block-columns-is-layout-flex\">\n<div class=\"wp-block-column is-layout-flow wp-block-column-is-layout-flow\">\n<figure class=\"wp-block-image size-large is-resized\"><img loading=\"lazy\" decoding=\"async\" width=\"764\" height=\"1024\" src=\"https:\/\/www.powermixxx.com.tr\/wp-content\/uploads\/2026\/02\/cizgi-1-764x1024.png\" alt=\"\" class=\"wp-image-449\" style=\"aspect-ratio:0.7462428744169978;width:428px;height:auto\" srcset=\"https:\/\/www.powermixxx.com.tr\/wp-content\/uploads\/2026\/02\/cizgi-1-764x1024.png 764w, https:\/\/www.powermixxx.com.tr\/wp-content\/uploads\/2026\/02\/cizgi-1-224x300.png 224w, https:\/\/www.powermixxx.com.tr\/wp-content\/uploads\/2026\/02\/cizgi-1-768x1029.png 768w, https:\/\/www.powermixxx.com.tr\/wp-content\/uploads\/2026\/02\/cizgi-1-1147x1536.png 1147w, https:\/\/www.powermixxx.com.tr\/wp-content\/uploads\/2026\/02\/cizgi-1.png 1184w\" sizes=\"auto, (max-width: 764px) 100vw, 764px\" \/><\/figure>\n<\/div>\n\n\n\n<div class=\"wp-block-column is-layout-flow wp-block-column-is-layout-flow\">\n<p><br>\u00c7imento esasl\u0131, yo\u011fun \u00e7izgi desenli dekoratif cephe kaplama malzemesidir.<\/p>\n\n\n\n<h2 class=\"wp-block-heading\">Kullan\u0131m Alanlar\u0131<\/h2>\n\n\n\n<ul class=\"wp-block-list\">\n<li>Cephe mantolama sisteminde, ince s\u0131val\u0131 ve d\u00fczg\u00fcn yap\u0131lm\u0131\u015f kaba s\u0131val\u0131 y\u00fczeylerde kullan\u0131l\u0131r.<\/li>\n<\/ul>\n\n\n\n<h2 class=\"wp-block-heading\">\u00dcr\u00fcn \u00d6zellikleri<\/h2>\n\n\n\n<ul class=\"wp-block-list\">\n<li>Rahat s\u00fcr\u00fcm ve yay\u0131l\u0131m \u00f6zelli\u011fi ile h\u0131zl\u0131 uygulama imkan\u0131 sa\u011flar Kolay desen verilir. \u00dcst\u00fcn performans\u0131 ile a\u011f\u0131r iklim ko\u015fullar\u0131na kar\u015f\u0131 dayan\u0131kl\u0131d\u0131r. \u00d6zel dolgu boyutu ile y\u00fczeyde do\u011fal ve dekoratif bir doku olu\u015fturur. Buhar ge\u00e7irgenli\u011fi sayesinde nefes alma \u00f6zelli\u011fine sahiptir. \u0130\u00e7eride olu\u015fan nemi d\u0131\u015far\u0131ya atabilme kabiliyeti ile binalar\u0131n nefes almas\u0131n\u0131 sa\u011flar.<\/li>\n<\/ul>\n\n\n\n<details class=\"wp-block-details has-medium-font-size is-layout-flow wp-block-details-is-layout-flow\"><summary><strong>AMBALAJ<\/strong><\/summary>\n<p class=\"has-medium-font-size\">25 kg kraft torba <\/p>\n<\/details>\n\n\n\n<details class=\"wp-block-details has-large-font-size is-layout-flow wp-block-details-is-layout-flow\"><summary><strong>Profesyonel Bilgi<\/strong><\/summary>\n<p class=\"has-medium-font-size\"><strong>Teknik \u00d6zellikleri<\/strong><\/p>\n\n\n\n<p class=\"has-medium-font-size\">(23\u00b0C, %50 Ba\u011f\u0131l Nem)<\/p>\n\n\n\n<p class=\"has-medium-font-size\"><strong>Genel Bilgiler<\/strong><\/p>\n\n\n\n<p class=\"has-medium-font-size\">Renk: Beyaz<br>Yap\u0131s\u0131: \u00c7imento esasl\u0131<br>Raf \u00d6mr\u00fc: A\u00e7\u0131lmam\u0131\u015f ambalaj\u0131nda kuru ortamda 12 ay<br><strong>Uygulama Bilgileri<\/strong><br>T\u00fcketimi: 3,0-3,5 kg\/m\u00b2<br>Uygulama S\u0131cakl\u0131\u011f\u0131: (+5\u00b0C) &#8211; (+35\u00b0C)<br>Uygulama Aletleri: \u00c7elik ve plastik mala<br>Kar\u0131\u015f\u0131m Oran\u0131: 5,5 &#8211; 6,25 lt su\/25 kg toz<br><strong>Performans Bilgileri<\/strong><br>Servis S\u0131cakl\u0131\u011f\u0131: (-30\u00b0C) &#8211; (+80\u00b0C)<br>Bas\u0131n\u00e7 Dayan\u0131m\u0131 &#8211; S\u0131n\u0131f\u0131 (TS EN 1015-11): \u2265 6 N\/mm\u00b2 &#8211; (CS IV)<br>Ba\u011f Dayan\u0131m\u0131 &#8211; Kopma \u015eekli (TS EN 1015 &#8211; 12): \u2265 0,60 N\/mm\u00b2\/B<br>Kuru Y\u0131\u011f\u0131n Yo\u011funlu\u011fu ( TS EN 1015-10): 1600 \u00b1 100 kg\/m\u00b3<br>K\u0131lcal Su Emme (kapiler) &#8211; S\u0131n\u0131f\u0131 (TS EN 1015-18): \u2264 0,40 kg\/m\u00b2 dk0,5 \u2013 W1<br>Su Buhar\u0131 Ge\u00e7irgenli\u011fi Katsay\u0131s\u0131 \/ (\u00b5) (TS EN 1745):\u00a0 \u226425 (\u00c7izelge De\u011feri)<br>Is\u0131l \u0130letkenlik (TS EN 1745): \u2264 0,72 W\/m.K (\u00c7izelge De\u011feri) P = %50<br>Yang\u0131na Tepki (TS EN 13501 &#8211; 1): A1<br>Tehlikeli Maddeler (EN 998 &#8211; 1): G\u00fcvenlik bilgi formuna bak\u0131n\u0131z.<\/p>\n\n\n\n<p class=\"has-medium-font-size\"><\/p>\n<\/details>\n\n\n\n<p><\/p>\n\n\n\n<p><\/p>\n<\/div>\n<\/div>\n","protected":false},"excerpt":{"rendered":"<p>\u00c7imento esasl\u0131, yo\u011fun \u00e7izgi desenli dekoratif cephe kaplama malzemesidir. Kullan\u0131m Alanlar\u0131 \u00dcr\u00fcn \u00d6zellikleri<\/p>\n","protected":false},"author":1,"featured_media":0,"parent":0,"menu_order":0,"comment_status":"closed","ping_status":"closed","template":"","meta":{"site-sidebar-layout":"default","site-content-layout":"","ast-site-content-layout":"default","site-content-style":"default","site-sidebar-style":"default","ast-global-header-display":"","ast-banner-title-visibility":"","ast-main-header-display":"","ast-hfb-above-header-display":"","ast-hfb-below-header-display":"","ast-hfb-mobile-header-display":"","site-post-title":"","ast-breadcrumbs-content":"","ast-featured-img":"","footer-sml-layout":"","ast-disable-related-posts":"","theme-transparent-header-meta":"","adv-header-id-meta":"","stick-header-meta":"","header-above-stick-meta":"","header-main-stick-meta":"","header-below-stick-meta":"","astra-migrate-meta-layouts":"default","ast-page-background-enabled":"default","ast-page-background-meta":{"desktop":{"background-color":"var(--ast-global-color-5)","background-image":"","background-repeat":"repeat","background-position":"center center","background-size":"auto","background-attachment":"scroll","background-type":"","background-media":"","overlay-type":"","overlay-color":"","overlay-opacity":"","overlay-gradient":""},"tablet":{"background-color":"","background-image":"","background-repeat":"repeat","background-position":"center center","background-size":"auto","background-attachment":"scroll","background-type":"","background-media":"","overlay-type":"","overlay-color":"","overlay-opacity":"","overlay-gradient":""},"mobile":{"background-color":"","background-image":"","background-repeat":"repeat","background-position":"center center","background-size":"auto","background-attachment":"scroll","background-type":"","background-media":"","overlay-type":"","overlay-color":"","overlay-opacity":"","overlay-gradient":""}},"ast-content-background-meta":{"desktop":{"background-color":"var(--ast-global-color-4)","background-image":"","background-repeat":"repeat","background-position":"center center","background-size":"auto","background-attachment":"scroll","background-type":"","background-media":"","overlay-type":"","overlay-color":"","overlay-opacity":"","overlay-gradient":""},"tablet":{"background-color":"var(--ast-global-color-4)","background-image":"","background-repeat":"repeat","background-position":"center center","background-size":"auto","background-attachment":"scroll","background-type":"","background-media":"","overlay-type":"","overlay-color":"","overlay-opacity":"","overlay-gradient":""},"mobile":{"background-color":"var(--ast-global-color-4)","background-image":"","background-repeat":"repeat","background-position":"center center","background-size":"auto","background-attachment":"scroll","background-type":"","background-media":"","overlay-type":"","overlay-color":"","overlay-opacity":"","overlay-gradient":""}},"footnotes":""},"class_list":["post-448","page","type-page","status-publish","hentry"],"yoast_head":"<!-- This site is optimized with the Yoast SEO plugin v27.5 - https:\/\/yoast.com\/product\/yoast-seo-wordpress\/ -->\n<title>\u00c7izgi Dokulu Mineral S\u0131va - POWERMIXXX<\/title>\n<meta name=\"robots\" content=\"index, follow, max-snippet:-1, max-image-preview:large, max-video-preview:-1\" \/>\n<link rel=\"canonical\" href=\"https:\/\/www.powermixxx.com.tr\/?page_id=448\" \/>\n<meta property=\"og:locale\" content=\"tr_TR\" \/>\n<meta property=\"og:type\" content=\"article\" \/>\n<meta property=\"og:title\" content=\"\u00c7izgi Dokulu Mineral S\u0131va - POWERMIXXX\" \/>\n<meta property=\"og:description\" content=\"\u00c7imento esasl\u0131, yo\u011fun \u00e7izgi desenli dekoratif cephe kaplama malzemesidir. Kullan\u0131m Alanlar\u0131 \u00dcr\u00fcn \u00d6zellikleri\" \/>\n<meta property=\"og:url\" content=\"https:\/\/www.powermixxx.com.tr\/?page_id=448\" \/>\n<meta property=\"og:site_name\" content=\"POWERMIXXX\" \/>\n<meta property=\"article:modified_time\" content=\"2026-02-17T19:57:23+00:00\" \/>\n<meta property=\"og:image\" content=\"https:\/\/www.powermixxx.com.tr\/wp-content\/uploads\/2026\/02\/cizgi-1.png\" \/>\n\t<meta property=\"og:image:width\" content=\"1184\" \/>\n\t<meta property=\"og:image:height\" content=\"1586\" \/>\n\t<meta property=\"og:image:type\" content=\"image\/png\" \/>\n<meta name=\"twitter:card\" content=\"summary_large_image\" \/>\n<meta name=\"twitter:label1\" content=\"Tahmini okuma s\u00fcresi\" \/>\n\t<meta name=\"twitter:data1\" content=\"2 dakika\" \/>\n<script type=\"application\/ld+json\" class=\"yoast-schema-graph\">{\"@context\":\"https:\\\/\\\/schema.org\",\"@graph\":[{\"@type\":\"WebPage\",\"@id\":\"https:\\\/\\\/www.powermixxx.com.tr\\\/?page_id=448\",\"url\":\"https:\\\/\\\/www.powermixxx.com.tr\\\/?page_id=448\",\"name\":\"\u00c7izgi Dokulu Mineral S\u0131va - POWERMIXXX\",\"isPartOf\":{\"@id\":\"https:\\\/\\\/www.powermixxx.com.tr\\\/#website\"},\"primaryImageOfPage\":{\"@id\":\"https:\\\/\\\/www.powermixxx.com.tr\\\/?page_id=448#primaryimage\"},\"image\":{\"@id\":\"https:\\\/\\\/www.powermixxx.com.tr\\\/?page_id=448#primaryimage\"},\"thumbnailUrl\":\"https:\\\/\\\/www.powermixxx.com.tr\\\/wp-content\\\/uploads\\\/2026\\\/02\\\/cizgi-1-764x1024.png\",\"datePublished\":\"2026-02-12T10:36:01+00:00\",\"dateModified\":\"2026-02-17T19:57:23+00:00\",\"breadcrumb\":{\"@id\":\"https:\\\/\\\/www.powermixxx.com.tr\\\/?page_id=448#breadcrumb\"},\"inLanguage\":\"tr\",\"potentialAction\":[{\"@type\":\"ReadAction\",\"target\":[\"https:\\\/\\\/www.powermixxx.com.tr\\\/?page_id=448\"]}]},{\"@type\":\"ImageObject\",\"inLanguage\":\"tr\",\"@id\":\"https:\\\/\\\/www.powermixxx.com.tr\\\/?page_id=448#primaryimage\",\"url\":\"https:\\\/\\\/www.powermixxx.com.tr\\\/wp-content\\\/uploads\\\/2026\\\/02\\\/cizgi-1.png\",\"contentUrl\":\"https:\\\/\\\/www.powermixxx.com.tr\\\/wp-content\\\/uploads\\\/2026\\\/02\\\/cizgi-1.png\",\"width\":1184,\"height\":1586},{\"@type\":\"BreadcrumbList\",\"@id\":\"https:\\\/\\\/www.powermixxx.com.tr\\\/?page_id=448#breadcrumb\",\"itemListElement\":[{\"@type\":\"ListItem\",\"position\":1,\"name\":\"Anasayfa\",\"item\":\"https:\\\/\\\/www.powermixxx.com.tr\\\/\"},{\"@type\":\"ListItem\",\"position\":2,\"name\":\"\u00c7izgi Dokulu Mineral S\u0131va\"}]},{\"@type\":\"WebSite\",\"@id\":\"https:\\\/\\\/www.powermixxx.com.tr\\\/#website\",\"url\":\"https:\\\/\\\/www.powermixxx.com.tr\\\/\",\"name\":\"POWERMIXXX\",\"description\":\"POWERMIXXX\",\"publisher\":{\"@id\":\"https:\\\/\\\/www.powermixxx.com.tr\\\/#organization\"},\"potentialAction\":[{\"@type\":\"SearchAction\",\"target\":{\"@type\":\"EntryPoint\",\"urlTemplate\":\"https:\\\/\\\/www.powermixxx.com.tr\\\/?s={search_term_string}\"},\"query-input\":{\"@type\":\"PropertyValueSpecification\",\"valueRequired\":true,\"valueName\":\"search_term_string\"}}],\"inLanguage\":\"tr\"},{\"@type\":\"Organization\",\"@id\":\"https:\\\/\\\/www.powermixxx.com.tr\\\/#organization\",\"name\":\"POWERMIXXX\",\"url\":\"https:\\\/\\\/www.powermixxx.com.tr\\\/\",\"logo\":{\"@type\":\"ImageObject\",\"inLanguage\":\"tr\",\"@id\":\"https:\\\/\\\/www.powermixxx.com.tr\\\/#\\\/schema\\\/logo\\\/image\\\/\",\"url\":\"https:\\\/\\\/www.powermixxx.com.tr\\\/wp-content\\\/uploads\\\/2026\\\/02\\\/cropped-powermix.png\",\"contentUrl\":\"https:\\\/\\\/www.powermixxx.com.tr\\\/wp-content\\\/uploads\\\/2026\\\/02\\\/cropped-powermix.png\",\"width\":1660,\"height\":285,\"caption\":\"POWERMIXXX\"},\"image\":{\"@id\":\"https:\\\/\\\/www.powermixxx.com.tr\\\/#\\\/schema\\\/logo\\\/image\\\/\"}}]}<\/script>\n<!-- \/ Yoast SEO plugin. -->","yoast_head_json":{"title":"\u00c7izgi Dokulu Mineral S\u0131va - POWERMIXXX","robots":{"index":"index","follow":"follow","max-snippet":"max-snippet:-1","max-image-preview":"max-image-preview:large","max-video-preview":"max-video-preview:-1"},"canonical":"https:\/\/www.powermixxx.com.tr\/?page_id=448","og_locale":"tr_TR","og_type":"article","og_title":"\u00c7izgi Dokulu Mineral S\u0131va - POWERMIXXX","og_description":"\u00c7imento esasl\u0131, yo\u011fun \u00e7izgi desenli dekoratif cephe kaplama malzemesidir. Kullan\u0131m Alanlar\u0131 \u00dcr\u00fcn \u00d6zellikleri","og_url":"https:\/\/www.powermixxx.com.tr\/?page_id=448","og_site_name":"POWERMIXXX","article_modified_time":"2026-02-17T19:57:23+00:00","og_image":[{"width":1184,"height":1586,"url":"https:\/\/www.powermixxx.com.tr\/wp-content\/uploads\/2026\/02\/cizgi-1.png","type":"image\/png"}],"twitter_card":"summary_large_image","twitter_misc":{"Tahmini okuma s\u00fcresi":"2 dakika"},"schema":{"@context":"https:\/\/schema.org","@graph":[{"@type":"WebPage","@id":"https:\/\/www.powermixxx.com.tr\/?page_id=448","url":"https:\/\/www.powermixxx.com.tr\/?page_id=448","name":"\u00c7izgi Dokulu Mineral S\u0131va - POWERMIXXX","isPartOf":{"@id":"https:\/\/www.powermixxx.com.tr\/#website"},"primaryImageOfPage":{"@id":"https:\/\/www.powermixxx.com.tr\/?page_id=448#primaryimage"},"image":{"@id":"https:\/\/www.powermixxx.com.tr\/?page_id=448#primaryimage"},"thumbnailUrl":"https:\/\/www.powermixxx.com.tr\/wp-content\/uploads\/2026\/02\/cizgi-1-764x1024.png","datePublished":"2026-02-12T10:36:01+00:00","dateModified":"2026-02-17T19:57:23+00:00","breadcrumb":{"@id":"https:\/\/www.powermixxx.com.tr\/?page_id=448#breadcrumb"},"inLanguage":"tr","potentialAction":[{"@type":"ReadAction","target":["https:\/\/www.powermixxx.com.tr\/?page_id=448"]}]},{"@type":"ImageObject","inLanguage":"tr","@id":"https:\/\/www.powermixxx.com.tr\/?page_id=448#primaryimage","url":"https:\/\/www.powermixxx.com.tr\/wp-content\/uploads\/2026\/02\/cizgi-1.png","contentUrl":"https:\/\/www.powermixxx.com.tr\/wp-content\/uploads\/2026\/02\/cizgi-1.png","width":1184,"height":1586},{"@type":"BreadcrumbList","@id":"https:\/\/www.powermixxx.com.tr\/?page_id=448#breadcrumb","itemListElement":[{"@type":"ListItem","position":1,"name":"Anasayfa","item":"https:\/\/www.powermixxx.com.tr\/"},{"@type":"ListItem","position":2,"name":"\u00c7izgi Dokulu Mineral S\u0131va"}]},{"@type":"WebSite","@id":"https:\/\/www.powermixxx.com.tr\/#website","url":"https:\/\/www.powermixxx.com.tr\/","name":"POWERMIXXX","description":"POWERMIXXX","publisher":{"@id":"https:\/\/www.powermixxx.com.tr\/#organization"},"potentialAction":[{"@type":"SearchAction","target":{"@type":"EntryPoint","urlTemplate":"https:\/\/www.powermixxx.com.tr\/?s={search_term_string}"},"query-input":{"@type":"PropertyValueSpecification","valueRequired":true,"valueName":"search_term_string"}}],"inLanguage":"tr"},{"@type":"Organization","@id":"https:\/\/www.powermixxx.com.tr\/#organization","name":"POWERMIXXX","url":"https:\/\/www.powermixxx.com.tr\/","logo":{"@type":"ImageObject","inLanguage":"tr","@id":"https:\/\/www.powermixxx.com.tr\/#\/schema\/logo\/image\/","url":"https:\/\/www.powermixxx.com.tr\/wp-content\/uploads\/2026\/02\/cropped-powermix.png","contentUrl":"https:\/\/www.powermixxx.com.tr\/wp-content\/uploads\/2026\/02\/cropped-powermix.png","width":1660,"height":285,"caption":"POWERMIXXX"},"image":{"@id":"https:\/\/www.powermixxx.com.tr\/#\/schema\/logo\/image\/"}}]}},"_links":{"self":[{"href":"https:\/\/www.powermixxx.com.tr\/index.php?rest_route=\/wp\/v2\/pages\/448","targetHints":{"allow":["GET"]}}],"collection":[{"href":"https:\/\/www.powermixxx.com.tr\/index.php?rest_route=\/wp\/v2\/pages"}],"about":[{"href":"https:\/\/www.powermixxx.com.tr\/index.php?rest_route=\/wp\/v2\/types\/page"}],"author":[{"embeddable":true,"href":"https:\/\/www.powermixxx.com.tr\/index.php?rest_route=\/wp\/v2\/users\/1"}],"replies":[{"embeddable":true,"href":"https:\/\/www.powermixxx.com.tr\/index.php?rest_route=%2Fwp%2Fv2%2Fcomments&post=448"}],"version-history":[{"count":2,"href":"https:\/\/www.powermixxx.com.tr\/index.php?rest_route=\/wp\/v2\/pages\/448\/revisions"}],"predecessor-version":[{"id":585,"href":"https:\/\/www.powermixxx.com.tr\/index.php?rest_route=\/wp\/v2\/pages\/448\/revisions\/585"}],"wp:attachment":[{"href":"https:\/\/www.powermixxx.com.tr\/index.php?rest_route=%2Fwp%2Fv2%2Fmedia&parent=448"}],"curies":[{"name":"wp","href":"https:\/\/api.w.org\/{rel}","templated":true}]}}