{"id":417,"date":"2026-02-07T21:28:34","date_gmt":"2026-02-07T21:28:34","guid":{"rendered":"https:\/\/www.powermixxx.com.tr\/?page_id=417"},"modified":"2026-02-17T20:09:29","modified_gmt":"2026-02-17T20:09:29","slug":"fixthermo","status":"publish","type":"page","link":"https:\/\/www.powermixxx.com.tr\/?page_id=417","title":{"rendered":"Fixthermo"},"content":{"rendered":"\n<div class=\"wp-block-columns is-layout-flex wp-container-core-columns-is-layout-28f84493 wp-block-columns-is-layout-flex\">\n<div class=\"wp-block-column is-layout-flow wp-block-column-is-layout-flow\">\n<figure class=\"wp-block-image size-large is-resized\"><img loading=\"lazy\" decoding=\"async\" width=\"675\" height=\"1024\" src=\"https:\/\/www.powermixxx.com.tr\/wp-content\/uploads\/2026\/02\/isiyalitim-1-675x1024.png\" alt=\"\" class=\"wp-image-418\" style=\"aspect-ratio:0.7462428744169978;width:392px;height:auto\" srcset=\"https:\/\/www.powermixxx.com.tr\/wp-content\/uploads\/2026\/02\/isiyalitim-1-675x1024.png 675w, https:\/\/www.powermixxx.com.tr\/wp-content\/uploads\/2026\/02\/isiyalitim-1-198x300.png 198w, https:\/\/www.powermixxx.com.tr\/wp-content\/uploads\/2026\/02\/isiyalitim-1-768x1165.png 768w, https:\/\/www.powermixxx.com.tr\/wp-content\/uploads\/2026\/02\/isiyalitim-1-1012x1536.png 1012w, https:\/\/www.powermixxx.com.tr\/wp-content\/uploads\/2026\/02\/isiyalitim-1.png 1088w\" sizes=\"auto, (max-width: 675px) 100vw, 675px\" \/><\/figure>\n<\/div>\n\n\n\n<div class=\"wp-block-column is-layout-flow wp-block-column-is-layout-flow\">\n<p><br>S\u0131va s\u0131n\u0131f\u0131nda olup \u00e7imento esasl\u0131 d\u0131\u015f cephe ilk kat yal\u0131t\u0131m \u00fcr\u00fcn\u00fcd\u00fcr. \u0130ste\u011fe ba\u011fl\u0131 olarak i\u00e7 cephelerdede kullan\u0131labilir. Yap\u0131s\u0131nda bulunan, g\u00f6zenekli do\u011fal agregalar sayesinde, uyguland\u0131\u011f\u0131 y\u00fczeyde nefes alma \u00f6zelli\u011fi sa\u011flar ve terlemeyi \u00f6nler. Ayr\u0131ca isi, ses ve yang\u0131n yal\u0131t\u0131m\u0131 sa\u011flar.<\/p>\n\n\n\n<h2 class=\"wp-block-heading\">Kullan\u0131m Alanlar\u0131<\/h2>\n\n\n\n<ul class=\"wp-block-list\">\n<li>B\u00fct\u00fcn yap\u0131lar\u0131n d\u0131\u015f cephe ve i\u00e7 cephe y\u00fczeylerinde, kolon ve kiri\u015flerde, kaba ve ince siva, tu\u011fla, bims, gaz beton vb. y\u00fczeylere uygulan\u0131r ve m\u00fckemmel bir yal\u0131t\u0131m sa\u011flar.<\/li>\n<\/ul>\n\n\n\n<details class=\"wp-block-details is-layout-flow wp-block-details-is-layout-flow\"><summary><strong>Y\u00dcZEY HAZIRLI\u011eI <\/strong><\/summary>\n<p>Y\u00fczey kuru, temiz, sa\u011flam ve tozdan ar\u0131nd\u0131r\u0131lmal\u0131d\u0131r. Ya\u011f, kir veya tutunmay\u0131 engelleyici malzemeler y\u00fczeyden temizlenmeli, har\u00e7 ve \u00e7imento kal\u0131nt\u0131lar\u0131 gibi maddeler kaz\u0131nmal\u0131d\u0131r. Uygulama yap\u0131lacak y\u00fczey gerekli ise su ile nemlendirilmelidir.<\/p>\n<\/details>\n\n\n\n<details class=\"wp-block-details is-layout-flow wp-block-details-is-layout-flow\"><summary><strong>UYGULAMA<\/strong><\/summary>\n<p>\u2022 FIXTHERMO ISI YALITIM SIVASI kal\u0131nl\u0131\u011f\u0131n\u0131 belirleyecek olan \u00e7\u0131talar, uygun aral\u0131klarla monte edilerek anolar olu\u015fturulur. Anolar aras\u0131na haz\u0131rlanan siva mala k\u00fcre\u011fi ve mala yard\u0131m\u0131 ile doldurulur.<br>\u2022 Makine yard\u0131m\u0131 ile uygulanacaksa makinede su miktar\u0131 ayarlanarak p\u00fcsk\u00fcrt\u00fclerek y\u00fczeye uygulan\u0131r.<br>\u2022 Mastar yard\u0131m\u0131 ile anolar aras\u0131ndaki fazla har\u00e7 al\u0131narak d\u00fczg\u00fcn bir zemin elde edilir. Malzeme suyunu \u00e7ektikten sonra anolar yerinden \u00e7\u0131kar\u0131l\u0131r ve bo\u015fluklar mala yard\u0131m\u0131 ile FIXTHERMO ISI YALITIM SIVASI ile doldurulur.<br>\u2022 Mastarlanarak son kat uygulamas\u0131na haz\u0131r hale getirilir.<br>\u2022 Harc\u0131n Haz\u0131rlanmas\u0131: 10 kg FIXTHERMO ISI YALITIM SIVASI yakla\u015f\u0131k 5-6 litre su dolu bir kap i\u00e7erisine bo\u015falt\u0131larak, topaks\u0131z<br>bir kar\u0131\u015f\u0131m elde edilinceye kadar d\u00fc\u015f\u00fck devirli bir kar\u0131\u015ft\u0131r\u0131c\u0131 yard\u0131m\u0131yla veya elle iyice kar\u0131\u015ft\u0131r\u0131l\u0131r. Kar\u0131\u015f\u0131m s\u00fcresince uygulama talimat\u0131nda belirtilmeyen herhangi bir katk\u0131 malzemesi kat\u0131lmamal\u0131d\u0131r. Haz\u0131rlanan har\u00e7 5-10 dakika olgunla\u015fmas\u0131 i\u00e7in dinlendirilip tekrar 1-2 dakika homojen hale gelinceye kadar kar\u0131\u015ft\u0131r\u0131lmal\u0131d\u0131r. S\u0131va makinesi ile uygulama yap\u0131lacak ise su miktar\u0131 makinede ayarlanmal\u0131d\u0131r (10 kg toz i\u00e7in 5-6 It olacak \u015fekilde). Uygulama yap\u0131lacak y\u00fczey ve ortam s\u0131cakl\u0131\u011f\u0131 +5 \u00b0C ile +35 \u00b0C aras\u0131nda olmas\u0131na dikkat edilmelidir. Donmu\u015f malzemeye toz veya su ilavesi yap\u0131larak kullan\u0131lmamal\u0131d\u0131r.<br>\u2022Kar\u0131\u015f\u0131m Y\u00f6ntemi: FIXTHERMO ISI YALITIM SIVASI&#8217;n\u0131n kar\u0131\u015f\u0131m\u0131 i\u00e7in en az 50 It&#8217;lik har\u00e7 teknesi kullan\u0131lmal\u0131d\u0131r. Har\u00e7 teknesine \u00f6nce su d\u00f6k\u00fcl\u00fcp \u00fczerine tozun tamam\u0131 bo\u015falt\u0131l\u0131r. Ba\u015fka bir malzeme kar\u0131\u015ft\u0131r\u0131lmaz. Homojen bir kar\u0131\u015f\u0131m i\u00e7in 500-600 d\/dk devirli kar\u0131\u015ft\u0131r\u0131c\u0131 bir mikser kullan\u0131lmal\u0131d\u0131r. Yakla\u015f\u0131k 2-3 dakika kar\u0131\u015ft\u0131r\u0131l\u0131r. 5 dakika dinlendirildikten sonra 1-2 dakika daha kar\u0131\u015ft\u0131r\u0131l\u0131r. Haz\u0131rlanan har\u00e7 1,5-2 saat i\u00e7erisinde kullan\u0131lmal\u0131d\u0131r. Har\u00e7 uygulamadan kaynaklanan gecikme varsa su ilavesi yap\u0131lmadan tekrar kar\u0131\u015ft\u0131r\u0131larak k\u0131vam\u0131 sa\u011flan\u0131r.<br>\u2022 Uyar\u0131lar: Al\u00e7\u0131 siva, shingle, mebran gibi esnek, yumu\u015fak y\u00fczeyler \u00fczerine uygulanmaz. Kuvvetli r\u00fczgar ve a\u015f\u0131r\u0131 s\u0131cak havalarda (+35 *C ile g\u00fcne\u015f \u0131\u015f\u0131\u011f\u0131na direkt maruz kalan yerlerde) uygulamadan ka\u00e7\u0131n\u0131lmal\u0131d\u0131r. Uygulama yap\u0131ld\u0131ktan sonra bir hafta i\u00e7erisinde +5 \u00b0C nin alt\u0131na d\u00fc\u015fecek ortamlarda uygulanmamal\u0131d\u0131r. A\u015f\u0131r\u0131 s\u0131cak yaz aylar\u0131nda uygulamadan 2 saat sonra direkt olarak g\u00fcne\u015fe maruz kalacak b\u00f6lgeler 3 g\u00fcn boyunca sabah ve ak\u015fam ya\u011fmurlama metodu ile nemlendirilmelidir.<\/p>\n<\/details>\n\n\n\n<p><\/p>\n\n\n\n<details class=\"wp-block-details is-layout-flow wp-block-details-is-layout-flow\"><summary><strong>AMBALAJ<\/strong><\/summary>\n<p>10 kg kraft torba &#8211; 3-4 kg\/m2 (1 cm kal\u0131nl\u0131k i\u00e7in)<\/p>\n<\/details>\n\n\n\n<details class=\"wp-block-details is-layout-flow wp-block-details-is-layout-flow\"><summary><strong>DEPOLAMA<\/strong><\/summary>\n<p>Orijinal ambalaj\u0131nda en fazla 10 kat istif ile nemsiz bir ortamda ve palet \u00fczerinde saklanmal\u0131d\u0131r. Uygun depolama \u015fartlar\u0131nda raf \u00f6mr\u00fc 12 ayd\u0131r. Torba a\u00e7\u0131ld\u0131ktan sonra 7 g\u00fcn i\u00e7inde t\u00fcketilmesi \u00f6nerilir.<\/p>\n<\/details>\n\n\n\n<details class=\"wp-block-details is-layout-flow wp-block-details-is-layout-flow\"><summary><strong>SA\u011eLIK VE EMN\u0130YET<\/strong><\/summary>\n<p>Zararl\u0131l\u0131k \u0130fadesi<br>-H315 Cilt tahri\u015fine yol a\u00e7ar.<br>&#8211; H317 Alerjik cilt reaksiyonlar\u0131na yol a\u00e7ar.<br>&#8211; H318 Ciddi g\u00f6z hasar\u0131na yol a\u00e7ar.<br>&#8211; H335 Solunum yolu tahri\u015fine yol a\u00e7abilir.<br>Uyar\u0131: Sarfiyat miktar\u0131 y\u00fczey, hava s\u0131cakl\u0131\u011f\u0131, uygulama ko\u015fullar\u0131, inceltme oran\u0131 ve uygulama kal\u0131nl\u0131\u011f\u0131na g\u00f6re de\u011fi\u015fkenlik g\u00f6sterebilece\u011finden, belirtilen sarfiyat oranlar\u0131 \u00f6neri ama\u00e7l\u0131d\u0131r. Kesin sarfiyat i\u00e7in kontroll\u00fc numune \u00e7al\u0131\u015fmas\u0131 yap\u0131lmal\u0131d\u0131r. Belirtilen kuruma s\u00fcreleri, uygulama yap\u0131lan ortam\u0131n s\u0131cakl\u0131k ve nem de\u011ferleri ile uygulanan \u00fcr\u00fcn kal\u0131nl\u0131\u011f\u0131na g\u00f6re farkl\u0131l\u0131k g\u00f6sterebilir.<\/p>\n<\/details>\n\n\n\n<figure class=\"wp-block-image size-full\"><img loading=\"lazy\" decoding=\"async\" width=\"688\" height=\"228\" src=\"https:\/\/www.powermixxx.com.tr\/wp-content\/uploads\/2026\/02\/table.jpg\" alt=\"\" class=\"wp-image-594\" srcset=\"https:\/\/www.powermixxx.com.tr\/wp-content\/uploads\/2026\/02\/table.jpg 688w, https:\/\/www.powermixxx.com.tr\/wp-content\/uploads\/2026\/02\/table-300x99.jpg 300w\" sizes=\"auto, (max-width: 688px) 100vw, 688px\" \/><\/figure>\n<\/div>\n<\/div>\n","protected":false},"excerpt":{"rendered":"<p>S\u0131va s\u0131n\u0131f\u0131nda olup \u00e7imento esasl\u0131 d\u0131\u015f cephe ilk kat yal\u0131t\u0131m \u00fcr\u00fcn\u00fcd\u00fcr. \u0130ste\u011fe ba\u011fl\u0131 olarak i\u00e7 cephelerdede kullan\u0131labilir. Yap\u0131s\u0131nda bulunan, g\u00f6zenekli [&hellip;]<\/p>\n","protected":false},"author":1,"featured_media":0,"parent":0,"menu_order":0,"comment_status":"closed","ping_status":"closed","template":"","meta":{"site-sidebar-layout":"default","site-content-layout":"","ast-site-content-layout":"default","site-content-style":"default","site-sidebar-style":"default","ast-global-header-display":"","ast-banner-title-visibility":"","ast-main-header-display":"","ast-hfb-above-header-display":"","ast-hfb-below-header-display":"","ast-hfb-mobile-header-display":"","site-post-title":"","ast-breadcrumbs-content":"","ast-featured-img":"","footer-sml-layout":"","ast-disable-related-posts":"","theme-transparent-header-meta":"","adv-header-id-meta":"","stick-header-meta":"","header-above-stick-meta":"","header-main-stick-meta":"","header-below-stick-meta":"","astra-migrate-meta-layouts":"default","ast-page-background-enabled":"default","ast-page-background-meta":{"desktop":{"background-color":"var(--ast-global-color-5)","background-image":"","background-repeat":"repeat","background-position":"center center","background-size":"auto","background-attachment":"scroll","background-type":"","background-media":"","overlay-type":"","overlay-color":"","overlay-opacity":"","overlay-gradient":""},"tablet":{"background-color":"","background-image":"","background-repeat":"repeat","background-position":"center center","background-size":"auto","background-attachment":"scroll","background-type":"","background-media":"","overlay-type":"","overlay-color":"","overlay-opacity":"","overlay-gradient":""},"mobile":{"background-color":"","background-image":"","background-repeat":"repeat","background-position":"center center","background-size":"auto","background-attachment":"scroll","background-type":"","background-media":"","overlay-type":"","overlay-color":"","overlay-opacity":"","overlay-gradient":""}},"ast-content-background-meta":{"desktop":{"background-color":"var(--ast-global-color-4)","background-image":"","background-repeat":"repeat","background-position":"center center","background-size":"auto","background-attachment":"scroll","background-type":"","background-media":"","overlay-type":"","overlay-color":"","overlay-opacity":"","overlay-gradient":""},"tablet":{"background-color":"var(--ast-global-color-4)","background-image":"","background-repeat":"repeat","background-position":"center center","background-size":"auto","background-attachment":"scroll","background-type":"","background-media":"","overlay-type":"","overlay-color":"","overlay-opacity":"","overlay-gradient":""},"mobile":{"background-color":"var(--ast-global-color-4)","background-image":"","background-repeat":"repeat","background-position":"center center","background-size":"auto","background-attachment":"scroll","background-type":"","background-media":"","overlay-type":"","overlay-color":"","overlay-opacity":"","overlay-gradient":""}},"footnotes":""},"class_list":["post-417","page","type-page","status-publish","hentry"],"yoast_head":"<!-- This site is optimized with the Yoast SEO plugin v27.5 - https:\/\/yoast.com\/product\/yoast-seo-wordpress\/ -->\n<title>Fixthermo - POWERMIXXX<\/title>\n<meta name=\"robots\" content=\"index, follow, max-snippet:-1, max-image-preview:large, max-video-preview:-1\" \/>\n<link rel=\"canonical\" href=\"https:\/\/www.powermixxx.com.tr\/?page_id=417\" \/>\n<meta property=\"og:locale\" content=\"tr_TR\" \/>\n<meta property=\"og:type\" content=\"article\" \/>\n<meta property=\"og:title\" content=\"Fixthermo - POWERMIXXX\" \/>\n<meta property=\"og:description\" content=\"S\u0131va s\u0131n\u0131f\u0131nda olup \u00e7imento esasl\u0131 d\u0131\u015f cephe ilk kat yal\u0131t\u0131m \u00fcr\u00fcn\u00fcd\u00fcr. \u0130ste\u011fe ba\u011fl\u0131 olarak i\u00e7 cephelerdede kullan\u0131labilir. Yap\u0131s\u0131nda bulunan, g\u00f6zenekli [&hellip;]\" \/>\n<meta property=\"og:url\" content=\"https:\/\/www.powermixxx.com.tr\/?page_id=417\" \/>\n<meta property=\"og:site_name\" content=\"POWERMIXXX\" \/>\n<meta property=\"article:modified_time\" content=\"2026-02-17T20:09:29+00:00\" \/>\n<meta property=\"og:image\" content=\"https:\/\/www.powermixxx.com.tr\/wp-content\/uploads\/2026\/02\/isiyalitim-1.png\" \/>\n\t<meta property=\"og:image:width\" content=\"1088\" \/>\n\t<meta property=\"og:image:height\" content=\"1651\" \/>\n\t<meta property=\"og:image:type\" content=\"image\/png\" \/>\n<meta name=\"twitter:card\" content=\"summary_large_image\" \/>\n<meta name=\"twitter:label1\" content=\"Tahmini okuma s\u00fcresi\" \/>\n\t<meta name=\"twitter:data1\" content=\"4 dakika\" \/>\n<script type=\"application\/ld+json\" class=\"yoast-schema-graph\">{\"@context\":\"https:\\\/\\\/schema.org\",\"@graph\":[{\"@type\":\"WebPage\",\"@id\":\"https:\\\/\\\/www.powermixxx.com.tr\\\/?page_id=417\",\"url\":\"https:\\\/\\\/www.powermixxx.com.tr\\\/?page_id=417\",\"name\":\"Fixthermo - POWERMIXXX\",\"isPartOf\":{\"@id\":\"https:\\\/\\\/www.powermixxx.com.tr\\\/#website\"},\"primaryImageOfPage\":{\"@id\":\"https:\\\/\\\/www.powermixxx.com.tr\\\/?page_id=417#primaryimage\"},\"image\":{\"@id\":\"https:\\\/\\\/www.powermixxx.com.tr\\\/?page_id=417#primaryimage\"},\"thumbnailUrl\":\"https:\\\/\\\/www.powermixxx.com.tr\\\/wp-content\\\/uploads\\\/2026\\\/02\\\/isiyalitim-1-675x1024.png\",\"datePublished\":\"2026-02-07T21:28:34+00:00\",\"dateModified\":\"2026-02-17T20:09:29+00:00\",\"breadcrumb\":{\"@id\":\"https:\\\/\\\/www.powermixxx.com.tr\\\/?page_id=417#breadcrumb\"},\"inLanguage\":\"tr\",\"potentialAction\":[{\"@type\":\"ReadAction\",\"target\":[\"https:\\\/\\\/www.powermixxx.com.tr\\\/?page_id=417\"]}]},{\"@type\":\"ImageObject\",\"inLanguage\":\"tr\",\"@id\":\"https:\\\/\\\/www.powermixxx.com.tr\\\/?page_id=417#primaryimage\",\"url\":\"https:\\\/\\\/www.powermixxx.com.tr\\\/wp-content\\\/uploads\\\/2026\\\/02\\\/isiyalitim-1.png\",\"contentUrl\":\"https:\\\/\\\/www.powermixxx.com.tr\\\/wp-content\\\/uploads\\\/2026\\\/02\\\/isiyalitim-1.png\",\"width\":1088,\"height\":1651},{\"@type\":\"BreadcrumbList\",\"@id\":\"https:\\\/\\\/www.powermixxx.com.tr\\\/?page_id=417#breadcrumb\",\"itemListElement\":[{\"@type\":\"ListItem\",\"position\":1,\"name\":\"Anasayfa\",\"item\":\"https:\\\/\\\/www.powermixxx.com.tr\\\/\"},{\"@type\":\"ListItem\",\"position\":2,\"name\":\"Fixthermo\"}]},{\"@type\":\"WebSite\",\"@id\":\"https:\\\/\\\/www.powermixxx.com.tr\\\/#website\",\"url\":\"https:\\\/\\\/www.powermixxx.com.tr\\\/\",\"name\":\"POWERMIXXX\",\"description\":\"POWERMIXXX\",\"publisher\":{\"@id\":\"https:\\\/\\\/www.powermixxx.com.tr\\\/#organization\"},\"potentialAction\":[{\"@type\":\"SearchAction\",\"target\":{\"@type\":\"EntryPoint\",\"urlTemplate\":\"https:\\\/\\\/www.powermixxx.com.tr\\\/?s={search_term_string}\"},\"query-input\":{\"@type\":\"PropertyValueSpecification\",\"valueRequired\":true,\"valueName\":\"search_term_string\"}}],\"inLanguage\":\"tr\"},{\"@type\":\"Organization\",\"@id\":\"https:\\\/\\\/www.powermixxx.com.tr\\\/#organization\",\"name\":\"POWERMIXXX\",\"url\":\"https:\\\/\\\/www.powermixxx.com.tr\\\/\",\"logo\":{\"@type\":\"ImageObject\",\"inLanguage\":\"tr\",\"@id\":\"https:\\\/\\\/www.powermixxx.com.tr\\\/#\\\/schema\\\/logo\\\/image\\\/\",\"url\":\"https:\\\/\\\/www.powermixxx.com.tr\\\/wp-content\\\/uploads\\\/2026\\\/02\\\/cropped-powermix.png\",\"contentUrl\":\"https:\\\/\\\/www.powermixxx.com.tr\\\/wp-content\\\/uploads\\\/2026\\\/02\\\/cropped-powermix.png\",\"width\":1660,\"height\":285,\"caption\":\"POWERMIXXX\"},\"image\":{\"@id\":\"https:\\\/\\\/www.powermixxx.com.tr\\\/#\\\/schema\\\/logo\\\/image\\\/\"}}]}<\/script>\n<!-- \/ Yoast SEO plugin. -->","yoast_head_json":{"title":"Fixthermo - POWERMIXXX","robots":{"index":"index","follow":"follow","max-snippet":"max-snippet:-1","max-image-preview":"max-image-preview:large","max-video-preview":"max-video-preview:-1"},"canonical":"https:\/\/www.powermixxx.com.tr\/?page_id=417","og_locale":"tr_TR","og_type":"article","og_title":"Fixthermo - POWERMIXXX","og_description":"S\u0131va s\u0131n\u0131f\u0131nda olup \u00e7imento esasl\u0131 d\u0131\u015f cephe ilk kat yal\u0131t\u0131m \u00fcr\u00fcn\u00fcd\u00fcr. \u0130ste\u011fe ba\u011fl\u0131 olarak i\u00e7 cephelerdede kullan\u0131labilir. Yap\u0131s\u0131nda bulunan, g\u00f6zenekli [&hellip;]","og_url":"https:\/\/www.powermixxx.com.tr\/?page_id=417","og_site_name":"POWERMIXXX","article_modified_time":"2026-02-17T20:09:29+00:00","og_image":[{"width":1088,"height":1651,"url":"https:\/\/www.powermixxx.com.tr\/wp-content\/uploads\/2026\/02\/isiyalitim-1.png","type":"image\/png"}],"twitter_card":"summary_large_image","twitter_misc":{"Tahmini okuma s\u00fcresi":"4 dakika"},"schema":{"@context":"https:\/\/schema.org","@graph":[{"@type":"WebPage","@id":"https:\/\/www.powermixxx.com.tr\/?page_id=417","url":"https:\/\/www.powermixxx.com.tr\/?page_id=417","name":"Fixthermo - POWERMIXXX","isPartOf":{"@id":"https:\/\/www.powermixxx.com.tr\/#website"},"primaryImageOfPage":{"@id":"https:\/\/www.powermixxx.com.tr\/?page_id=417#primaryimage"},"image":{"@id":"https:\/\/www.powermixxx.com.tr\/?page_id=417#primaryimage"},"thumbnailUrl":"https:\/\/www.powermixxx.com.tr\/wp-content\/uploads\/2026\/02\/isiyalitim-1-675x1024.png","datePublished":"2026-02-07T21:28:34+00:00","dateModified":"2026-02-17T20:09:29+00:00","breadcrumb":{"@id":"https:\/\/www.powermixxx.com.tr\/?page_id=417#breadcrumb"},"inLanguage":"tr","potentialAction":[{"@type":"ReadAction","target":["https:\/\/www.powermixxx.com.tr\/?page_id=417"]}]},{"@type":"ImageObject","inLanguage":"tr","@id":"https:\/\/www.powermixxx.com.tr\/?page_id=417#primaryimage","url":"https:\/\/www.powermixxx.com.tr\/wp-content\/uploads\/2026\/02\/isiyalitim-1.png","contentUrl":"https:\/\/www.powermixxx.com.tr\/wp-content\/uploads\/2026\/02\/isiyalitim-1.png","width":1088,"height":1651},{"@type":"BreadcrumbList","@id":"https:\/\/www.powermixxx.com.tr\/?page_id=417#breadcrumb","itemListElement":[{"@type":"ListItem","position":1,"name":"Anasayfa","item":"https:\/\/www.powermixxx.com.tr\/"},{"@type":"ListItem","position":2,"name":"Fixthermo"}]},{"@type":"WebSite","@id":"https:\/\/www.powermixxx.com.tr\/#website","url":"https:\/\/www.powermixxx.com.tr\/","name":"POWERMIXXX","description":"POWERMIXXX","publisher":{"@id":"https:\/\/www.powermixxx.com.tr\/#organization"},"potentialAction":[{"@type":"SearchAction","target":{"@type":"EntryPoint","urlTemplate":"https:\/\/www.powermixxx.com.tr\/?s={search_term_string}"},"query-input":{"@type":"PropertyValueSpecification","valueRequired":true,"valueName":"search_term_string"}}],"inLanguage":"tr"},{"@type":"Organization","@id":"https:\/\/www.powermixxx.com.tr\/#organization","name":"POWERMIXXX","url":"https:\/\/www.powermixxx.com.tr\/","logo":{"@type":"ImageObject","inLanguage":"tr","@id":"https:\/\/www.powermixxx.com.tr\/#\/schema\/logo\/image\/","url":"https:\/\/www.powermixxx.com.tr\/wp-content\/uploads\/2026\/02\/cropped-powermix.png","contentUrl":"https:\/\/www.powermixxx.com.tr\/wp-content\/uploads\/2026\/02\/cropped-powermix.png","width":1660,"height":285,"caption":"POWERMIXXX"},"image":{"@id":"https:\/\/www.powermixxx.com.tr\/#\/schema\/logo\/image\/"}}]}},"_links":{"self":[{"href":"https:\/\/www.powermixxx.com.tr\/index.php?rest_route=\/wp\/v2\/pages\/417","targetHints":{"allow":["GET"]}}],"collection":[{"href":"https:\/\/www.powermixxx.com.tr\/index.php?rest_route=\/wp\/v2\/pages"}],"about":[{"href":"https:\/\/www.powermixxx.com.tr\/index.php?rest_route=\/wp\/v2\/types\/page"}],"author":[{"embeddable":true,"href":"https:\/\/www.powermixxx.com.tr\/index.php?rest_route=\/wp\/v2\/users\/1"}],"replies":[{"embeddable":true,"href":"https:\/\/www.powermixxx.com.tr\/index.php?rest_route=%2Fwp%2Fv2%2Fcomments&post=417"}],"version-history":[{"count":2,"href":"https:\/\/www.powermixxx.com.tr\/index.php?rest_route=\/wp\/v2\/pages\/417\/revisions"}],"predecessor-version":[{"id":595,"href":"https:\/\/www.powermixxx.com.tr\/index.php?rest_route=\/wp\/v2\/pages\/417\/revisions\/595"}],"wp:attachment":[{"href":"https:\/\/www.powermixxx.com.tr\/index.php?rest_route=%2Fwp%2Fv2%2Fmedia&parent=417"}],"curies":[{"name":"wp","href":"https:\/\/api.w.org\/{rel}","templated":true}]}}