{"id":316,"date":"2026-02-04T12:03:19","date_gmt":"2026-02-04T12:03:19","guid":{"rendered":"http:\/\/www.powermixxx.com.tr\/?page_id=316"},"modified":"2026-02-17T19:46:10","modified_gmt":"2026-02-17T19:46:10","slug":"dekoratif-dis-cephe-kaplama-harci","status":"publish","type":"page","link":"https:\/\/www.powermixxx.com.tr\/?page_id=316","title":{"rendered":"Dekoratif D\u0131\u015f Cephe Kaplama Harc\u0131"},"content":{"rendered":"\n<div class=\"wp-block-columns is-layout-flex wp-container-core-columns-is-layout-28f84493 wp-block-columns-is-layout-flex\">\n<div class=\"wp-block-column is-layout-flow wp-block-column-is-layout-flow\">\n<figure class=\"wp-block-image aligncenter size-large is-resized\"><a href=\"http:\/\/www.powermixxx.com.tr\/?page_id=316\"><img loading=\"lazy\" decoding=\"async\" width=\"694\" height=\"1024\" src=\"http:\/\/www.powermixxx.com.tr\/wp-content\/uploads\/2026\/02\/dis-694x1024.png\" alt=\"\" class=\"wp-image-313\" style=\"aspect-ratio:0.6777543954924988;width:428px;height:auto\" srcset=\"https:\/\/www.powermixxx.com.tr\/wp-content\/uploads\/2026\/02\/dis-694x1024.png 694w, https:\/\/www.powermixxx.com.tr\/wp-content\/uploads\/2026\/02\/dis-203x300.png 203w, https:\/\/www.powermixxx.com.tr\/wp-content\/uploads\/2026\/02\/dis-768x1133.png 768w, https:\/\/www.powermixxx.com.tr\/wp-content\/uploads\/2026\/02\/dis.png 1015w\" sizes=\"auto, (max-width: 694px) 100vw, 694px\" \/><\/a><\/figure>\n<\/div>\n\n\n\n<div class=\"wp-block-column is-layout-flow wp-block-column-is-layout-flow\">\n<p><br>Binalar\u0131n d\u0131\u015f duvar ve \u0131s\u0131 yal\u0131t\u0131m sistem s\u0131vas\u0131n\u0131n \u00fczerinde kaplama malzemesi olarak uygulanan, beyaz \u00e7imento esasl\u0131, polimer katk\u0131lar i\u00e7eren, su itici \u00f6zelli\u011fine sahip, beyaz renkte 2 mm tane kal\u0131nl\u0131\u011f\u0131nda son kat dekoratif kaplama malzemesidir.<\/p>\n\n\n\n<details class=\"wp-block-details is-layout-flow wp-block-details-is-layout-flow\"><summary><strong>Malzeme Haz\u0131rl\u0131\u011f\u0131 <\/strong><\/summary>\n<p>25 kg\u2019l\u0131k torba i\u00e7indeki toz malzeme, 6-6,5 L su konmu\u015f temiz bir kap i\u00e7erisinde yava\u015f devirli bir matkap ile kar\u0131\u015ft\u0131r\u0131l\u0131r. \u0130\u015flem, kar\u0131\u015f\u0131m homojen hale gelinceye kadar devam edilir. Haz\u0131rlanan kar\u0131\u015f\u0131m 5 dakika bekletilip tekrar kar\u0131\u015ft\u0131r\u0131l\u0131r ve uygulamaya haz\u0131r hale getirilir.<br><\/p>\n\n\n\n<p><\/p>\n<\/details>\n\n\n\n<details class=\"wp-block-details is-layout-flow wp-block-details-is-layout-flow\"><summary><strong><strong>Yap\u0131\u015fma Mukavemeti (28 g\u00fcn) (N\/mm\u00b2)<\/strong><\/strong><\/summary>\n<p>1,0 N\/mm\u00b2<\/p>\n<\/details>\n\n\n\n<p><\/p>\n\n\n\n<details class=\"wp-block-details is-layout-flow wp-block-details-is-layout-flow\"><summary><strong><strong><strong>Uygulanabilir Kal\u0131nl\u0131k<\/strong><\/strong><\/strong><\/summary>\n<p>Min. 1,8 &#8211; max. 2,0 mm<\/p>\n<\/details>\n\n\n\n<p><\/p>\n\n\n\n<details class=\"wp-block-details is-layout-flow wp-block-details-is-layout-flow\"><summary><strong><strong><strong><strong>Kar\u0131\u015f\u0131m Suyu Miktar\u0131 (25 kg kuru har\u00e7 i\u00e7in)<\/strong><\/strong><\/strong><\/strong><\/summary>\n<p>6,0 &#8211; 6,50 L<\/p>\n<\/details>\n\n\n\n<p><\/p>\n\n\n\n<details class=\"wp-block-details is-layout-flow wp-block-details-is-layout-flow\"><summary><strong><strong><strong><strong>K<strong>uruma S\u00fcresi<\/strong><\/strong><\/strong><\/strong><\/strong><\/summary>\n<p>12 &#8211; 24 saat<\/p>\n<\/details>\n\n\n\n<p><\/p>\n\n\n\n<details class=\"wp-block-details is-layout-flow wp-block-details-is-layout-flow\"><summary><strong><strong><strong><strong><strong>\u00d6nerilen Uygulama Aparatlar\u0131<\/strong><\/strong><\/strong><\/strong><\/strong><\/summary>\n<p>\u00c7elik mala<\/p>\n<\/details>\n\n\n\n<p><\/p>\n\n\n\n<details class=\"wp-block-details is-layout-flow wp-block-details-is-layout-flow\"><summary><strong><strong><strong><strong><strong><strong>Ambalaj<\/strong><\/strong><\/strong><\/strong><\/strong><\/strong><\/summary>\n<p>25 kg&#8217;l\u0131k kraft torba<\/p>\n<\/details>\n\n\n\n<p><\/p>\n\n\n\n<p><\/p>\n<\/div>\n<\/div>\n","protected":false},"excerpt":{"rendered":"<p>Binalar\u0131n d\u0131\u015f duvar ve \u0131s\u0131 yal\u0131t\u0131m sistem s\u0131vas\u0131n\u0131n \u00fczerinde kaplama malzemesi olarak uygulanan, beyaz \u00e7imento esasl\u0131, polimer katk\u0131lar i\u00e7eren, su [&hellip;]<\/p>\n","protected":false},"author":1,"featured_media":0,"parent":0,"menu_order":0,"comment_status":"closed","ping_status":"closed","template":"","meta":{"site-sidebar-layout":"default","site-content-layout":"","ast-site-content-layout":"default","site-content-style":"default","site-sidebar-style":"default","ast-global-header-display":"","ast-banner-title-visibility":"","ast-main-header-display":"","ast-hfb-above-header-display":"","ast-hfb-below-header-display":"","ast-hfb-mobile-header-display":"","site-post-title":"","ast-breadcrumbs-content":"","ast-featured-img":"","footer-sml-layout":"","ast-disable-related-posts":"","theme-transparent-header-meta":"","adv-header-id-meta":"","stick-header-meta":"","header-above-stick-meta":"","header-main-stick-meta":"","header-below-stick-meta":"","astra-migrate-meta-layouts":"default","ast-page-background-enabled":"default","ast-page-background-meta":{"desktop":{"background-color":"var(--ast-global-color-5)","background-image":"","background-repeat":"repeat","background-position":"center center","background-size":"auto","background-attachment":"scroll","background-type":"","background-media":"","overlay-type":"","overlay-color":"","overlay-opacity":"","overlay-gradient":""},"tablet":{"background-color":"","background-image":"","background-repeat":"repeat","background-position":"center center","background-size":"auto","background-attachment":"scroll","background-type":"","background-media":"","overlay-type":"","overlay-color":"","overlay-opacity":"","overlay-gradient":""},"mobile":{"background-color":"","background-image":"","background-repeat":"repeat","background-position":"center center","background-size":"auto","background-attachment":"scroll","background-type":"","background-media":"","overlay-type":"","overlay-color":"","overlay-opacity":"","overlay-gradient":""}},"ast-content-background-meta":{"desktop":{"background-color":"var(--ast-global-color-4)","background-image":"","background-repeat":"repeat","background-position":"center center","background-size":"auto","background-attachment":"scroll","background-type":"","background-media":"","overlay-type":"","overlay-color":"","overlay-opacity":"","overlay-gradient":""},"tablet":{"background-color":"var(--ast-global-color-4)","background-image":"","background-repeat":"repeat","background-position":"center center","background-size":"auto","background-attachment":"scroll","background-type":"","background-media":"","overlay-type":"","overlay-color":"","overlay-opacity":"","overlay-gradient":""},"mobile":{"background-color":"var(--ast-global-color-4)","background-image":"","background-repeat":"repeat","background-position":"center center","background-size":"auto","background-attachment":"scroll","background-type":"","background-media":"","overlay-type":"","overlay-color":"","overlay-opacity":"","overlay-gradient":""}},"footnotes":""},"class_list":["post-316","page","type-page","status-publish","hentry"],"yoast_head":"<!-- This site is optimized with the Yoast SEO plugin v27.5 - https:\/\/yoast.com\/product\/yoast-seo-wordpress\/ -->\n<title>Dekoratif D\u0131\u015f Cephe Kaplama Harc\u0131 - POWERMIXXX<\/title>\n<meta name=\"robots\" content=\"index, follow, max-snippet:-1, max-image-preview:large, max-video-preview:-1\" \/>\n<link rel=\"canonical\" href=\"https:\/\/www.powermixxx.com.tr\/?page_id=316\" \/>\n<meta property=\"og:locale\" content=\"tr_TR\" \/>\n<meta property=\"og:type\" content=\"article\" \/>\n<meta property=\"og:title\" content=\"Dekoratif D\u0131\u015f Cephe Kaplama Harc\u0131 - POWERMIXXX\" \/>\n<meta property=\"og:description\" content=\"Binalar\u0131n d\u0131\u015f duvar ve \u0131s\u0131 yal\u0131t\u0131m sistem s\u0131vas\u0131n\u0131n \u00fczerinde kaplama malzemesi olarak uygulanan, beyaz \u00e7imento esasl\u0131, polimer katk\u0131lar i\u00e7eren, su [&hellip;]\" \/>\n<meta property=\"og:url\" content=\"https:\/\/www.powermixxx.com.tr\/?page_id=316\" \/>\n<meta property=\"og:site_name\" content=\"POWERMIXXX\" \/>\n<meta property=\"article:modified_time\" content=\"2026-02-17T19:46:10+00:00\" \/>\n<meta property=\"og:image\" content=\"https:\/\/www.powermixxx.com.tr\/wp-content\/uploads\/2026\/02\/dis.png\" \/>\n\t<meta property=\"og:image:width\" content=\"1015\" \/>\n\t<meta property=\"og:image:height\" content=\"1497\" \/>\n\t<meta property=\"og:image:type\" content=\"image\/png\" \/>\n<meta name=\"twitter:card\" content=\"summary_large_image\" \/>\n<meta name=\"twitter:label1\" content=\"Tahmini okuma s\u00fcresi\" \/>\n\t<meta name=\"twitter:data1\" content=\"1 dakika\" \/>\n<script type=\"application\/ld+json\" class=\"yoast-schema-graph\">{\"@context\":\"https:\\\/\\\/schema.org\",\"@graph\":[{\"@type\":\"WebPage\",\"@id\":\"https:\\\/\\\/www.powermixxx.com.tr\\\/?page_id=316\",\"url\":\"https:\\\/\\\/www.powermixxx.com.tr\\\/?page_id=316\",\"name\":\"Dekoratif D\u0131\u015f Cephe Kaplama Harc\u0131 - POWERMIXXX\",\"isPartOf\":{\"@id\":\"https:\\\/\\\/www.powermixxx.com.tr\\\/#website\"},\"primaryImageOfPage\":{\"@id\":\"https:\\\/\\\/www.powermixxx.com.tr\\\/?page_id=316#primaryimage\"},\"image\":{\"@id\":\"https:\\\/\\\/www.powermixxx.com.tr\\\/?page_id=316#primaryimage\"},\"thumbnailUrl\":\"http:\\\/\\\/www.powermixxx.com.tr\\\/wp-content\\\/uploads\\\/2026\\\/02\\\/dis-694x1024.png\",\"datePublished\":\"2026-02-04T12:03:19+00:00\",\"dateModified\":\"2026-02-17T19:46:10+00:00\",\"breadcrumb\":{\"@id\":\"https:\\\/\\\/www.powermixxx.com.tr\\\/?page_id=316#breadcrumb\"},\"inLanguage\":\"tr\",\"potentialAction\":[{\"@type\":\"ReadAction\",\"target\":[\"https:\\\/\\\/www.powermixxx.com.tr\\\/?page_id=316\"]}]},{\"@type\":\"ImageObject\",\"inLanguage\":\"tr\",\"@id\":\"https:\\\/\\\/www.powermixxx.com.tr\\\/?page_id=316#primaryimage\",\"url\":\"https:\\\/\\\/www.powermixxx.com.tr\\\/wp-content\\\/uploads\\\/2026\\\/02\\\/dis.png\",\"contentUrl\":\"https:\\\/\\\/www.powermixxx.com.tr\\\/wp-content\\\/uploads\\\/2026\\\/02\\\/dis.png\",\"width\":1015,\"height\":1497},{\"@type\":\"BreadcrumbList\",\"@id\":\"https:\\\/\\\/www.powermixxx.com.tr\\\/?page_id=316#breadcrumb\",\"itemListElement\":[{\"@type\":\"ListItem\",\"position\":1,\"name\":\"Anasayfa\",\"item\":\"https:\\\/\\\/www.powermixxx.com.tr\\\/\"},{\"@type\":\"ListItem\",\"position\":2,\"name\":\"Dekoratif D\u0131\u015f Cephe Kaplama Harc\u0131\"}]},{\"@type\":\"WebSite\",\"@id\":\"https:\\\/\\\/www.powermixxx.com.tr\\\/#website\",\"url\":\"https:\\\/\\\/www.powermixxx.com.tr\\\/\",\"name\":\"POWERMIXXX\",\"description\":\"POWERMIXXX\",\"publisher\":{\"@id\":\"https:\\\/\\\/www.powermixxx.com.tr\\\/#organization\"},\"potentialAction\":[{\"@type\":\"SearchAction\",\"target\":{\"@type\":\"EntryPoint\",\"urlTemplate\":\"https:\\\/\\\/www.powermixxx.com.tr\\\/?s={search_term_string}\"},\"query-input\":{\"@type\":\"PropertyValueSpecification\",\"valueRequired\":true,\"valueName\":\"search_term_string\"}}],\"inLanguage\":\"tr\"},{\"@type\":\"Organization\",\"@id\":\"https:\\\/\\\/www.powermixxx.com.tr\\\/#organization\",\"name\":\"POWERMIXXX\",\"url\":\"https:\\\/\\\/www.powermixxx.com.tr\\\/\",\"logo\":{\"@type\":\"ImageObject\",\"inLanguage\":\"tr\",\"@id\":\"https:\\\/\\\/www.powermixxx.com.tr\\\/#\\\/schema\\\/logo\\\/image\\\/\",\"url\":\"https:\\\/\\\/www.powermixxx.com.tr\\\/wp-content\\\/uploads\\\/2026\\\/02\\\/cropped-powermix.png\",\"contentUrl\":\"https:\\\/\\\/www.powermixxx.com.tr\\\/wp-content\\\/uploads\\\/2026\\\/02\\\/cropped-powermix.png\",\"width\":1660,\"height\":285,\"caption\":\"POWERMIXXX\"},\"image\":{\"@id\":\"https:\\\/\\\/www.powermixxx.com.tr\\\/#\\\/schema\\\/logo\\\/image\\\/\"}}]}<\/script>\n<!-- \/ Yoast SEO plugin. -->","yoast_head_json":{"title":"Dekoratif D\u0131\u015f Cephe Kaplama Harc\u0131 - POWERMIXXX","robots":{"index":"index","follow":"follow","max-snippet":"max-snippet:-1","max-image-preview":"max-image-preview:large","max-video-preview":"max-video-preview:-1"},"canonical":"https:\/\/www.powermixxx.com.tr\/?page_id=316","og_locale":"tr_TR","og_type":"article","og_title":"Dekoratif D\u0131\u015f Cephe Kaplama Harc\u0131 - POWERMIXXX","og_description":"Binalar\u0131n d\u0131\u015f duvar ve \u0131s\u0131 yal\u0131t\u0131m sistem s\u0131vas\u0131n\u0131n \u00fczerinde kaplama malzemesi olarak uygulanan, beyaz \u00e7imento esasl\u0131, polimer katk\u0131lar i\u00e7eren, su [&hellip;]","og_url":"https:\/\/www.powermixxx.com.tr\/?page_id=316","og_site_name":"POWERMIXXX","article_modified_time":"2026-02-17T19:46:10+00:00","og_image":[{"width":1015,"height":1497,"url":"https:\/\/www.powermixxx.com.tr\/wp-content\/uploads\/2026\/02\/dis.png","type":"image\/png"}],"twitter_card":"summary_large_image","twitter_misc":{"Tahmini okuma s\u00fcresi":"1 dakika"},"schema":{"@context":"https:\/\/schema.org","@graph":[{"@type":"WebPage","@id":"https:\/\/www.powermixxx.com.tr\/?page_id=316","url":"https:\/\/www.powermixxx.com.tr\/?page_id=316","name":"Dekoratif D\u0131\u015f Cephe Kaplama Harc\u0131 - POWERMIXXX","isPartOf":{"@id":"https:\/\/www.powermixxx.com.tr\/#website"},"primaryImageOfPage":{"@id":"https:\/\/www.powermixxx.com.tr\/?page_id=316#primaryimage"},"image":{"@id":"https:\/\/www.powermixxx.com.tr\/?page_id=316#primaryimage"},"thumbnailUrl":"http:\/\/www.powermixxx.com.tr\/wp-content\/uploads\/2026\/02\/dis-694x1024.png","datePublished":"2026-02-04T12:03:19+00:00","dateModified":"2026-02-17T19:46:10+00:00","breadcrumb":{"@id":"https:\/\/www.powermixxx.com.tr\/?page_id=316#breadcrumb"},"inLanguage":"tr","potentialAction":[{"@type":"ReadAction","target":["https:\/\/www.powermixxx.com.tr\/?page_id=316"]}]},{"@type":"ImageObject","inLanguage":"tr","@id":"https:\/\/www.powermixxx.com.tr\/?page_id=316#primaryimage","url":"https:\/\/www.powermixxx.com.tr\/wp-content\/uploads\/2026\/02\/dis.png","contentUrl":"https:\/\/www.powermixxx.com.tr\/wp-content\/uploads\/2026\/02\/dis.png","width":1015,"height":1497},{"@type":"BreadcrumbList","@id":"https:\/\/www.powermixxx.com.tr\/?page_id=316#breadcrumb","itemListElement":[{"@type":"ListItem","position":1,"name":"Anasayfa","item":"https:\/\/www.powermixxx.com.tr\/"},{"@type":"ListItem","position":2,"name":"Dekoratif D\u0131\u015f Cephe Kaplama Harc\u0131"}]},{"@type":"WebSite","@id":"https:\/\/www.powermixxx.com.tr\/#website","url":"https:\/\/www.powermixxx.com.tr\/","name":"POWERMIXXX","description":"POWERMIXXX","publisher":{"@id":"https:\/\/www.powermixxx.com.tr\/#organization"},"potentialAction":[{"@type":"SearchAction","target":{"@type":"EntryPoint","urlTemplate":"https:\/\/www.powermixxx.com.tr\/?s={search_term_string}"},"query-input":{"@type":"PropertyValueSpecification","valueRequired":true,"valueName":"search_term_string"}}],"inLanguage":"tr"},{"@type":"Organization","@id":"https:\/\/www.powermixxx.com.tr\/#organization","name":"POWERMIXXX","url":"https:\/\/www.powermixxx.com.tr\/","logo":{"@type":"ImageObject","inLanguage":"tr","@id":"https:\/\/www.powermixxx.com.tr\/#\/schema\/logo\/image\/","url":"https:\/\/www.powermixxx.com.tr\/wp-content\/uploads\/2026\/02\/cropped-powermix.png","contentUrl":"https:\/\/www.powermixxx.com.tr\/wp-content\/uploads\/2026\/02\/cropped-powermix.png","width":1660,"height":285,"caption":"POWERMIXXX"},"image":{"@id":"https:\/\/www.powermixxx.com.tr\/#\/schema\/logo\/image\/"}}]}},"_links":{"self":[{"href":"https:\/\/www.powermixxx.com.tr\/index.php?rest_route=\/wp\/v2\/pages\/316","targetHints":{"allow":["GET"]}}],"collection":[{"href":"https:\/\/www.powermixxx.com.tr\/index.php?rest_route=\/wp\/v2\/pages"}],"about":[{"href":"https:\/\/www.powermixxx.com.tr\/index.php?rest_route=\/wp\/v2\/types\/page"}],"author":[{"embeddable":true,"href":"https:\/\/www.powermixxx.com.tr\/index.php?rest_route=\/wp\/v2\/users\/1"}],"replies":[{"embeddable":true,"href":"https:\/\/www.powermixxx.com.tr\/index.php?rest_route=%2Fwp%2Fv2%2Fcomments&post=316"}],"version-history":[{"count":3,"href":"https:\/\/www.powermixxx.com.tr\/index.php?rest_route=\/wp\/v2\/pages\/316\/revisions"}],"predecessor-version":[{"id":576,"href":"https:\/\/www.powermixxx.com.tr\/index.php?rest_route=\/wp\/v2\/pages\/316\/revisions\/576"}],"wp:attachment":[{"href":"https:\/\/www.powermixxx.com.tr\/index.php?rest_route=%2Fwp%2Fv2%2Fmedia&parent=316"}],"curies":[{"name":"wp","href":"https:\/\/api.w.org\/{rel}","templated":true}]}}