{"id":247,"date":"2026-02-02T21:25:22","date_gmt":"2026-02-02T21:25:22","guid":{"rendered":"http:\/\/www.powermixxx.com.tr\/?page_id=247"},"modified":"2026-02-18T20:44:21","modified_gmt":"2026-02-18T20:44:21","slug":"fayans-ve-seramik-yapistirma-harci","status":"publish","type":"page","link":"https:\/\/www.powermixxx.com.tr\/?page_id=247","title":{"rendered":"Fayans Ve Seramik Yap\u0131\u015ft\u0131rma Harc\u0131"},"content":{"rendered":"\n<div class=\"wp-block-columns is-layout-flex wp-container-core-columns-is-layout-28f84493 wp-block-columns-is-layout-flex\">\n<div class=\"wp-block-column is-layout-flow wp-block-column-is-layout-flow\">\n<figure class=\"wp-block-image size-large is-resized\"><img loading=\"lazy\" decoding=\"async\" width=\"764\" height=\"1024\" src=\"http:\/\/www.powermixxx.com.tr\/wp-content\/uploads\/2026\/02\/seramik2-1-764x1024.png\" alt=\"\" class=\"wp-image-248\" style=\"aspect-ratio:0.7462428744169978;width:410px;height:auto\" srcset=\"https:\/\/www.powermixxx.com.tr\/wp-content\/uploads\/2026\/02\/seramik2-1-764x1024.png 764w, https:\/\/www.powermixxx.com.tr\/wp-content\/uploads\/2026\/02\/seramik2-1-224x300.png 224w, https:\/\/www.powermixxx.com.tr\/wp-content\/uploads\/2026\/02\/seramik2-1-768x1029.png 768w, https:\/\/www.powermixxx.com.tr\/wp-content\/uploads\/2026\/02\/seramik2-1.png 794w\" sizes=\"auto, (max-width: 764px) 100vw, 764px\" \/><\/figure>\n<\/div>\n\n\n\n<div class=\"wp-block-column is-layout-flow wp-block-column-is-layout-flow\">\n<p><br>Kayma \u00f6zelli\u011fi azalt\u0131lm\u0131\u015f, uzun \u00e7al\u0131\u015fma s\u00fcresine sahip, \u00e7imento esasl\u0131 seramik yap\u0131\u015ft\u0131rma harc\u0131d\u0131r.<\/p>\n\n\n\n<h2 class=\"wp-block-heading has-large-font-size\">Kullan\u0131m Alanlar\u0131<\/h2>\n\n\n\n<ul class=\"wp-block-list\">\n<li>Seramik, mozaik, dekoratif tu\u011fla, do\u011fal ta\u015f, traverten gibi kaplama malzemelerinin yatay ve d\u00fc\u015feyde, banyo, mutfak gibi \u0131slak hacimlerde, beton, s\u0131va, \u015fap gibi y\u00fczeyler \u00fczerine uygulanmas\u0131nda m\u00fckemmel sonu\u00e7 verir. Mevcut seramik \u00fczeri seramik yap\u0131\u015ft\u0131rma uygulamalar\u0131ndan \u00f6nce y\u00fczey Powermixxx Dolgulu Astar ile astarlanmal\u0131d\u0131r.<\/li>\n<\/ul>\n\n\n\n<h2 class=\"wp-block-heading has-large-font-size\">\u00d6zellikler<\/h2>\n\n\n\n<ul class=\"wp-block-list\">\n<li>Y\u00fcksek yap\u0131\u015fma g\u00fcc\u00fcne sahiptir. Yukar\u0131dan a\u015fa\u011f\u0131 seramik d\u00f6\u015femeye uygundur. Kayma yapmaz. Uzun \u00e7al\u0131\u015fma s\u00fcresi ile zaman ve i\u015f\u00e7ilikten tasarruf sa\u011flar. Kolay taraklanabilir.<\/li>\n<\/ul>\n\n\n\n<details class=\"wp-block-details has-medium-font-size is-layout-flow wp-block-details-is-layout-flow\"><summary><strong>AMBALAJ<\/strong><\/summary>\n<p class=\"has-medium-font-size\">25 kg kraft torba <\/p>\n<\/details>\n\n\n\n<details class=\"wp-block-details has-large-font-size is-layout-flow wp-block-details-is-layout-flow\"><summary><strong>Profesyonel Bilgi<\/strong><\/summary>\n<p class=\"has-medium-font-size\"><strong>Teknik \u00d6zellikleri<\/strong><\/p>\n\n\n\n<p class=\"has-medium-font-size\">(23\u00b0C ve %50 Ba\u011f\u0131l Nem)<\/p>\n\n\n\n<p class=\"has-medium-font-size\"><strong>Genel Bilgiler<\/strong><\/p>\n\n\n\n<p class=\"has-medium-font-size\">G\u00f6r\u00fcn\u00fcm: Gri renkli toz<\/p>\n\n\n\n<p class=\"has-medium-font-size\">Raf \u00d6mr\u00fc: A\u00e7\u0131lmam\u0131\u015f ambalaj\u0131nda kuru ortamda 12 ay<\/p>\n\n\n\n<p class=\"has-medium-font-size\"><strong>Uygulama Bilgileri<\/strong><\/p>\n\n\n\n<p class=\"has-medium-font-size\">Uygulama S\u0131cakl\u0131\u011f\u0131: (+5\u00b0C) &#8211; (+35\u00b0C)<\/p>\n\n\n\n<p class=\"has-medium-font-size\">Kar\u0131\u015f\u0131m Oran\u0131: 7 \u2013 7.5 lt su \/ 25 kg toz<\/p>\n\n\n\n<p class=\"has-medium-font-size\">Kap \u00d6mr\u00fc: 6 saat<\/p>\n\n\n\n<p class=\"has-medium-font-size\">Kullan\u0131ma Alma S\u00fcresi: Duvarda 8 saat &#8211; Zeminde 1 g\u00fcn<\/p>\n\n\n\n<p class=\"has-medium-font-size\">T\u00fcketim: Ortalama 3 &#8211; 5 kg\/m\u00b2<\/p>\n\n\n\n<p class=\"has-medium-font-size\"><strong>Performans Bilgileri<\/strong><\/p>\n\n\n\n<p class=\"has-medium-font-size\">Kayma (TS EN 12004-2): \u22640,5 mm<\/p>\n\n\n\n<p class=\"has-medium-font-size\">A\u00e7\u0131k Bekletme S\u00fcresi (TS EN 12004-2): Min. 30 dk sonra \u2265 0,5 N\/mm\u00b2<\/p>\n\n\n\n<p class=\"has-medium-font-size\">Yap\u0131\u015fma Mukavemeti (TS EN 12004-2): Ba\u015flang\u0131\u00e7 \u2265 0.5 N\/mm\u00b2<\/p>\n\n\n\n<p class=\"has-medium-font-size\">Suya dald\u0131r\u0131ld\u0131ktan sonra \u2265 0.5 N\/mm\u00b2&nbsp; &nbsp;<\/p>\n\n\n\n<p class=\"has-medium-font-size\">Is\u0131yla ya\u015fland\u0131r\u0131ld\u0131ktan sonra \u2265 0.5 N\/mm\u00b2<\/p>\n\n\n\n<p class=\"has-medium-font-size\">Donma \u00e7\u00f6z\u00fcnme \u00e7evriminden sonra \u2265 0.5 N\/mm\u00b2<\/p>\n\n\n\n<p class=\"has-medium-font-size\">S\u0131cakl\u0131k Dayan\u0131m\u0131:(-40\u00b0C) &#8211; (+80\u00b0C)<\/p>\n\n\n\n<p class=\"has-medium-font-size\">Tehlikeli Maddeler (TS EN 12004-1): G\u00fcvenlik Bilgi Formuna bak\u0131n\u0131z.<\/p>\n\n\n\n<p class=\"has-medium-font-size\">Yang\u0131na Tepki (TS EN 13501-1):<strong>&nbsp;<\/strong>A1<\/p>\n<\/details>\n<\/div>\n<\/div>\n","protected":false},"excerpt":{"rendered":"<p>Kayma \u00f6zelli\u011fi azalt\u0131lm\u0131\u015f, uzun \u00e7al\u0131\u015fma s\u00fcresine sahip, \u00e7imento esasl\u0131 seramik yap\u0131\u015ft\u0131rma harc\u0131d\u0131r. Kullan\u0131m Alanlar\u0131 \u00d6zellikler<\/p>\n","protected":false},"author":1,"featured_media":0,"parent":0,"menu_order":0,"comment_status":"closed","ping_status":"closed","template":"","meta":{"site-sidebar-layout":"default","site-content-layout":"","ast-site-content-layout":"default","site-content-style":"default","site-sidebar-style":"default","ast-global-header-display":"","ast-banner-title-visibility":"","ast-main-header-display":"","ast-hfb-above-header-display":"","ast-hfb-below-header-display":"","ast-hfb-mobile-header-display":"","site-post-title":"","ast-breadcrumbs-content":"","ast-featured-img":"","footer-sml-layout":"","ast-disable-related-posts":"","theme-transparent-header-meta":"","adv-header-id-meta":"","stick-header-meta":"","header-above-stick-meta":"","header-main-stick-meta":"","header-below-stick-meta":"","astra-migrate-meta-layouts":"default","ast-page-background-enabled":"default","ast-page-background-meta":{"desktop":{"background-color":"var(--ast-global-color-5)","background-image":"","background-repeat":"repeat","background-position":"center center","background-size":"auto","background-attachment":"scroll","background-type":"","background-media":"","overlay-type":"","overlay-color":"","overlay-opacity":"","overlay-gradient":""},"tablet":{"background-color":"","background-image":"","background-repeat":"repeat","background-position":"center center","background-size":"auto","background-attachment":"scroll","background-type":"","background-media":"","overlay-type":"","overlay-color":"","overlay-opacity":"","overlay-gradient":""},"mobile":{"background-color":"","background-image":"","background-repeat":"repeat","background-position":"center center","background-size":"auto","background-attachment":"scroll","background-type":"","background-media":"","overlay-type":"","overlay-color":"","overlay-opacity":"","overlay-gradient":""}},"ast-content-background-meta":{"desktop":{"background-color":"var(--ast-global-color-4)","background-image":"","background-repeat":"repeat","background-position":"center center","background-size":"auto","background-attachment":"scroll","background-type":"","background-media":"","overlay-type":"","overlay-color":"","overlay-opacity":"","overlay-gradient":""},"tablet":{"background-color":"var(--ast-global-color-4)","background-image":"","background-repeat":"repeat","background-position":"center center","background-size":"auto","background-attachment":"scroll","background-type":"","background-media":"","overlay-type":"","overlay-color":"","overlay-opacity":"","overlay-gradient":""},"mobile":{"background-color":"var(--ast-global-color-4)","background-image":"","background-repeat":"repeat","background-position":"center center","background-size":"auto","background-attachment":"scroll","background-type":"","background-media":"","overlay-type":"","overlay-color":"","overlay-opacity":"","overlay-gradient":""}},"footnotes":""},"class_list":["post-247","page","type-page","status-publish","hentry"],"yoast_head":"<!-- This site is optimized with the Yoast SEO plugin v27.5 - https:\/\/yoast.com\/product\/yoast-seo-wordpress\/ -->\n<title>Fayans Ve Seramik Yap\u0131\u015ft\u0131rma Harc\u0131 - POWERMIXXX<\/title>\n<meta name=\"robots\" content=\"index, follow, max-snippet:-1, max-image-preview:large, max-video-preview:-1\" \/>\n<link rel=\"canonical\" href=\"https:\/\/www.powermixxx.com.tr\/?page_id=247\" \/>\n<meta property=\"og:locale\" content=\"tr_TR\" \/>\n<meta property=\"og:type\" content=\"article\" \/>\n<meta property=\"og:title\" content=\"Fayans Ve Seramik Yap\u0131\u015ft\u0131rma Harc\u0131 - POWERMIXXX\" \/>\n<meta property=\"og:description\" content=\"Kayma \u00f6zelli\u011fi azalt\u0131lm\u0131\u015f, uzun \u00e7al\u0131\u015fma s\u00fcresine sahip, \u00e7imento esasl\u0131 seramik yap\u0131\u015ft\u0131rma harc\u0131d\u0131r. Kullan\u0131m Alanlar\u0131 \u00d6zellikler\" \/>\n<meta property=\"og:url\" content=\"https:\/\/www.powermixxx.com.tr\/?page_id=247\" \/>\n<meta property=\"og:site_name\" content=\"POWERMIXXX\" \/>\n<meta property=\"article:modified_time\" content=\"2026-02-18T20:44:21+00:00\" \/>\n<meta property=\"og:image\" content=\"https:\/\/www.powermixxx.com.tr\/wp-content\/uploads\/2026\/02\/seramik2-1.png\" \/>\n\t<meta property=\"og:image:width\" content=\"794\" \/>\n\t<meta property=\"og:image:height\" content=\"1064\" \/>\n\t<meta property=\"og:image:type\" content=\"image\/png\" \/>\n<meta name=\"twitter:card\" content=\"summary_large_image\" \/>\n<meta name=\"twitter:label1\" content=\"Tahmini okuma s\u00fcresi\" \/>\n\t<meta name=\"twitter:data1\" content=\"2 dakika\" \/>\n<script type=\"application\/ld+json\" class=\"yoast-schema-graph\">{\"@context\":\"https:\\\/\\\/schema.org\",\"@graph\":[{\"@type\":\"WebPage\",\"@id\":\"https:\\\/\\\/www.powermixxx.com.tr\\\/?page_id=247\",\"url\":\"https:\\\/\\\/www.powermixxx.com.tr\\\/?page_id=247\",\"name\":\"Fayans Ve Seramik Yap\u0131\u015ft\u0131rma Harc\u0131 - POWERMIXXX\",\"isPartOf\":{\"@id\":\"https:\\\/\\\/www.powermixxx.com.tr\\\/#website\"},\"primaryImageOfPage\":{\"@id\":\"https:\\\/\\\/www.powermixxx.com.tr\\\/?page_id=247#primaryimage\"},\"image\":{\"@id\":\"https:\\\/\\\/www.powermixxx.com.tr\\\/?page_id=247#primaryimage\"},\"thumbnailUrl\":\"http:\\\/\\\/www.powermixxx.com.tr\\\/wp-content\\\/uploads\\\/2026\\\/02\\\/seramik2-1-764x1024.png\",\"datePublished\":\"2026-02-02T21:25:22+00:00\",\"dateModified\":\"2026-02-18T20:44:21+00:00\",\"breadcrumb\":{\"@id\":\"https:\\\/\\\/www.powermixxx.com.tr\\\/?page_id=247#breadcrumb\"},\"inLanguage\":\"tr\",\"potentialAction\":[{\"@type\":\"ReadAction\",\"target\":[\"https:\\\/\\\/www.powermixxx.com.tr\\\/?page_id=247\"]}]},{\"@type\":\"ImageObject\",\"inLanguage\":\"tr\",\"@id\":\"https:\\\/\\\/www.powermixxx.com.tr\\\/?page_id=247#primaryimage\",\"url\":\"https:\\\/\\\/www.powermixxx.com.tr\\\/wp-content\\\/uploads\\\/2026\\\/02\\\/seramik2-1.png\",\"contentUrl\":\"https:\\\/\\\/www.powermixxx.com.tr\\\/wp-content\\\/uploads\\\/2026\\\/02\\\/seramik2-1.png\",\"width\":794,\"height\":1064},{\"@type\":\"BreadcrumbList\",\"@id\":\"https:\\\/\\\/www.powermixxx.com.tr\\\/?page_id=247#breadcrumb\",\"itemListElement\":[{\"@type\":\"ListItem\",\"position\":1,\"name\":\"Anasayfa\",\"item\":\"https:\\\/\\\/www.powermixxx.com.tr\\\/\"},{\"@type\":\"ListItem\",\"position\":2,\"name\":\"Fayans Ve Seramik Yap\u0131\u015ft\u0131rma Harc\u0131\"}]},{\"@type\":\"WebSite\",\"@id\":\"https:\\\/\\\/www.powermixxx.com.tr\\\/#website\",\"url\":\"https:\\\/\\\/www.powermixxx.com.tr\\\/\",\"name\":\"POWERMIXXX\",\"description\":\"POWERMIXXX\",\"publisher\":{\"@id\":\"https:\\\/\\\/www.powermixxx.com.tr\\\/#organization\"},\"potentialAction\":[{\"@type\":\"SearchAction\",\"target\":{\"@type\":\"EntryPoint\",\"urlTemplate\":\"https:\\\/\\\/www.powermixxx.com.tr\\\/?s={search_term_string}\"},\"query-input\":{\"@type\":\"PropertyValueSpecification\",\"valueRequired\":true,\"valueName\":\"search_term_string\"}}],\"inLanguage\":\"tr\"},{\"@type\":\"Organization\",\"@id\":\"https:\\\/\\\/www.powermixxx.com.tr\\\/#organization\",\"name\":\"POWERMIXXX\",\"url\":\"https:\\\/\\\/www.powermixxx.com.tr\\\/\",\"logo\":{\"@type\":\"ImageObject\",\"inLanguage\":\"tr\",\"@id\":\"https:\\\/\\\/www.powermixxx.com.tr\\\/#\\\/schema\\\/logo\\\/image\\\/\",\"url\":\"https:\\\/\\\/www.powermixxx.com.tr\\\/wp-content\\\/uploads\\\/2026\\\/02\\\/cropped-powermix.png\",\"contentUrl\":\"https:\\\/\\\/www.powermixxx.com.tr\\\/wp-content\\\/uploads\\\/2026\\\/02\\\/cropped-powermix.png\",\"width\":1660,\"height\":285,\"caption\":\"POWERMIXXX\"},\"image\":{\"@id\":\"https:\\\/\\\/www.powermixxx.com.tr\\\/#\\\/schema\\\/logo\\\/image\\\/\"}}]}<\/script>\n<!-- \/ Yoast SEO plugin. -->","yoast_head_json":{"title":"Fayans Ve Seramik Yap\u0131\u015ft\u0131rma Harc\u0131 - POWERMIXXX","robots":{"index":"index","follow":"follow","max-snippet":"max-snippet:-1","max-image-preview":"max-image-preview:large","max-video-preview":"max-video-preview:-1"},"canonical":"https:\/\/www.powermixxx.com.tr\/?page_id=247","og_locale":"tr_TR","og_type":"article","og_title":"Fayans Ve Seramik Yap\u0131\u015ft\u0131rma Harc\u0131 - POWERMIXXX","og_description":"Kayma \u00f6zelli\u011fi azalt\u0131lm\u0131\u015f, uzun \u00e7al\u0131\u015fma s\u00fcresine sahip, \u00e7imento esasl\u0131 seramik yap\u0131\u015ft\u0131rma harc\u0131d\u0131r. Kullan\u0131m Alanlar\u0131 \u00d6zellikler","og_url":"https:\/\/www.powermixxx.com.tr\/?page_id=247","og_site_name":"POWERMIXXX","article_modified_time":"2026-02-18T20:44:21+00:00","og_image":[{"width":794,"height":1064,"url":"https:\/\/www.powermixxx.com.tr\/wp-content\/uploads\/2026\/02\/seramik2-1.png","type":"image\/png"}],"twitter_card":"summary_large_image","twitter_misc":{"Tahmini okuma s\u00fcresi":"2 dakika"},"schema":{"@context":"https:\/\/schema.org","@graph":[{"@type":"WebPage","@id":"https:\/\/www.powermixxx.com.tr\/?page_id=247","url":"https:\/\/www.powermixxx.com.tr\/?page_id=247","name":"Fayans Ve Seramik Yap\u0131\u015ft\u0131rma Harc\u0131 - POWERMIXXX","isPartOf":{"@id":"https:\/\/www.powermixxx.com.tr\/#website"},"primaryImageOfPage":{"@id":"https:\/\/www.powermixxx.com.tr\/?page_id=247#primaryimage"},"image":{"@id":"https:\/\/www.powermixxx.com.tr\/?page_id=247#primaryimage"},"thumbnailUrl":"http:\/\/www.powermixxx.com.tr\/wp-content\/uploads\/2026\/02\/seramik2-1-764x1024.png","datePublished":"2026-02-02T21:25:22+00:00","dateModified":"2026-02-18T20:44:21+00:00","breadcrumb":{"@id":"https:\/\/www.powermixxx.com.tr\/?page_id=247#breadcrumb"},"inLanguage":"tr","potentialAction":[{"@type":"ReadAction","target":["https:\/\/www.powermixxx.com.tr\/?page_id=247"]}]},{"@type":"ImageObject","inLanguage":"tr","@id":"https:\/\/www.powermixxx.com.tr\/?page_id=247#primaryimage","url":"https:\/\/www.powermixxx.com.tr\/wp-content\/uploads\/2026\/02\/seramik2-1.png","contentUrl":"https:\/\/www.powermixxx.com.tr\/wp-content\/uploads\/2026\/02\/seramik2-1.png","width":794,"height":1064},{"@type":"BreadcrumbList","@id":"https:\/\/www.powermixxx.com.tr\/?page_id=247#breadcrumb","itemListElement":[{"@type":"ListItem","position":1,"name":"Anasayfa","item":"https:\/\/www.powermixxx.com.tr\/"},{"@type":"ListItem","position":2,"name":"Fayans Ve Seramik Yap\u0131\u015ft\u0131rma Harc\u0131"}]},{"@type":"WebSite","@id":"https:\/\/www.powermixxx.com.tr\/#website","url":"https:\/\/www.powermixxx.com.tr\/","name":"POWERMIXXX","description":"POWERMIXXX","publisher":{"@id":"https:\/\/www.powermixxx.com.tr\/#organization"},"potentialAction":[{"@type":"SearchAction","target":{"@type":"EntryPoint","urlTemplate":"https:\/\/www.powermixxx.com.tr\/?s={search_term_string}"},"query-input":{"@type":"PropertyValueSpecification","valueRequired":true,"valueName":"search_term_string"}}],"inLanguage":"tr"},{"@type":"Organization","@id":"https:\/\/www.powermixxx.com.tr\/#organization","name":"POWERMIXXX","url":"https:\/\/www.powermixxx.com.tr\/","logo":{"@type":"ImageObject","inLanguage":"tr","@id":"https:\/\/www.powermixxx.com.tr\/#\/schema\/logo\/image\/","url":"https:\/\/www.powermixxx.com.tr\/wp-content\/uploads\/2026\/02\/cropped-powermix.png","contentUrl":"https:\/\/www.powermixxx.com.tr\/wp-content\/uploads\/2026\/02\/cropped-powermix.png","width":1660,"height":285,"caption":"POWERMIXXX"},"image":{"@id":"https:\/\/www.powermixxx.com.tr\/#\/schema\/logo\/image\/"}}]}},"_links":{"self":[{"href":"https:\/\/www.powermixxx.com.tr\/index.php?rest_route=\/wp\/v2\/pages\/247","targetHints":{"allow":["GET"]}}],"collection":[{"href":"https:\/\/www.powermixxx.com.tr\/index.php?rest_route=\/wp\/v2\/pages"}],"about":[{"href":"https:\/\/www.powermixxx.com.tr\/index.php?rest_route=\/wp\/v2\/types\/page"}],"author":[{"embeddable":true,"href":"https:\/\/www.powermixxx.com.tr\/index.php?rest_route=\/wp\/v2\/users\/1"}],"replies":[{"embeddable":true,"href":"https:\/\/www.powermixxx.com.tr\/index.php?rest_route=%2Fwp%2Fv2%2Fcomments&post=247"}],"version-history":[{"count":6,"href":"https:\/\/www.powermixxx.com.tr\/index.php?rest_route=\/wp\/v2\/pages\/247\/revisions"}],"predecessor-version":[{"id":677,"href":"https:\/\/www.powermixxx.com.tr\/index.php?rest_route=\/wp\/v2\/pages\/247\/revisions\/677"}],"wp:attachment":[{"href":"https:\/\/www.powermixxx.com.tr\/index.php?rest_route=%2Fwp%2Fv2%2Fmedia&parent=247"}],"curies":[{"name":"wp","href":"https:\/\/api.w.org\/{rel}","templated":true}]}}